{"id":73919,"date":"2024-10-21T13:00:18","date_gmt":"2024-10-21T13:00:18","guid":{"rendered":"https:\/\/www.boccard.com\/contacto\/"},"modified":"2024-11-06T13:26:14","modified_gmt":"2024-11-06T13:26:14","slug":"contacto","status":"publish","type":"page","link":"https:\/\/www.boccard.com\/pt-pt\/contacto\/","title":{"rendered":"Contacto"},"content":{"rendered":"\t\t<div data-elementor-type=\"wp-page\" data-elementor-id=\"73919\" class=\"elementor elementor-73919 elementor-73280\" data-elementor-post-type=\"page\">\n\t\t\t\t<div class=\"elementor-element elementor-element-608dba4 e-flex e-con-boxed e-con e-parent\" data-id=\"608dba4\" data-element_type=\"container\" data-e-type=\"container\" data-settings=\"{&quot;background_background&quot;:&quot;classic&quot;}\">\n\t\t\t\t\t<div class=\"e-con-inner\">\n\t\t\t\t<div class=\"elementor-element elementor-element-d142a94 elementor-widget elementor-widget-breadcrumbs\" data-id=\"d142a94\" data-element_type=\"widget\" data-e-type=\"widget\" data-widget_type=\"breadcrumbs.default\">\n\t\t\t\t<div class=\"elementor-widget-container\">\n\t\t\t\t\t<p id=\"breadcrumbs\"><span><span><a href=\"https:\/\/www.boccard.com\/pt-pt\/\">Accueil<\/a><\/span><\/span><\/p>\t\t\t\t<\/div>\n\t\t\t\t<\/div>\n\t\t\t\t\t<\/div>\n\t\t\t\t<\/div>\n\t\t<div class=\"elementor-element elementor-element-70d23ac0 e-flex e-con-boxed e-con e-parent\" data-id=\"70d23ac0\" data-element_type=\"container\" data-e-type=\"container\" data-settings=\"{&quot;background_background&quot;:&quot;classic&quot;}\">\n\t\t\t\t\t<div class=\"e-con-inner\">\n\t\t\t\t<div class=\"elementor-element elementor-element-70841ec elementor-widget__width-initial elementor-widget-tablet__width-inherit elementor-widget elementor-widget-shortcode\" data-id=\"70841ec\" data-element_type=\"widget\" data-e-type=\"widget\" data-widget_type=\"shortcode.default\">\n\t\t\t\t<div class=\"elementor-widget-container\">\n\t\t\t\t\t\t\t<div class=\"elementor-shortcode\">\n<div class=\"wpcf7 no-js\" id=\"wpcf7-f73931-o1\" lang=\"pt-PT\" dir=\"ltr\" data-wpcf7-id=\"73931\">\n<div class=\"screen-reader-response\"><p role=\"status\" aria-live=\"polite\" aria-atomic=\"true\"><\/p> <ul><\/ul><\/div>\n<form action=\"\/pt-pt\/wp-json\/wp\/v2\/pages\/73919#wpcf7-f73931-o1\" method=\"post\" class=\"wpcf7-form init\" aria-label=\"Formul\u00e1rio de contacto\" enctype=\"multipart\/form-data\" novalidate=\"novalidate\" data-status=\"init\">\n<fieldset class=\"hidden-fields-container\"><input type=\"hidden\" name=\"_wpcf7\" value=\"73931\" \/><input type=\"hidden\" name=\"_wpcf7_version\" value=\"6.1.5\" \/><input type=\"hidden\" name=\"_wpcf7_locale\" value=\"pt_PT\" \/><input type=\"hidden\" name=\"_wpcf7_unit_tag\" value=\"wpcf7-f73931-o1\" \/><input type=\"hidden\" name=\"_wpcf7_container_post\" value=\"0\" \/><input type=\"hidden\" name=\"_wpcf7_posted_data_hash\" value=\"\" \/><input type=\"hidden\" name=\"_wpcf7_recaptcha_response\" value=\"\" \/>\n<\/fieldset>\n<div class=\"new-contact-form\">\n\t<div class=\"one-column-form\">\n\t\t<p><label>Nome<\/label><br \/>\n<span class=\"wpcf7-form-control-wrap\" data-name=\"lastname\"><input size=\"40\" maxlength=\"400\" class=\"wpcf7-form-control wpcf7-text wpcf7-validates-as-required\" autocomplete=\"name\" aria-required=\"true\" aria-invalid=\"false\" value=\"\" type=\"text\" name=\"lastname\" \/><\/span>\n\t\t<\/p>\n\t<\/div>\n\t<div class=\"one-column-form\">\n\t\t<p><label>Nome pr\u00f3prio<\/label><br \/>\n<span class=\"wpcf7-form-control-wrap\" data-name=\"firstname\"><input size=\"40\" maxlength=\"400\" class=\"wpcf7-form-control wpcf7-text wpcf7-validates-as-required\" autocomplete=\"name\" aria-required=\"true\" aria-invalid=\"false\" value=\"\" type=\"text\" name=\"firstname\" \/><\/span>\n\t\t<\/p>\n\t\t<div class=\"one-column-form\">\n\t\t\t<div>\n\t\t\t\t<p><label>Correio eletr\u00f3nico<\/label><br \/>\n<span class=\"wpcf7-form-control-wrap\" data-name=\"your-email\"><input size=\"40\" maxlength=\"400\" class=\"wpcf7-form-control wpcf7-email wpcf7-validates-as-required wpcf7-text wpcf7-validates-as-email\" autocomplete=\"email\" aria-required=\"true\" aria-invalid=\"false\" value=\"\" type=\"email\" name=\"your-email\" \/><\/span>\n\t\t\t\t<\/p>\n\t\t\t<\/div>\n\t\t<\/div>\n\t\t<div class=\"two-column-form\">\n\t\t\t<div>\n\t\t\t\t<p><label>Empresa<\/label><br \/>\n<span class=\"wpcf7-form-control-wrap\" data-name=\"societe\"><input size=\"40\" maxlength=\"400\" class=\"wpcf7-form-control wpcf7-text wpcf7-validates-as-required\" aria-required=\"true\" aria-invalid=\"false\" value=\"\" type=\"text\" name=\"societe\" \/><\/span>\n\t\t\t\t<\/p>\n\t\t\t<\/div>\n\t\t\t<div>\n\t\t\t\t<p><label>Telefone<\/label><br \/>\n<span class=\"wpcf7-form-control-wrap\" data-name=\"tel-653\"><input size=\"40\" maxlength=\"400\" class=\"wpcf7-form-control wpcf7-tel wpcf7-validates-as-required wpcf7-text wpcf7-validates-as-tel\" aria-required=\"true\" aria-invalid=\"false\" value=\"\" type=\"tel\" name=\"tel-653\" \/><\/span>\n\t\t\t\t<\/p>\n\t\t\t<\/div>\n\t\t<\/div>\n\t\t<div class=\"one-column-form\">\n\t\t\t<p><label>Mercado<\/label><br \/>\n<span class=\"wpcf7-form-control-wrap\" data-name=\"enquiry-type\"><select class=\"wpcf7-form-control wpcf7-select wpcf7-validates-as-required\" aria-required=\"true\" aria-invalid=\"false\" name=\"enquiry-type\"><option value=\"ALIMENTA\u00c7\u00c3O E NUTRI\u00c7\u00c3O\">ALIMENTA\u00c7\u00c3O E NUTRI\u00c7\u00c3O<\/option><option value=\"CERVEJARIA E DESTILARIA\">CERVEJARIA E DESTILARIA<\/option><option value=\"COSM\u00c9TICA E HIGIENE\">COSM\u00c9TICA E HIGIENE<\/option><option value=\"FARM\u00c1CIA E BIOTECNOLOGIA\">FARM\u00c1CIA E BIOTECNOLOGIA<\/option><option value=\"NUCLEAR\">NUCLEAR<\/option><option value=\"ENERGIAS AVAN\u00c7ADAS\">ENERGIAS AVAN\u00c7ADAS<\/option><option value=\"PETR\u00d3LEO E G\u00c1S\">PETR\u00d3LEO E G\u00c1S<\/option><option value=\"SIDERURGIA E MINERA\u00c7\u00c3O\">SIDERURGIA E MINERA\u00c7\u00c3O<\/option><option value=\"CORPORATIVO\">CORPORATIVO<\/option><\/select><\/span><br \/>\n\t\t\t<input class=\"wpcf7-form-control wpcf7-hidden\" value=\"\" type=\"hidden\" name=\"enquiry-label\" \/>\n\t\t\t<\/p>\n\t\t<\/div>\n\t\t<div class=\"one-column-form\">\n\t\t\t<p><label>Mensagem<\/label><br \/>\n<span class=\"wpcf7-form-control-wrap\" data-name=\"your-message\"><textarea cols=\"40\" rows=\"10\" maxlength=\"2000\" class=\"wpcf7-form-control wpcf7-textarea wpcf7-validates-as-required\" aria-required=\"true\" aria-invalid=\"false\" name=\"your-message\"><\/textarea><\/span>\n\t\t\t<\/p>\n\t\t<\/div>\n\t\t<div class=\"one-column-form\">\n\t\t\t<p><label>Anexos<\/label><br \/>\n<span class=\"wpcf7-form-control-wrap\" data-name=\"file-103\"><input size=\"40\" class=\"wpcf7-form-control wpcf7-file\" accept=\".jpg,.jpeg,.png,.gif,.pdf,.doc,.docx,.ppt,.pptx,.odt,.avi,.ogg,.m4a,.mov,.mp3,.mp4,.mpg,.wav,.wmv,.ai,.eps,.tif\" aria-invalid=\"false\" type=\"file\" name=\"file-103\" \/><\/span>\n\t\t\t<\/p>\n\t\t<\/div>\n\t\t<p><span class=\"wpcf7-form-control-wrap\" data-name=\"checkbox-110\"><span class=\"wpcf7-form-control wpcf7-checkbox\"><span class=\"wpcf7-list-item first last\"><label><input type=\"checkbox\" name=\"checkbox-110[]\" value=\"Aceito receber informa\u00e7\u00f5es da Boccard\" \/><span class=\"wpcf7-list-item-label\">Aceito receber informa\u00e7\u00f5es da Boccard<\/span><\/label><\/span><\/span><\/span>\n\t\t<\/p>\n\t\t<p><span class=\"wpcf7-form-control-wrap\" data-name=\"checkbox-115\"><span class=\"wpcf7-form-control wpcf7-checkbox wpcf7-validates-as-required\"><span class=\"wpcf7-list-item first last\"><label><input type=\"checkbox\" name=\"checkbox-115[]\" value=\"Ao assinalar esta caixa, concorda com a nossa pol\u00edtica de privacidade e prote\u00e7\u00e3o de dados.\" \/><span class=\"wpcf7-list-item-label\">Ao assinalar esta caixa, concorda com a nossa pol\u00edtica de privacidade e prote\u00e7\u00e3o de dados.<\/span><\/label><\/span><\/span><\/span>\n\t\t<\/p>\n\t\t<p><input class=\"wpcf7-form-control wpcf7-submit has-spinner\" type=\"submit\" value=\"Enviar\" \/>\n\t\t<\/p>\n\t<\/div>\n<\/div><div class=\"wpcf7-response-output\" aria-hidden=\"true\"><\/div>\n<\/form>\n<\/div>\n\n\n<\/div>\n\t\t\t\t\t\t<\/div>\n\t\t\t\t<\/div>\n\t\t<div class=\"elementor-element elementor-element-5676672 e-con-full e-flex e-con e-child\" data-id=\"5676672\" data-element_type=\"container\" data-e-type=\"container\">\n\t\t\t\t<div class=\"elementor-element elementor-element-51eff85 elementor-widget elementor-widget-heading\" data-id=\"51eff85\" data-element_type=\"widget\" data-e-type=\"widget\" data-widget_type=\"heading.default\">\n\t\t\t\t<div class=\"elementor-widget-container\">\n\t\t\t\t\t<h1 class=\"elementor-heading-title elementor-size-default\">Contacte-nos<\/h1>\t\t\t\t<\/div>\n\t\t\t\t<\/div>\n\t\t\t\t<div class=\"elementor-element elementor-element-c47d020 elementor-widget elementor-widget-text-editor\" data-id=\"c47d020\" data-element_type=\"widget\" data-e-type=\"widget\" data-widget_type=\"text-editor.default\">\n\t\t\t\t<div class=\"elementor-widget-container\">\n\t\t\t\t\t\t\t\t\t<p>Teremos todo o gosto em responder a quaisquer quest\u00f5es que possa ter sobre os nossos mercados, solu\u00e7\u00f5es ou servi\u00e7os.<\/p>\n<p>Para nos ajudar a dar-lhe uma melhor resposta, especifique as suas necessidades: or\u00e7amento, projeto, servi\u00e7os, pedido de contacto ou outro.<\/p>\n\t\t\t\t\t\t\t\t<\/div>\n\t\t\t\t<\/div>\n\t\t\t\t<\/div>\n\t\t\t\t\t<\/div>\n\t\t\t\t<\/div>\n\t\t\t\t<\/div>\n\t\t","protected":false},"excerpt":{"rendered":"<p>Contacte-nos Teremos todo o gosto em responder a quaisquer quest\u00f5es que possa ter sobre os nossos mercados, solu\u00e7\u00f5es ou servi\u00e7os. Para nos ajudar a dar-lhe uma melhor resposta, especifique as suas necessidades: or\u00e7amento, projeto, servi\u00e7os, pedido de contacto ou outro.<\/p>\n","protected":false},"author":3,"featured_media":0,"parent":0,"menu_order":0,"comment_status":"closed","ping_status":"closed","template":"","meta":{"footnotes":""},"class_list":["post-73919","page","type-page","status-publish","hentry"],"yoast_head":"<!-- This site is optimized with the Yoast SEO plugin v27.3 - https:\/\/yoast.com\/product\/yoast-seo-wordpress\/ -->\n<title>Contacto - Boccard<\/title>\n<meta name=\"robots\" content=\"index, follow, max-snippet:-1, max-image-preview:large, max-video-preview:-1\" \/>\n<link rel=\"canonical\" href=\"https:\/\/www.boccard.com\/pt-pt\/contacto\/\" \/>\n<meta property=\"og:locale\" content=\"pt_PT\" \/>\n<meta property=\"og:type\" content=\"article\" \/>\n<meta property=\"og:title\" content=\"Contacto - Boccard\" \/>\n<meta property=\"og:description\" content=\"Contacte-nos Teremos todo o gosto em responder a quaisquer quest\u00f5es que possa ter sobre os nossos mercados, solu\u00e7\u00f5es ou servi\u00e7os. Para nos ajudar a dar-lhe uma melhor resposta, especifique as suas necessidades: or\u00e7amento, projeto, servi\u00e7os, pedido de contacto ou outro.\" \/>\n<meta property=\"og:url\" content=\"https:\/\/www.boccard.com\/pt-pt\/contacto\/\" \/>\n<meta property=\"og:site_name\" content=\"Boccard\" \/>\n<meta property=\"article:modified_time\" content=\"2024-11-06T13:26:14+00:00\" \/>\n<meta name=\"twitter:card\" content=\"summary_large_image\" \/>\n<script type=\"application\/ld+json\" class=\"yoast-schema-graph\">{\"@context\":\"https:\\\/\\\/schema.org\",\"@graph\":[{\"@type\":\"WebPage\",\"@id\":\"https:\\\/\\\/www.boccard.com\\\/pt-pt\\\/contacto\\\/\",\"url\":\"https:\\\/\\\/www.boccard.com\\\/pt-pt\\\/contacto\\\/\",\"name\":\"Contacto - Boccard\",\"isPartOf\":{\"@id\":\"https:\\\/\\\/www.boccard.com\\\/pt-pt\\\/#website\"},\"datePublished\":\"2024-10-21T13:00:18+00:00\",\"dateModified\":\"2024-11-06T13:26:14+00:00\",\"breadcrumb\":{\"@id\":\"https:\\\/\\\/www.boccard.com\\\/pt-pt\\\/contacto\\\/#breadcrumb\"},\"inLanguage\":\"pt-PT\",\"potentialAction\":[{\"@type\":\"ReadAction\",\"target\":[\"https:\\\/\\\/www.boccard.com\\\/pt-pt\\\/contacto\\\/\"]}]},{\"@type\":\"BreadcrumbList\",\"@id\":\"https:\\\/\\\/www.boccard.com\\\/pt-pt\\\/contacto\\\/#breadcrumb\",\"itemListElement\":[{\"@type\":\"ListItem\",\"position\":1,\"name\":\"Accueil\",\"item\":\"https:\\\/\\\/www.boccard.com\\\/pt-pt\\\/\"},{\"@type\":\"ListItem\",\"position\":2,\"name\":\"Contacto\"}]},{\"@type\":\"WebSite\",\"@id\":\"https:\\\/\\\/www.boccard.com\\\/pt-pt\\\/#website\",\"url\":\"https:\\\/\\\/www.boccard.com\\\/pt-pt\\\/\",\"name\":\"Boccard\",\"description\":\"\",\"publisher\":{\"@id\":\"https:\\\/\\\/www.boccard.com\\\/pt-pt\\\/#organization\"},\"potentialAction\":[{\"@type\":\"SearchAction\",\"target\":{\"@type\":\"EntryPoint\",\"urlTemplate\":\"https:\\\/\\\/www.boccard.com\\\/pt-pt\\\/?s={search_term_string}\"},\"query-input\":{\"@type\":\"PropertyValueSpecification\",\"valueRequired\":true,\"valueName\":\"search_term_string\"}}],\"inLanguage\":\"pt-PT\"},{\"@type\":\"Organization\",\"@id\":\"https:\\\/\\\/www.boccard.com\\\/pt-pt\\\/#organization\",\"name\":\"Boccard\",\"url\":\"https:\\\/\\\/www.boccard.com\\\/pt-pt\\\/\",\"logo\":{\"@type\":\"ImageObject\",\"inLanguage\":\"pt-PT\",\"@id\":\"https:\\\/\\\/www.boccard.com\\\/pt-pt\\\/#\\\/schema\\\/logo\\\/image\\\/\",\"url\":\"https:\\\/\\\/www.boccard.com\\\/wp-content\\\/uploads\\\/2023\\\/08\\\/LOGO-BOCCARD-BLEU-SUR-FOND-TRANSPARENT.png\",\"contentUrl\":\"https:\\\/\\\/www.boccard.com\\\/wp-content\\\/uploads\\\/2023\\\/08\\\/LOGO-BOCCARD-BLEU-SUR-FOND-TRANSPARENT.png\",\"width\":1423,\"height\":333,\"caption\":\"Boccard\"},\"image\":{\"@id\":\"https:\\\/\\\/www.boccard.com\\\/pt-pt\\\/#\\\/schema\\\/logo\\\/image\\\/\"},\"sameAs\":[\"https:\\\/\\\/www.linkedin.com\\\/company\\\/boccard\"]}]}<\/script>\n<!-- \/ Yoast SEO plugin. -->","yoast_head_json":{"title":"Contacto - Boccard","robots":{"index":"index","follow":"follow","max-snippet":"max-snippet:-1","max-image-preview":"max-image-preview:large","max-video-preview":"max-video-preview:-1"},"canonical":"https:\/\/www.boccard.com\/pt-pt\/contacto\/","og_locale":"pt_PT","og_type":"article","og_title":"Contacto - Boccard","og_description":"Contacte-nos Teremos todo o gosto em responder a quaisquer quest\u00f5es que possa ter sobre os nossos mercados, solu\u00e7\u00f5es ou servi\u00e7os. Para nos ajudar a dar-lhe uma melhor resposta, especifique as suas necessidades: or\u00e7amento, projeto, servi\u00e7os, pedido de contacto ou outro.","og_url":"https:\/\/www.boccard.com\/pt-pt\/contacto\/","og_site_name":"Boccard","article_modified_time":"2024-11-06T13:26:14+00:00","twitter_card":"summary_large_image","schema":{"@context":"https:\/\/schema.org","@graph":[{"@type":"WebPage","@id":"https:\/\/www.boccard.com\/pt-pt\/contacto\/","url":"https:\/\/www.boccard.com\/pt-pt\/contacto\/","name":"Contacto - Boccard","isPartOf":{"@id":"https:\/\/www.boccard.com\/pt-pt\/#website"},"datePublished":"2024-10-21T13:00:18+00:00","dateModified":"2024-11-06T13:26:14+00:00","breadcrumb":{"@id":"https:\/\/www.boccard.com\/pt-pt\/contacto\/#breadcrumb"},"inLanguage":"pt-PT","potentialAction":[{"@type":"ReadAction","target":["https:\/\/www.boccard.com\/pt-pt\/contacto\/"]}]},{"@type":"BreadcrumbList","@id":"https:\/\/www.boccard.com\/pt-pt\/contacto\/#breadcrumb","itemListElement":[{"@type":"ListItem","position":1,"name":"Accueil","item":"https:\/\/www.boccard.com\/pt-pt\/"},{"@type":"ListItem","position":2,"name":"Contacto"}]},{"@type":"WebSite","@id":"https:\/\/www.boccard.com\/pt-pt\/#website","url":"https:\/\/www.boccard.com\/pt-pt\/","name":"Boccard","description":"","publisher":{"@id":"https:\/\/www.boccard.com\/pt-pt\/#organization"},"potentialAction":[{"@type":"SearchAction","target":{"@type":"EntryPoint","urlTemplate":"https:\/\/www.boccard.com\/pt-pt\/?s={search_term_string}"},"query-input":{"@type":"PropertyValueSpecification","valueRequired":true,"valueName":"search_term_string"}}],"inLanguage":"pt-PT"},{"@type":"Organization","@id":"https:\/\/www.boccard.com\/pt-pt\/#organization","name":"Boccard","url":"https:\/\/www.boccard.com\/pt-pt\/","logo":{"@type":"ImageObject","inLanguage":"pt-PT","@id":"https:\/\/www.boccard.com\/pt-pt\/#\/schema\/logo\/image\/","url":"https:\/\/www.boccard.com\/wp-content\/uploads\/2023\/08\/LOGO-BOCCARD-BLEU-SUR-FOND-TRANSPARENT.png","contentUrl":"https:\/\/www.boccard.com\/wp-content\/uploads\/2023\/08\/LOGO-BOCCARD-BLEU-SUR-FOND-TRANSPARENT.png","width":1423,"height":333,"caption":"Boccard"},"image":{"@id":"https:\/\/www.boccard.com\/pt-pt\/#\/schema\/logo\/image\/"},"sameAs":["https:\/\/www.linkedin.com\/company\/boccard"]}]}},"_links":{"self":[{"href":"https:\/\/www.boccard.com\/pt-pt\/wp-json\/wp\/v2\/pages\/73919","targetHints":{"allow":["GET"]}}],"collection":[{"href":"https:\/\/www.boccard.com\/pt-pt\/wp-json\/wp\/v2\/pages"}],"about":[{"href":"https:\/\/www.boccard.com\/pt-pt\/wp-json\/wp\/v2\/types\/page"}],"author":[{"embeddable":true,"href":"https:\/\/www.boccard.com\/pt-pt\/wp-json\/wp\/v2\/users\/3"}],"replies":[{"embeddable":true,"href":"https:\/\/www.boccard.com\/pt-pt\/wp-json\/wp\/v2\/comments?post=73919"}],"version-history":[{"count":1,"href":"https:\/\/www.boccard.com\/pt-pt\/wp-json\/wp\/v2\/pages\/73919\/revisions"}],"predecessor-version":[{"id":73921,"href":"https:\/\/www.boccard.com\/pt-pt\/wp-json\/wp\/v2\/pages\/73919\/revisions\/73921"}],"wp:attachment":[{"href":"https:\/\/www.boccard.com\/pt-pt\/wp-json\/wp\/v2\/media?parent=73919"}],"curies":[{"name":"wp","href":"https:\/\/api.w.org\/{rel}","templated":true}]}}