{"id":73916,"date":"2024-10-21T13:00:18","date_gmt":"2024-10-21T13:00:18","guid":{"rendered":"https:\/\/www.boccard.com\/kontakt-2\/"},"modified":"2026-03-13T12:29:24","modified_gmt":"2026-03-13T12:29:24","slug":"kontakt-2","status":"publish","type":"page","link":"https:\/\/www.boccard.com\/pl\/kontakt-2\/","title":{"rendered":"KONTAKT"},"content":{"rendered":"\t\t<div data-elementor-type=\"wp-page\" data-elementor-id=\"73916\" class=\"elementor elementor-73916 elementor-73278\" data-elementor-post-type=\"page\">\n\t\t\t\t<div class=\"elementor-element elementor-element-608dba4 e-flex e-con-boxed e-con e-parent\" data-id=\"608dba4\" data-element_type=\"container\" data-e-type=\"container\" data-settings=\"{&quot;background_background&quot;:&quot;classic&quot;}\">\n\t\t\t\t\t<div class=\"e-con-inner\">\n\t\t\t\t<div class=\"elementor-element elementor-element-d142a94 elementor-widget elementor-widget-breadcrumbs\" data-id=\"d142a94\" data-element_type=\"widget\" data-e-type=\"widget\" data-widget_type=\"breadcrumbs.default\">\n\t\t\t\t<div class=\"elementor-widget-container\">\n\t\t\t\t\t<p id=\"breadcrumbs\"><span><span><a href=\"https:\/\/www.boccard.com\/pl\/\">Accueil<\/a><\/span><\/span><\/p>\t\t\t\t<\/div>\n\t\t\t\t<\/div>\n\t\t\t\t\t<\/div>\n\t\t\t\t<\/div>\n\t\t<div class=\"elementor-element elementor-element-70d23ac0 e-flex e-con-boxed e-con e-parent\" data-id=\"70d23ac0\" data-element_type=\"container\" data-e-type=\"container\" data-settings=\"{&quot;background_background&quot;:&quot;classic&quot;}\">\n\t\t\t\t\t<div class=\"e-con-inner\">\n\t\t\t\t<div class=\"elementor-element elementor-element-70841ec elementor-widget__width-initial elementor-widget-tablet__width-inherit elementor-widget elementor-widget-shortcode\" data-id=\"70841ec\" data-element_type=\"widget\" data-e-type=\"widget\" data-widget_type=\"shortcode.default\">\n\t\t\t\t<div class=\"elementor-widget-container\">\n\t\t\t\t\t\t\t<div class=\"elementor-shortcode\">\n<div class=\"wpcf7 no-js\" id=\"wpcf7-f73932-o1\" lang=\"pl-PL\" dir=\"ltr\" data-wpcf7-id=\"73932\">\n<div class=\"screen-reader-response\"><p role=\"status\" aria-live=\"polite\" aria-atomic=\"true\"><\/p> <ul><\/ul><\/div>\n<form action=\"\/pl\/wp-json\/wp\/v2\/pages\/73916#wpcf7-f73932-o1\" method=\"post\" class=\"wpcf7-form init\" aria-label=\"Formularz kontaktowy\" enctype=\"multipart\/form-data\" novalidate=\"novalidate\" data-status=\"init\">\n<fieldset class=\"hidden-fields-container\"><input type=\"hidden\" name=\"_wpcf7\" value=\"73932\" \/><input type=\"hidden\" name=\"_wpcf7_version\" value=\"6.1.5\" \/><input type=\"hidden\" name=\"_wpcf7_locale\" value=\"pl_PL\" \/><input type=\"hidden\" name=\"_wpcf7_unit_tag\" value=\"wpcf7-f73932-o1\" \/><input type=\"hidden\" name=\"_wpcf7_container_post\" value=\"0\" \/><input type=\"hidden\" name=\"_wpcf7_posted_data_hash\" value=\"\" \/><input type=\"hidden\" name=\"_wpcf7_recaptcha_response\" value=\"\" \/>\n<\/fieldset>\n<div class=\"new-contact-form\">\n\t<div class=\"one-column-form\">\n\t\t<p><label>Nazwa<\/label><br \/>\n<span class=\"wpcf7-form-control-wrap\" data-name=\"lastname\"><input size=\"40\" maxlength=\"400\" class=\"wpcf7-form-control wpcf7-text wpcf7-validates-as-required\" autocomplete=\"name\" aria-required=\"true\" aria-invalid=\"false\" value=\"\" type=\"text\" name=\"lastname\" \/><\/span>\n\t\t<\/p>\n\t<\/div>\n\t<div class=\"one-column-form\">\n\t\t<p><label>Imi\u0119<\/label><br \/>\n<span class=\"wpcf7-form-control-wrap\" data-name=\"firstname\"><input size=\"40\" maxlength=\"400\" class=\"wpcf7-form-control wpcf7-text wpcf7-validates-as-required\" autocomplete=\"name\" aria-required=\"true\" aria-invalid=\"false\" value=\"\" type=\"text\" name=\"firstname\" \/><\/span>\n\t\t<\/p>\n\t\t<div class=\"one-column-form\">\n\t\t\t<div>\n\t\t\t\t<p><label>E-mail<\/label><br \/>\n<span class=\"wpcf7-form-control-wrap\" data-name=\"your-email\"><input size=\"40\" maxlength=\"400\" class=\"wpcf7-form-control wpcf7-email wpcf7-validates-as-required wpcf7-text wpcf7-validates-as-email\" autocomplete=\"email\" aria-required=\"true\" aria-invalid=\"false\" value=\"\" type=\"email\" name=\"your-email\" \/><\/span>\n\t\t\t\t<\/p>\n\t\t\t<\/div>\n\t\t<\/div>\n\t\t<div class=\"two-column-form\">\n\t\t\t<div>\n\t\t\t\t<p><label>Firma<\/label><br \/>\n<span class=\"wpcf7-form-control-wrap\" data-name=\"societe\"><input size=\"40\" maxlength=\"400\" class=\"wpcf7-form-control wpcf7-text wpcf7-validates-as-required\" aria-required=\"true\" aria-invalid=\"false\" value=\"\" type=\"text\" name=\"societe\" \/><\/span>\n\t\t\t\t<\/p>\n\t\t\t<\/div>\n\t\t\t<div>\n\t\t\t\t<p><label>Telefon<\/label><br \/>\n<span class=\"wpcf7-form-control-wrap\" data-name=\"tel-653\"><input size=\"40\" maxlength=\"400\" class=\"wpcf7-form-control wpcf7-tel wpcf7-validates-as-required wpcf7-text wpcf7-validates-as-tel\" aria-required=\"true\" aria-invalid=\"false\" value=\"\" type=\"tel\" name=\"tel-653\" \/><\/span>\n\t\t\t\t<\/p>\n\t\t\t<\/div>\n\t\t<\/div>\n\t\t<div class=\"one-column-form\">\n\t\t\t<p><label>Rynek<\/label><br \/>\n<span class=\"wpcf7-form-control-wrap\" data-name=\"enquiry-type\"><select class=\"wpcf7-form-control wpcf7-select wpcf7-validates-as-required\" aria-required=\"true\" aria-invalid=\"false\" name=\"enquiry-type\"><option value=\"\u017bYWNO\u015a\u0106 I \u017bYWIENIE\">\u017bYWNO\u015a\u0106 I \u017bYWIENIE<\/option><option value=\"PIWOWARSWO I GORZELNICTWO\">PIWOWARSWO I GORZELNICTWO<\/option><option value=\"KOSMETYKI I HIGIENA OSOBISTA\">KOSMETYKI I HIGIENA OSOBISTA<\/option><option value=\"FARMACJA I BIOTECHNOLOGIA\">FARMACJA I BIOTECHNOLOGIA<\/option><option value=\"J\u1ea0DROWA\">J\u1ea0DROWA<\/option><option value=\"ZAAWANSOWANA ENERGIA\">ZAAWANSOWANA ENERGIA<\/option><option value=\"ROPA I GAZ\">ROPA I GAZ<\/option><option value=\"STAL I G\u00d3RNICTWO\">STAL I G\u00d3RNICTWO<\/option><option value=\"KORPORACYJNE\">KORPORACYJNE<\/option><\/select><\/span><br \/>\n\t\t\t<input class=\"wpcf7-form-control wpcf7-hidden\" value=\"\" type=\"hidden\" name=\"enquiry-label\" \/>\n\t\t\t<\/p>\n\t\t<\/div>\n\t\t<div class=\"one-column-form\">\n\t\t\t<p><label>Wiadomo\u015b\u0107<\/label><br \/>\n<span class=\"wpcf7-form-control-wrap\" data-name=\"your-message\"><textarea cols=\"40\" rows=\"10\" maxlength=\"2000\" class=\"wpcf7-form-control wpcf7-textarea wpcf7-validates-as-required\" aria-required=\"true\" aria-invalid=\"false\" name=\"your-message\"><\/textarea><\/span>\n\t\t\t<\/p>\n\t\t<\/div>\n\t\t<div class=\"one-column-form\">\n\t\t\t<p><label>Za\u0142\u0105czniki<\/label><br \/>\n<span class=\"wpcf7-form-control-wrap\" data-name=\"file-103\"><input size=\"40\" class=\"wpcf7-form-control wpcf7-file\" accept=\".jpg,.jpeg,.png,.gif,.pdf,.doc,.docx,.ppt,.pptx,.odt,.avi,.ogg,.m4a,.mov,.mp3,.mp4,.mpg,.wav,.wmv,.ai,.eps,.tif\" aria-invalid=\"false\" type=\"file\" name=\"file-103\" \/><\/span>\n\t\t\t<\/p>\n\t\t<\/div>\n\t\t<p><span class=\"wpcf7-form-control-wrap\" data-name=\"checkbox-110\"><span class=\"wpcf7-form-control wpcf7-checkbox\"><span class=\"wpcf7-list-item first last\"><label><input type=\"checkbox\" name=\"checkbox-110[]\" value=\"Wyra\u017cam zgod\u0119 na otrzymywanie informacji od Boccard\" \/><span class=\"wpcf7-list-item-label\">Wyra\u017cam zgod\u0119 na otrzymywanie informacji od Boccard<\/span><\/label><\/span><\/span><\/span>\n\t\t<\/p>\n\t\t<p><span class=\"wpcf7-form-control-wrap\" data-name=\"checkbox-115\"><span class=\"wpcf7-form-control wpcf7-checkbox wpcf7-validates-as-required\"><span class=\"wpcf7-list-item first last\"><label><input type=\"checkbox\" name=\"checkbox-115[]\" value=\"Zaznaczaj\u0105c to pole, wyra\u017caj\u0105 Pa\u0144stwo zgod\u0119 na nasz\u0105 polityk\u0119 prywatno\u015bci i ochrony danych.\" \/><span class=\"wpcf7-list-item-label\">Zaznaczaj\u0105c to pole, wyra\u017caj\u0105 Pa\u0144stwo zgod\u0119 na nasz\u0105 polityk\u0119 prywatno\u015bci i ochrony danych.<\/span><\/label><\/span><\/span><\/span>\n\t\t<\/p>\n\t\t<p><input class=\"wpcf7-form-control wpcf7-submit has-spinner\" type=\"submit\" value=\"Wy\u015blij\" \/>\n\t\t<\/p>\n\t<\/div>\n<\/div><div class=\"wpcf7-response-output\" aria-hidden=\"true\"><\/div>\n<\/form>\n<\/div>\n\n\n<\/div>\n\t\t\t\t\t\t<\/div>\n\t\t\t\t<\/div>\n\t\t<div class=\"elementor-element elementor-element-5676672 e-con-full e-flex e-con e-child\" data-id=\"5676672\" data-element_type=\"container\" data-e-type=\"container\">\n\t\t\t\t<div class=\"elementor-element elementor-element-51eff85 elementor-widget elementor-widget-heading\" data-id=\"51eff85\" data-element_type=\"widget\" data-e-type=\"widget\" data-widget_type=\"heading.default\">\n\t\t\t\t<div class=\"elementor-widget-container\">\n\t\t\t\t\t<h1 class=\"elementor-heading-title elementor-size-default\">KONTAKT<\/h1>\t\t\t\t<\/div>\n\t\t\t\t<\/div>\n\t\t\t\t<div class=\"elementor-element elementor-element-c47d020 elementor-widget elementor-widget-text-editor\" data-id=\"c47d020\" data-element_type=\"widget\" data-e-type=\"widget\" data-widget_type=\"text-editor.default\">\n\t\t\t\t<div class=\"elementor-widget-container\">\n\t\t\t\t\t\t\t\t\t<p>\u00a0<\/p><p><strong>BOCCARD POLSKA sp. z o.o<\/strong><br \/>Sprz\u0119towa 3B,<br \/>10-467 Olsztyn<br \/>T :\u00a0 <a href=\"http:\/\/&lt;a href=\u201dtel:+48895335303\u2033&gt;\" data-wplink-url-error=\"true\">+48 89 533 53 03<\/a><br \/>T :\u00a0 <a href=\"http:\/\/&lt;a href=\u201dtel:+48895333924\u2033&gt;\" data-wplink-url-error=\"true\">+48 89 533 39 24<\/a><br \/><a href=\"mailto:biuro@boccard.pl\">biuro@boccard.pl<\/a><\/p><p><strong>BIURO W WARSZAWIE:<\/strong><\/p><p>Diamond Business Park Ursus,<br \/>Posag 7 Panien 1, klatka D,pi\u0119tro I<br \/>02-495 Warszawa<br \/>T : <a href=\"http:\/\/&lt;a href=\u201dtel:+48223800130\u2033&gt;\" data-wplink-url-error=\"true\">+48 22 380 01 30<\/a><\/p><p class=\"x_MsoNormal\" data-olk-copy-source=\"MessageBody\">T : <strong><a href=\"http:\/\/&lt;a href=\u201d+48 787 090 336\u2033&gt;\" data-wplink-url-error=\"true\">+48 787 090 336<\/a><\/strong><\/p><p class=\"x_MsoNormal\" aria-hidden=\"true\">\u00a0<\/p><p><strong><a href=\"https:\/\/www.boccard.com\/pl\/boccard-polska\/\">DZIA\u0141 HANDLOWY BOCCARD POLSKA<\/a><\/strong><\/p><p><strong>T :\u00a0 <\/strong><a href=\"http:\/\/&lt;a href=\u201dtel:+48895333924\u2033&gt;\" data-wplink-url-error=\"true\"><strong>+48 607 674 850<\/strong><\/a><\/p><p><a href=\"mailto:sprzedaz@boccard.pl\">sprzedaz@boccard.pl<\/a><\/p><p><strong>SERWIS:<\/strong><\/p><p><strong>T :\u00a0<\/strong>+48 501 48 64 64<\/p><p><a href=\"mailto:serwis@boccard.pl\">serwis@boccard.pl<\/a><\/p><p><strong>ZAKUPY:<\/strong><\/p><p><a href=\"mailto:zakupy@boccard.pl\">zakupy@boccard.pl<\/a><\/p>\t\t\t\t\t\t\t\t<\/div>\n\t\t\t\t<\/div>\n\t\t\t\t<\/div>\n\t\t\t\t\t<\/div>\n\t\t\t\t<\/div>\n\t\t\t\t<\/div>\n\t\t","protected":false},"excerpt":{"rendered":"<p>KONTAKT \u00a0 BOCCARD POLSKA sp. z o.oSprz\u0119towa 3B,10-467 OlsztynT :\u00a0 +48 89 533 53 03T :\u00a0 +48 89 533 39 24biuro@boccard.pl BIURO W WARSZAWIE: Diamond Business Park Ursus,Posag 7 Panien 1, klatka D,pi\u0119tro I02-495 WarszawaT : +48 22 380 01 30 T : +48 787 090 336 \u00a0 DZIA\u0141 HANDLOWY BOCCARD POLSKA T :\u00a0 +48 [&hellip;]<\/p>\n","protected":false},"author":3,"featured_media":0,"parent":0,"menu_order":0,"comment_status":"closed","ping_status":"closed","template":"","meta":{"footnotes":""},"class_list":["post-73916","page","type-page","status-publish","hentry"],"yoast_head":"<!-- This site is optimized with the Yoast SEO plugin v27.3 - https:\/\/yoast.com\/product\/yoast-seo-wordpress\/ -->\n<title>KONTAKT - Boccard<\/title>\n<meta name=\"robots\" content=\"index, follow, max-snippet:-1, max-image-preview:large, max-video-preview:-1\" \/>\n<link rel=\"canonical\" href=\"https:\/\/www.boccard.com\/pl\/kontakt-2\/\" \/>\n<meta property=\"og:locale\" content=\"pl_PL\" \/>\n<meta property=\"og:type\" content=\"article\" \/>\n<meta property=\"og:title\" content=\"KONTAKT - Boccard\" \/>\n<meta property=\"og:description\" content=\"KONTAKT \u00a0 BOCCARD POLSKA sp. z o.oSprz\u0119towa 3B,10-467 OlsztynT :\u00a0 +48 89 533 53 03T :\u00a0 +48 89 533 39 24biuro@boccard.pl BIURO W WARSZAWIE: Diamond Business Park Ursus,Posag 7 Panien 1, klatka D,pi\u0119tro I02-495 WarszawaT : +48 22 380 01 30 T : +48 787 090 336 \u00a0 DZIA\u0141 HANDLOWY BOCCARD POLSKA T :\u00a0 +48 [&hellip;]\" \/>\n<meta property=\"og:url\" content=\"https:\/\/www.boccard.com\/pl\/kontakt-2\/\" \/>\n<meta property=\"og:site_name\" content=\"Boccard\" \/>\n<meta property=\"article:modified_time\" content=\"2026-03-13T12:29:24+00:00\" \/>\n<meta name=\"twitter:card\" content=\"summary_large_image\" \/>\n<meta name=\"twitter:label1\" content=\"Szacowany czas czytania\" \/>\n\t<meta name=\"twitter:data1\" content=\"1 minuta\" \/>\n<script type=\"application\/ld+json\" class=\"yoast-schema-graph\">{\"@context\":\"https:\\\/\\\/schema.org\",\"@graph\":[{\"@type\":\"WebPage\",\"@id\":\"https:\\\/\\\/www.boccard.com\\\/pl\\\/kontakt-2\\\/\",\"url\":\"https:\\\/\\\/www.boccard.com\\\/pl\\\/kontakt-2\\\/\",\"name\":\"KONTAKT - Boccard\",\"isPartOf\":{\"@id\":\"https:\\\/\\\/www.boccard.com\\\/pl\\\/#website\"},\"datePublished\":\"2024-10-21T13:00:18+00:00\",\"dateModified\":\"2026-03-13T12:29:24+00:00\",\"breadcrumb\":{\"@id\":\"https:\\\/\\\/www.boccard.com\\\/pl\\\/kontakt-2\\\/#breadcrumb\"},\"inLanguage\":\"pl-PL\",\"potentialAction\":[{\"@type\":\"ReadAction\",\"target\":[\"https:\\\/\\\/www.boccard.com\\\/pl\\\/kontakt-2\\\/\"]}]},{\"@type\":\"BreadcrumbList\",\"@id\":\"https:\\\/\\\/www.boccard.com\\\/pl\\\/kontakt-2\\\/#breadcrumb\",\"itemListElement\":[{\"@type\":\"ListItem\",\"position\":1,\"name\":\"Accueil\",\"item\":\"https:\\\/\\\/www.boccard.com\\\/pl\\\/\"},{\"@type\":\"ListItem\",\"position\":2,\"name\":\"KONTAKT\"}]},{\"@type\":\"WebSite\",\"@id\":\"https:\\\/\\\/www.boccard.com\\\/pl\\\/#website\",\"url\":\"https:\\\/\\\/www.boccard.com\\\/pl\\\/\",\"name\":\"Boccard\",\"description\":\"\",\"publisher\":{\"@id\":\"https:\\\/\\\/www.boccard.com\\\/pl\\\/#organization\"},\"potentialAction\":[{\"@type\":\"SearchAction\",\"target\":{\"@type\":\"EntryPoint\",\"urlTemplate\":\"https:\\\/\\\/www.boccard.com\\\/pl\\\/?s={search_term_string}\"},\"query-input\":{\"@type\":\"PropertyValueSpecification\",\"valueRequired\":true,\"valueName\":\"search_term_string\"}}],\"inLanguage\":\"pl-PL\"},{\"@type\":\"Organization\",\"@id\":\"https:\\\/\\\/www.boccard.com\\\/pl\\\/#organization\",\"name\":\"Boccard\",\"url\":\"https:\\\/\\\/www.boccard.com\\\/pl\\\/\",\"logo\":{\"@type\":\"ImageObject\",\"inLanguage\":\"pl-PL\",\"@id\":\"https:\\\/\\\/www.boccard.com\\\/pl\\\/#\\\/schema\\\/logo\\\/image\\\/\",\"url\":\"https:\\\/\\\/www.boccard.com\\\/wp-content\\\/uploads\\\/2023\\\/08\\\/LOGO-BOCCARD-BLEU-SUR-FOND-TRANSPARENT.png\",\"contentUrl\":\"https:\\\/\\\/www.boccard.com\\\/wp-content\\\/uploads\\\/2023\\\/08\\\/LOGO-BOCCARD-BLEU-SUR-FOND-TRANSPARENT.png\",\"width\":1423,\"height\":333,\"caption\":\"Boccard\"},\"image\":{\"@id\":\"https:\\\/\\\/www.boccard.com\\\/pl\\\/#\\\/schema\\\/logo\\\/image\\\/\"},\"sameAs\":[\"https:\\\/\\\/www.linkedin.com\\\/company\\\/boccard\"]}]}<\/script>\n<!-- \/ Yoast SEO plugin. -->","yoast_head_json":{"title":"KONTAKT - Boccard","robots":{"index":"index","follow":"follow","max-snippet":"max-snippet:-1","max-image-preview":"max-image-preview:large","max-video-preview":"max-video-preview:-1"},"canonical":"https:\/\/www.boccard.com\/pl\/kontakt-2\/","og_locale":"pl_PL","og_type":"article","og_title":"KONTAKT - Boccard","og_description":"KONTAKT \u00a0 BOCCARD POLSKA sp. z o.oSprz\u0119towa 3B,10-467 OlsztynT :\u00a0 +48 89 533 53 03T :\u00a0 +48 89 533 39 24biuro@boccard.pl BIURO W WARSZAWIE: Diamond Business Park Ursus,Posag 7 Panien 1, klatka D,pi\u0119tro I02-495 WarszawaT : +48 22 380 01 30 T : +48 787 090 336 \u00a0 DZIA\u0141 HANDLOWY BOCCARD POLSKA T :\u00a0 +48 [&hellip;]","og_url":"https:\/\/www.boccard.com\/pl\/kontakt-2\/","og_site_name":"Boccard","article_modified_time":"2026-03-13T12:29:24+00:00","twitter_card":"summary_large_image","twitter_misc":{"Szacowany czas czytania":"1 minuta"},"schema":{"@context":"https:\/\/schema.org","@graph":[{"@type":"WebPage","@id":"https:\/\/www.boccard.com\/pl\/kontakt-2\/","url":"https:\/\/www.boccard.com\/pl\/kontakt-2\/","name":"KONTAKT - Boccard","isPartOf":{"@id":"https:\/\/www.boccard.com\/pl\/#website"},"datePublished":"2024-10-21T13:00:18+00:00","dateModified":"2026-03-13T12:29:24+00:00","breadcrumb":{"@id":"https:\/\/www.boccard.com\/pl\/kontakt-2\/#breadcrumb"},"inLanguage":"pl-PL","potentialAction":[{"@type":"ReadAction","target":["https:\/\/www.boccard.com\/pl\/kontakt-2\/"]}]},{"@type":"BreadcrumbList","@id":"https:\/\/www.boccard.com\/pl\/kontakt-2\/#breadcrumb","itemListElement":[{"@type":"ListItem","position":1,"name":"Accueil","item":"https:\/\/www.boccard.com\/pl\/"},{"@type":"ListItem","position":2,"name":"KONTAKT"}]},{"@type":"WebSite","@id":"https:\/\/www.boccard.com\/pl\/#website","url":"https:\/\/www.boccard.com\/pl\/","name":"Boccard","description":"","publisher":{"@id":"https:\/\/www.boccard.com\/pl\/#organization"},"potentialAction":[{"@type":"SearchAction","target":{"@type":"EntryPoint","urlTemplate":"https:\/\/www.boccard.com\/pl\/?s={search_term_string}"},"query-input":{"@type":"PropertyValueSpecification","valueRequired":true,"valueName":"search_term_string"}}],"inLanguage":"pl-PL"},{"@type":"Organization","@id":"https:\/\/www.boccard.com\/pl\/#organization","name":"Boccard","url":"https:\/\/www.boccard.com\/pl\/","logo":{"@type":"ImageObject","inLanguage":"pl-PL","@id":"https:\/\/www.boccard.com\/pl\/#\/schema\/logo\/image\/","url":"https:\/\/www.boccard.com\/wp-content\/uploads\/2023\/08\/LOGO-BOCCARD-BLEU-SUR-FOND-TRANSPARENT.png","contentUrl":"https:\/\/www.boccard.com\/wp-content\/uploads\/2023\/08\/LOGO-BOCCARD-BLEU-SUR-FOND-TRANSPARENT.png","width":1423,"height":333,"caption":"Boccard"},"image":{"@id":"https:\/\/www.boccard.com\/pl\/#\/schema\/logo\/image\/"},"sameAs":["https:\/\/www.linkedin.com\/company\/boccard"]}]}},"_links":{"self":[{"href":"https:\/\/www.boccard.com\/pl\/wp-json\/wp\/v2\/pages\/73916","targetHints":{"allow":["GET"]}}],"collection":[{"href":"https:\/\/www.boccard.com\/pl\/wp-json\/wp\/v2\/pages"}],"about":[{"href":"https:\/\/www.boccard.com\/pl\/wp-json\/wp\/v2\/types\/page"}],"author":[{"embeddable":true,"href":"https:\/\/www.boccard.com\/pl\/wp-json\/wp\/v2\/users\/3"}],"replies":[{"embeddable":true,"href":"https:\/\/www.boccard.com\/pl\/wp-json\/wp\/v2\/comments?post=73916"}],"version-history":[{"count":31,"href":"https:\/\/www.boccard.com\/pl\/wp-json\/wp\/v2\/pages\/73916\/revisions"}],"predecessor-version":[{"id":86478,"href":"https:\/\/www.boccard.com\/pl\/wp-json\/wp\/v2\/pages\/73916\/revisions\/86478"}],"wp:attachment":[{"href":"https:\/\/www.boccard.com\/pl\/wp-json\/wp\/v2\/media?parent=73916"}],"curies":[{"name":"wp","href":"https:\/\/api.w.org\/{rel}","templated":true}]}}