{"id":62131,"date":"2023-10-26T09:22:57","date_gmt":"2023-10-26T09:22:57","guid":{"rendered":"https:\/\/www.boccard.com\/localizacje\/boccard-na-swiecie\/"},"modified":"2025-01-23T10:49:14","modified_gmt":"2025-01-23T10:49:14","slug":"boccard-na-swiecie","status":"publish","type":"page","link":"https:\/\/www.boccard.com\/pl\/localizacje\/boccard-na-swiecie\/","title":{"rendered":"Boccard na \u015bwiecie"},"content":{"rendered":"\t\t<div data-elementor-type=\"wp-page\" data-elementor-id=\"62131\" class=\"elementor elementor-62131\" data-elementor-post-type=\"page\">\n\t\t\t\t\t\t<section class=\"elementor-section elementor-top-section elementor-element elementor-element-40650ce0 elementor-section-full_width elementor-reverse-mobile elementor-section-height-default elementor-section-height-default\" data-id=\"40650ce0\" data-element_type=\"section\" data-e-type=\"section\" id=\"top\">\n\t\t\t\t\t\t<div class=\"elementor-container elementor-column-gap-no\">\n\t\t\t\t\t<div class=\"elementor-column elementor-col-100 elementor-top-column elementor-element elementor-element-37620fb\" data-id=\"37620fb\" data-element_type=\"column\" data-e-type=\"column\">\n\t\t\t<div class=\"elementor-widget-wrap\">\n\t\t\t\t\t\t\t<\/div>\n\t\t<\/div>\n\t\t\t\t\t<\/div>\n\t\t<\/section>\n\t\t\t\t<section class=\"elementor-section elementor-top-section elementor-element elementor-element-591669e elementor-section-boxed elementor-section-height-default elementor-section-height-default\" data-id=\"591669e\" data-element_type=\"section\" data-e-type=\"section\">\n\t\t\t\t\t\t<div class=\"elementor-container elementor-column-gap-default\">\n\t\t\t\t\t<div class=\"elementor-column elementor-col-100 elementor-top-column elementor-element elementor-element-fe17fdc\" data-id=\"fe17fdc\" data-element_type=\"column\" data-e-type=\"column\">\n\t\t\t<div class=\"elementor-widget-wrap elementor-element-populated\">\n\t\t\t\t\t\t<div class=\"elementor-element elementor-element-94ca2a6 barre elementor-widget elementor-widget-heading\" data-id=\"94ca2a6\" data-element_type=\"widget\" data-e-type=\"widget\" data-widget_type=\"heading.default\">\n\t\t\t\t<div class=\"elementor-widget-container\">\n\t\t\t\t\t<h3 class=\"elementor-heading-title elementor-size-default\">Odkryj nasz\u0105 globaln\u0105 obecno\u015b\u0107<\/h3>\t\t\t\t<\/div>\n\t\t\t\t<\/div>\n\t\t\t\t<div class=\"elementor-element elementor-element-4d68464 elementor-widget elementor-widget-shortcode\" data-id=\"4d68464\" data-element_type=\"widget\" data-e-type=\"widget\" data-widget_type=\"shortcode.default\">\n\t\t\t\t<div class=\"elementor-widget-container\">\n\t\t\t\t\t\t\t<div class=\"elementor-shortcode\"><iframe src=\"https:\/\/www.google.com\/maps\/d\/embed?mid=1UbPxCz69m8kZIIXRBVzpDXcpLY13WJfn&amp;ehbc=2E312F\" width=\"640\" height=\"480\"><\/iframe><\/div>\n\t\t\t\t\t\t<\/div>\n\t\t\t\t<\/div>\n\t\t\t\t\t<\/div>\n\t\t<\/div>\n\t\t\t\t\t<\/div>\n\t\t<\/section>\n\t\t\t\t<section class=\"elementor-section elementor-top-section elementor-element elementor-element-688ee5b1 elementor-section-content-middle elementor-section-boxed elementor-section-height-default elementor-section-height-default\" data-id=\"688ee5b1\" data-element_type=\"section\" data-e-type=\"section\" data-settings=\"{&quot;background_background&quot;:&quot;classic&quot;}\">\n\t\t\t\t\t\t<div class=\"elementor-container elementor-column-gap-default\">\n\t\t\t\t\t<div class=\"elementor-column elementor-col-50 elementor-top-column elementor-element elementor-element-2cd2919d\" data-id=\"2cd2919d\" data-element_type=\"column\" data-e-type=\"column\">\n\t\t\t<div class=\"elementor-widget-wrap elementor-element-populated\">\n\t\t\t\t\t\t<div class=\"elementor-element elementor-element-182d7719 elementor-widget elementor-widget-heading\" data-id=\"182d7719\" data-element_type=\"widget\" data-e-type=\"widget\" data-widget_type=\"heading.default\">\n\t\t\t\t<div class=\"elementor-widget-container\">\n\t\t\t\t\t<h2 class=\"elementor-heading-title elementor-size-default\">Planujesz projekt?<\/h2>\t\t\t\t<\/div>\n\t\t\t\t<\/div>\n\t\t\t\t\t<\/div>\n\t\t<\/div>\n\t\t\t\t<div class=\"elementor-column elementor-col-50 elementor-top-column elementor-element elementor-element-2b41999c\" data-id=\"2b41999c\" data-element_type=\"column\" data-e-type=\"column\">\n\t\t\t<div class=\"elementor-widget-wrap elementor-element-populated\">\n\t\t\t\t\t\t<div class=\"elementor-element elementor-element-5b1bb998 elementor-align-right elementor-mobile-align-center elementor-widget elementor-widget-button\" data-id=\"5b1bb998\" data-element_type=\"widget\" data-e-type=\"widget\" data-widget_type=\"button.default\">\n\t\t\t\t<div class=\"elementor-widget-container\">\n\t\t\t\t\t\t\t\t\t<div class=\"elementor-button-wrapper\">\n\t\t\t\t\t<a class=\"elementor-button elementor-button-link elementor-size-sm\" href=\"https:\/\/www.boccard.com\/pl\/kontakt-2\/\">\n\t\t\t\t\t\t<span class=\"elementor-button-content-wrapper\">\n\t\t\t\t\t\t\t\t\t<span class=\"elementor-button-text\">Zapraszamy do kontaktu<\/span>\n\t\t\t\t\t<\/span>\n\t\t\t\t\t<\/a>\n\t\t\t\t<\/div>\n\t\t\t\t\t\t\t\t<\/div>\n\t\t\t\t<\/div>\n\t\t\t\t\t<\/div>\n\t\t<\/div>\n\t\t\t\t\t<\/div>\n\t\t<\/section>\n\t\t\t\t<section class=\"elementor-section elementor-top-section elementor-element elementor-element-65e756f8 elementor-section-boxed elementor-section-height-default elementor-section-height-default\" data-id=\"65e756f8\" data-element_type=\"section\" data-e-type=\"section\" data-settings=\"{&quot;background_background&quot;:&quot;classic&quot;}\">\n\t\t\t\t\t\t<div class=\"elementor-container elementor-column-gap-default\">\n\t\t\t\t\t<div class=\"elementor-column elementor-col-50 elementor-top-column elementor-element elementor-element-44ca49f\" data-id=\"44ca49f\" data-element_type=\"column\" data-e-type=\"column\">\n\t\t\t<div class=\"elementor-widget-wrap elementor-element-populated\">\n\t\t\t\t\t\t<div class=\"elementor-element elementor-element-4cb3cff5 clair elementor-widget elementor-widget-heading\" data-id=\"4cb3cff5\" data-element_type=\"widget\" data-e-type=\"widget\" data-widget_type=\"heading.default\">\n\t\t\t\t<div class=\"elementor-widget-container\">\n\t\t\t\t\t<h2 class=\"elementor-heading-title elementor-size-default\"><span class=\"lite\">Nasi Klienci<\/span><br><span class=\"normal\">Zaufali<\/span> nam<\/h2>\t\t\t\t<\/div>\n\t\t\t\t<\/div>\n\t\t\t\t\t<\/div>\n\t\t<\/div>\n\t\t\t\t<div class=\"elementor-column elementor-col-50 elementor-top-column elementor-element elementor-element-22c57a05 elementor-hidden-tablet elementor-hidden-mobile\" data-id=\"22c57a05\" data-element_type=\"column\" data-e-type=\"column\">\n\t\t\t<div class=\"elementor-widget-wrap\">\n\t\t\t\t\t\t\t<\/div>\n\t\t<\/div>\n\t\t\t\t\t<\/div>\n\t\t<\/section>\n\t\t\t\t<section class=\"elementor-section elementor-top-section elementor-element elementor-element-13c355a8 elementor-section-boxed elementor-section-height-default elementor-section-height-default\" data-id=\"13c355a8\" data-element_type=\"section\" data-e-type=\"section\">\n\t\t\t\t\t\t<div class=\"elementor-container elementor-column-gap-default\">\n\t\t\t\t\t<div class=\"elementor-column elementor-col-100 elementor-top-column elementor-element elementor-element-599ef905\" data-id=\"599ef905\" data-element_type=\"column\" data-e-type=\"column\">\n\t\t\t<div class=\"elementor-widget-wrap elementor-element-populated\">\n\t\t\t\t\t\t<div class=\"elementor-element elementor-element-a062e76 clients elementor-widget elementor-widget-image-carousel\" data-id=\"a062e76\" data-element_type=\"widget\" data-e-type=\"widget\" data-settings=\"{&quot;slides_to_show&quot;:&quot;5&quot;,&quot;navigation&quot;:&quot;none&quot;,&quot;image_spacing_custom&quot;:{&quot;unit&quot;:&quot;px&quot;,&quot;size&quot;:100,&quot;sizes&quot;:[]},&quot;slides_to_show_tablet&quot;:&quot;4&quot;,&quot;slides_to_show_mobile&quot;:&quot;2&quot;,&quot;autoplay&quot;:&quot;yes&quot;,&quot;pause_on_hover&quot;:&quot;yes&quot;,&quot;pause_on_interaction&quot;:&quot;yes&quot;,&quot;autoplay_speed&quot;:5000,&quot;infinite&quot;:&quot;yes&quot;,&quot;speed&quot;:500,&quot;image_spacing_custom_tablet&quot;:{&quot;unit&quot;:&quot;px&quot;,&quot;size&quot;:&quot;&quot;,&quot;sizes&quot;:[]},&quot;image_spacing_custom_mobile&quot;:{&quot;unit&quot;:&quot;px&quot;,&quot;size&quot;:&quot;&quot;,&quot;sizes&quot;:[]}}\" data-widget_type=\"image-carousel.default\">\n\t\t\t\t<div class=\"elementor-widget-container\">\n\t\t\t\t\t\t\t<div class=\"elementor-image-carousel-wrapper swiper\" role=\"region\" aria-roledescription=\"carousel\" aria-label=\"Image Carousel\" dir=\"ltr\">\n\t\t\t<div class=\"elementor-image-carousel swiper-wrapper\" aria-live=\"off\">\n\t\t\t\t\t\t\t\t<div class=\"swiper-slide\" role=\"group\" aria-roledescription=\"slide\" aria-label=\"1 z 10\"><figure class=\"swiper-slide-inner\"><img decoding=\"async\" class=\"swiper-slide-image\" src=\"https:\/\/www.boccard.com\/wp-content\/uploads\/2023\/08\/Logo_LOre\u2560ual.jpg\" alt=\"\" \/><\/figure><\/div><div class=\"swiper-slide\" role=\"group\" aria-roledescription=\"slide\" aria-label=\"2 z 10\"><figure class=\"swiper-slide-inner\"><img decoding=\"async\" class=\"swiper-slide-image\" src=\"https:\/\/www.boccard.com\/wp-content\/uploads\/2023\/08\/Logo_Alstom-1.jpg\" alt=\"\" \/><\/figure><\/div><div class=\"swiper-slide\" role=\"group\" aria-roledescription=\"slide\" aria-label=\"3 z 10\"><figure class=\"swiper-slide-inner\"><img decoding=\"async\" class=\"swiper-slide-image\" src=\"https:\/\/www.boccard.com\/wp-content\/uploads\/2023\/08\/Logo_bonduelle.jpg\" alt=\"\" \/><\/figure><\/div><div class=\"swiper-slide\" role=\"group\" aria-roledescription=\"slide\" aria-label=\"4 z 10\"><figure class=\"swiper-slide-inner\"><img decoding=\"async\" class=\"swiper-slide-image\" src=\"https:\/\/www.boccard.com\/wp-content\/uploads\/2023\/08\/Logo_EDF-1.jpg\" alt=\"\" \/><\/figure><\/div><div class=\"swiper-slide\" role=\"group\" aria-roledescription=\"slide\" aria-label=\"5 z 10\"><figure class=\"swiper-slide-inner\"><img decoding=\"async\" class=\"swiper-slide-image\" src=\"https:\/\/www.boccard.com\/wp-content\/uploads\/2023\/08\/Logo_Voltalia.jpg\" alt=\"\" \/><\/figure><\/div><div class=\"swiper-slide\" role=\"group\" aria-roledescription=\"slide\" aria-label=\"6 z 10\"><figure class=\"swiper-slide-inner\"><img decoding=\"async\" class=\"swiper-slide-image\" src=\"https:\/\/www.boccard.com\/wp-content\/uploads\/2023\/08\/Logo_ArcelorMittal.jpg\" alt=\"\" \/><\/figure><\/div><div class=\"swiper-slide\" role=\"group\" aria-roledescription=\"slide\" aria-label=\"7 z 10\"><figure class=\"swiper-slide-inner\"><img decoding=\"async\" class=\"swiper-slide-image\" src=\"https:\/\/www.boccard.com\/wp-content\/uploads\/2023\/08\/Logo_AB_InBev.jpg\" alt=\"\" \/><\/figure><\/div><div class=\"swiper-slide\" role=\"group\" aria-roledescription=\"slide\" aria-label=\"8 z 10\"><figure class=\"swiper-slide-inner\"><img decoding=\"async\" class=\"swiper-slide-image\" src=\"https:\/\/www.boccard.com\/wp-content\/uploads\/2023\/08\/Logo_Sanofi.jpg\" alt=\"\" \/><\/figure><\/div><div class=\"swiper-slide\" role=\"group\" aria-roledescription=\"slide\" aria-label=\"9 z 10\"><figure class=\"swiper-slide-inner\"><img decoding=\"async\" class=\"swiper-slide-image\" src=\"https:\/\/www.boccard.com\/wp-content\/uploads\/2023\/08\/Logo_Orano.jpg\" alt=\"\" \/><\/figure><\/div><div class=\"swiper-slide\" role=\"group\" aria-roledescription=\"slide\" aria-label=\"10 z 10\"><figure class=\"swiper-slide-inner\"><img decoding=\"async\" class=\"swiper-slide-image\" src=\"https:\/\/www.boccard.com\/wp-content\/uploads\/2023\/08\/Logo_Danone-1.jpg\" alt=\"\" \/><\/figure><\/div>\t\t\t<\/div>\n\t\t\t\t\t\t\t\n\t\t\t\t\t\t\t\t\t<\/div>\n\t\t\t\t\t\t<\/div>\n\t\t\t\t<\/div>\n\t\t\t\t\t<\/div>\n\t\t<\/div>\n\t\t\t\t\t<\/div>\n\t\t<\/section>\n\t\t\t\t<section class=\"elementor-section elementor-top-section elementor-element elementor-element-60548b1f elementor-section-boxed elementor-section-height-default elementor-section-height-default\" data-id=\"60548b1f\" data-element_type=\"section\" data-e-type=\"section\" data-settings=\"{&quot;background_background&quot;:&quot;classic&quot;}\">\n\t\t\t\t\t\t<div class=\"elementor-container elementor-column-gap-default\">\n\t\t\t\t\t<div class=\"elementor-column elementor-col-100 elementor-top-column elementor-element elementor-element-5640f338\" data-id=\"5640f338\" data-element_type=\"column\" data-e-type=\"column\">\n\t\t\t<div class=\"elementor-widget-wrap elementor-element-populated\">\n\t\t\t\t\t\t<div class=\"elementor-element elementor-element-4397dd22 elementor-hidden-mobile elementor-widget elementor-widget-spacer\" data-id=\"4397dd22\" data-element_type=\"widget\" data-e-type=\"widget\" data-widget_type=\"spacer.default\">\n\t\t\t\t<div class=\"elementor-widget-container\">\n\t\t\t\t\t\t\t<div class=\"elementor-spacer\">\n\t\t\t<div class=\"elementor-spacer-inner\"><\/div>\n\t\t<\/div>\n\t\t\t\t\t\t<\/div>\n\t\t\t\t<\/div>\n\t\t\t\t\t<\/div>\n\t\t<\/div>\n\t\t\t\t\t<\/div>\n\t\t<\/section>\n\t\t\t\t<\/div>\n\t\t","protected":false},"excerpt":{"rendered":"<p>Odkryj nasz\u0105 globaln\u0105 obecno\u015b\u0107 Planujesz projekt? Zapraszamy do kontaktu Nasi KlienciZaufali nam<\/p>\n","protected":false},"author":8,"featured_media":0,"parent":56488,"menu_order":0,"comment_status":"closed","ping_status":"closed","template":"","meta":{"footnotes":""},"class_list":["post-62131","page","type-page","status-publish","hentry"],"yoast_head":"<!-- This site is optimized with the Yoast SEO plugin v27.0 - https:\/\/yoast.com\/product\/yoast-seo-wordpress\/ -->\n<title>Boccard na \u015bwiecie - Boccard<\/title>\n<meta name=\"robots\" content=\"index, follow, max-snippet:-1, max-image-preview:large, max-video-preview:-1\" \/>\n<link rel=\"canonical\" href=\"https:\/\/www.boccard.com\/pl\/localizacje\/boccard-na-swiecie\/\" \/>\n<meta property=\"og:locale\" content=\"pl_PL\" \/>\n<meta property=\"og:type\" content=\"article\" \/>\n<meta property=\"og:title\" content=\"Boccard na \u015bwiecie - Boccard\" \/>\n<meta property=\"og:description\" content=\"Odkryj nasz\u0105 globaln\u0105 obecno\u015b\u0107 Planujesz projekt? Zapraszamy do kontaktu Nasi KlienciZaufali nam\" \/>\n<meta property=\"og:url\" content=\"https:\/\/www.boccard.com\/pl\/localizacje\/boccard-na-swiecie\/\" \/>\n<meta property=\"og:site_name\" content=\"Boccard\" \/>\n<meta property=\"article:modified_time\" content=\"2025-01-23T10:49:14+00:00\" \/>\n<meta property=\"og:image\" content=\"https:\/\/www.boccard.com\/wp-content\/uploads\/2023\/08\/Logo_Alstom-1.jpg\" \/>\n<meta name=\"twitter:card\" content=\"summary_large_image\" \/>\n<meta name=\"twitter:label1\" content=\"Szacowany czas czytania\" \/>\n\t<meta name=\"twitter:data1\" content=\"5 minut\" \/>\n<script type=\"application\/ld+json\" class=\"yoast-schema-graph\">{\"@context\":\"https:\/\/schema.org\",\"@graph\":[{\"@type\":\"WebPage\",\"@id\":\"https:\/\/www.boccard.com\/pl\/localizacje\/boccard-na-swiecie\/\",\"url\":\"https:\/\/www.boccard.com\/pl\/localizacje\/boccard-na-swiecie\/\",\"name\":\"Boccard na \u015bwiecie - Boccard\",\"isPartOf\":{\"@id\":\"https:\/\/www.boccard.com\/pl\/#website\"},\"primaryImageOfPage\":{\"@id\":\"https:\/\/www.boccard.com\/pl\/localizacje\/boccard-na-swiecie\/#primaryimage\"},\"image\":{\"@id\":\"https:\/\/www.boccard.com\/pl\/localizacje\/boccard-na-swiecie\/#primaryimage\"},\"thumbnailUrl\":\"https:\/\/www.boccard.com\/wp-content\/uploads\/2023\/08\/Logo_Alstom-1.jpg\",\"datePublished\":\"2023-10-26T09:22:57+00:00\",\"dateModified\":\"2025-01-23T10:49:14+00:00\",\"breadcrumb\":{\"@id\":\"https:\/\/www.boccard.com\/pl\/localizacje\/boccard-na-swiecie\/#breadcrumb\"},\"inLanguage\":\"pl-PL\",\"potentialAction\":[{\"@type\":\"ReadAction\",\"target\":[\"https:\/\/www.boccard.com\/pl\/localizacje\/boccard-na-swiecie\/\"]}]},{\"@type\":\"ImageObject\",\"inLanguage\":\"pl-PL\",\"@id\":\"https:\/\/www.boccard.com\/pl\/localizacje\/boccard-na-swiecie\/#primaryimage\",\"url\":\"https:\/\/www.boccard.com\/wp-content\/uploads\/2023\/08\/Logo_Alstom-1.jpg\",\"contentUrl\":\"https:\/\/www.boccard.com\/wp-content\/uploads\/2023\/08\/Logo_Alstom-1.jpg\"},{\"@type\":\"BreadcrumbList\",\"@id\":\"https:\/\/www.boccard.com\/pl\/localizacje\/boccard-na-swiecie\/#breadcrumb\",\"itemListElement\":[{\"@type\":\"ListItem\",\"position\":1,\"name\":\"Accueil\",\"item\":\"https:\/\/www.boccard.com\/pl\/\"},{\"@type\":\"ListItem\",\"position\":2,\"name\":\"Lokalizacje\",\"item\":\"https:\/\/www.boccard.com\/pl\/localizacje\/\"},{\"@type\":\"ListItem\",\"position\":3,\"name\":\"Boccard na \u015bwiecie\"}]},{\"@type\":\"WebSite\",\"@id\":\"https:\/\/www.boccard.com\/pl\/#website\",\"url\":\"https:\/\/www.boccard.com\/pl\/\",\"name\":\"Boccard\",\"description\":\"\",\"publisher\":{\"@id\":\"https:\/\/www.boccard.com\/pl\/#organization\"},\"potentialAction\":[{\"@type\":\"SearchAction\",\"target\":{\"@type\":\"EntryPoint\",\"urlTemplate\":\"https:\/\/www.boccard.com\/pl\/?s={search_term_string}\"},\"query-input\":{\"@type\":\"PropertyValueSpecification\",\"valueRequired\":true,\"valueName\":\"search_term_string\"}}],\"inLanguage\":\"pl-PL\"},{\"@type\":\"Organization\",\"@id\":\"https:\/\/www.boccard.com\/pl\/#organization\",\"name\":\"Boccard\",\"url\":\"https:\/\/www.boccard.com\/pl\/\",\"logo\":{\"@type\":\"ImageObject\",\"inLanguage\":\"pl-PL\",\"@id\":\"https:\/\/www.boccard.com\/pl\/#\/schema\/logo\/image\/\",\"url\":\"https:\/\/www.boccard.com\/wp-content\/uploads\/2023\/08\/LOGO-BOCCARD-BLEU-SUR-FOND-TRANSPARENT.png\",\"contentUrl\":\"https:\/\/www.boccard.com\/wp-content\/uploads\/2023\/08\/LOGO-BOCCARD-BLEU-SUR-FOND-TRANSPARENT.png\",\"width\":1423,\"height\":333,\"caption\":\"Boccard\"},\"image\":{\"@id\":\"https:\/\/www.boccard.com\/pl\/#\/schema\/logo\/image\/\"},\"sameAs\":[\"https:\/\/www.linkedin.com\/company\/boccard\"]}]}<\/script>\n<!-- \/ Yoast SEO plugin. -->","yoast_head_json":{"title":"Boccard na \u015bwiecie - Boccard","robots":{"index":"index","follow":"follow","max-snippet":"max-snippet:-1","max-image-preview":"max-image-preview:large","max-video-preview":"max-video-preview:-1"},"canonical":"https:\/\/www.boccard.com\/pl\/localizacje\/boccard-na-swiecie\/","og_locale":"pl_PL","og_type":"article","og_title":"Boccard na \u015bwiecie - Boccard","og_description":"Odkryj nasz\u0105 globaln\u0105 obecno\u015b\u0107 Planujesz projekt? Zapraszamy do kontaktu Nasi KlienciZaufali nam","og_url":"https:\/\/www.boccard.com\/pl\/localizacje\/boccard-na-swiecie\/","og_site_name":"Boccard","article_modified_time":"2025-01-23T10:49:14+00:00","og_image":[{"url":"https:\/\/www.boccard.com\/wp-content\/uploads\/2023\/08\/Logo_Alstom-1.jpg","type":"","width":"","height":""}],"twitter_card":"summary_large_image","twitter_misc":{"Szacowany czas czytania":"5 minut"},"schema":{"@context":"https:\/\/schema.org","@graph":[{"@type":"WebPage","@id":"https:\/\/www.boccard.com\/pl\/localizacje\/boccard-na-swiecie\/","url":"https:\/\/www.boccard.com\/pl\/localizacje\/boccard-na-swiecie\/","name":"Boccard na \u015bwiecie - Boccard","isPartOf":{"@id":"https:\/\/www.boccard.com\/pl\/#website"},"primaryImageOfPage":{"@id":"https:\/\/www.boccard.com\/pl\/localizacje\/boccard-na-swiecie\/#primaryimage"},"image":{"@id":"https:\/\/www.boccard.com\/pl\/localizacje\/boccard-na-swiecie\/#primaryimage"},"thumbnailUrl":"https:\/\/www.boccard.com\/wp-content\/uploads\/2023\/08\/Logo_Alstom-1.jpg","datePublished":"2023-10-26T09:22:57+00:00","dateModified":"2025-01-23T10:49:14+00:00","breadcrumb":{"@id":"https:\/\/www.boccard.com\/pl\/localizacje\/boccard-na-swiecie\/#breadcrumb"},"inLanguage":"pl-PL","potentialAction":[{"@type":"ReadAction","target":["https:\/\/www.boccard.com\/pl\/localizacje\/boccard-na-swiecie\/"]}]},{"@type":"ImageObject","inLanguage":"pl-PL","@id":"https:\/\/www.boccard.com\/pl\/localizacje\/boccard-na-swiecie\/#primaryimage","url":"https:\/\/www.boccard.com\/wp-content\/uploads\/2023\/08\/Logo_Alstom-1.jpg","contentUrl":"https:\/\/www.boccard.com\/wp-content\/uploads\/2023\/08\/Logo_Alstom-1.jpg"},{"@type":"BreadcrumbList","@id":"https:\/\/www.boccard.com\/pl\/localizacje\/boccard-na-swiecie\/#breadcrumb","itemListElement":[{"@type":"ListItem","position":1,"name":"Accueil","item":"https:\/\/www.boccard.com\/pl\/"},{"@type":"ListItem","position":2,"name":"Lokalizacje","item":"https:\/\/www.boccard.com\/pl\/localizacje\/"},{"@type":"ListItem","position":3,"name":"Boccard na \u015bwiecie"}]},{"@type":"WebSite","@id":"https:\/\/www.boccard.com\/pl\/#website","url":"https:\/\/www.boccard.com\/pl\/","name":"Boccard","description":"","publisher":{"@id":"https:\/\/www.boccard.com\/pl\/#organization"},"potentialAction":[{"@type":"SearchAction","target":{"@type":"EntryPoint","urlTemplate":"https:\/\/www.boccard.com\/pl\/?s={search_term_string}"},"query-input":{"@type":"PropertyValueSpecification","valueRequired":true,"valueName":"search_term_string"}}],"inLanguage":"pl-PL"},{"@type":"Organization","@id":"https:\/\/www.boccard.com\/pl\/#organization","name":"Boccard","url":"https:\/\/www.boccard.com\/pl\/","logo":{"@type":"ImageObject","inLanguage":"pl-PL","@id":"https:\/\/www.boccard.com\/pl\/#\/schema\/logo\/image\/","url":"https:\/\/www.boccard.com\/wp-content\/uploads\/2023\/08\/LOGO-BOCCARD-BLEU-SUR-FOND-TRANSPARENT.png","contentUrl":"https:\/\/www.boccard.com\/wp-content\/uploads\/2023\/08\/LOGO-BOCCARD-BLEU-SUR-FOND-TRANSPARENT.png","width":1423,"height":333,"caption":"Boccard"},"image":{"@id":"https:\/\/www.boccard.com\/pl\/#\/schema\/logo\/image\/"},"sameAs":["https:\/\/www.linkedin.com\/company\/boccard"]}]}},"_links":{"self":[{"href":"https:\/\/www.boccard.com\/pl\/wp-json\/wp\/v2\/pages\/62131","targetHints":{"allow":["GET"]}}],"collection":[{"href":"https:\/\/www.boccard.com\/pl\/wp-json\/wp\/v2\/pages"}],"about":[{"href":"https:\/\/www.boccard.com\/pl\/wp-json\/wp\/v2\/types\/page"}],"author":[{"embeddable":true,"href":"https:\/\/www.boccard.com\/pl\/wp-json\/wp\/v2\/users\/8"}],"replies":[{"embeddable":true,"href":"https:\/\/www.boccard.com\/pl\/wp-json\/wp\/v2\/comments?post=62131"}],"version-history":[{"count":6,"href":"https:\/\/www.boccard.com\/pl\/wp-json\/wp\/v2\/pages\/62131\/revisions"}],"predecessor-version":[{"id":75365,"href":"https:\/\/www.boccard.com\/pl\/wp-json\/wp\/v2\/pages\/62131\/revisions\/75365"}],"up":[{"embeddable":true,"href":"https:\/\/www.boccard.com\/pl\/wp-json\/wp\/v2\/pages\/56488"}],"wp:attachment":[{"href":"https:\/\/www.boccard.com\/pl\/wp-json\/wp\/v2\/media?parent=62131"}],"curies":[{"name":"wp","href":"https:\/\/api.w.org\/{rel}","templated":true}]}}