{"id":58910,"date":"2023-10-18T10:31:32","date_gmt":"2023-10-18T10:31:32","guid":{"rendered":"https:\/\/boccard.com\/?page_id=58910"},"modified":"2025-06-17T05:56:50","modified_gmt":"2025-06-17T05:56:50","slug":"nasze-oferty-pracy","status":"publish","type":"page","link":"https:\/\/www.boccard.com\/pl\/kariera-pracuj-w-boccard-polska\/nasze-oferty-pracy\/","title":{"rendered":"Nasze oferty pracy"},"content":{"rendered":"\t\t<div data-elementor-type=\"wp-page\" data-elementor-id=\"58910\" class=\"elementor elementor-58910\" data-elementor-post-type=\"page\">\n\t\t\t\t\t\t<section class=\"elementor-section elementor-top-section elementor-element elementor-element-ceed371 elementor-section-boxed elementor-section-height-default elementor-section-height-default\" data-id=\"ceed371\" data-element_type=\"section\" data-e-type=\"section\">\n\t\t\t\t\t\t<div class=\"elementor-container elementor-column-gap-default\">\n\t\t\t\t\t<div class=\"elementor-column elementor-col-100 elementor-top-column elementor-element elementor-element-4df73d0\" data-id=\"4df73d0\" data-element_type=\"column\" data-e-type=\"column\">\n\t\t\t<div class=\"elementor-widget-wrap elementor-element-populated\">\n\t\t\t\t\t\t<div class=\"elementor-element elementor-element-caced54 elementor-widget elementor-widget-shortcode\" data-id=\"caced54\" data-element_type=\"widget\" data-e-type=\"widget\" data-widget_type=\"shortcode.default\">\n\t\t\t\t<div class=\"elementor-widget-container\">\n\t\t\t\t\t\t\t<div class=\"elementor-shortcode\"><script type='text\/javascript' src='https:\/\/skk.erecruiter.pl\/Code.ashx?cfg=579f028fe76d47b3b8e870af9cade9e2'><\/script><\/div>\n\t\t\t\t\t\t<\/div>\n\t\t\t\t<\/div>\n\t\t\t\t\t<\/div>\n\t\t<\/div>\n\t\t\t\t\t<\/div>\n\t\t<\/section>\n\t\t\t\t<\/div>\n\t\t","protected":false},"excerpt":{"rendered":"<p>Sprawd\u017a aktualne oferty pracy w Boccard Polska. Poszukujemy specjalist\u00f3w z bran\u017cy przemys\u0142owej, in\u017cynier\u00f3w i technik\u00f3w. Rozwijaj swoj\u0105 karier\u0119 z nami!&#8221;><\/p>\n","protected":false},"author":8,"featured_media":0,"parent":57603,"menu_order":0,"comment_status":"closed","ping_status":"closed","template":"","meta":{"footnotes":""},"class_list":["post-58910","page","type-page","status-publish","hentry"],"yoast_head":"<!-- This site is optimized with the Yoast SEO plugin v27.3 - https:\/\/yoast.com\/product\/yoast-seo-wordpress\/ -->\n<title>Oferty pracy w Boccard Polska<\/title>\n<meta name=\"description\" content=\"Aktualne oferty pracy w Boccard Polska. Poszukujemy specjalist\u00f3w z bran\u017cy przemys\u0142owej, in\u017cynier\u00f3w i technik\u00f3w.\" \/>\n<meta name=\"robots\" content=\"index, follow, max-snippet:-1, max-image-preview:large, max-video-preview:-1\" \/>\n<link rel=\"canonical\" href=\"https:\/\/www.boccard.com\/pl\/kariera-pracuj-w-boccard-polska\/nasze-oferty-pracy\/\" \/>\n<meta property=\"og:locale\" content=\"pl_PL\" \/>\n<meta property=\"og:type\" content=\"article\" \/>\n<meta property=\"og:title\" content=\"Oferty pracy w Boccard Polska\" \/>\n<meta property=\"og:description\" content=\"Aktualne oferty pracy w Boccard Polska. Poszukujemy specjalist\u00f3w z bran\u017cy przemys\u0142owej, in\u017cynier\u00f3w i technik\u00f3w.\" \/>\n<meta property=\"og:url\" content=\"https:\/\/www.boccard.com\/pl\/kariera-pracuj-w-boccard-polska\/nasze-oferty-pracy\/\" \/>\n<meta property=\"og:site_name\" content=\"Boccard\" \/>\n<meta property=\"article:modified_time\" content=\"2025-06-17T05:56:50+00:00\" \/>\n<meta name=\"twitter:card\" content=\"summary_large_image\" \/>\n<script type=\"application\/ld+json\" class=\"yoast-schema-graph\">{\"@context\":\"https:\\\/\\\/schema.org\",\"@graph\":[{\"@type\":\"WebPage\",\"@id\":\"https:\\\/\\\/www.boccard.com\\\/pl\\\/kariera-pracuj-w-boccard-polska\\\/nasze-oferty-pracy\\\/\",\"url\":\"https:\\\/\\\/www.boccard.com\\\/pl\\\/kariera-pracuj-w-boccard-polska\\\/nasze-oferty-pracy\\\/\",\"name\":\"Oferty pracy w Boccard Polska\",\"isPartOf\":{\"@id\":\"https:\\\/\\\/www.boccard.com\\\/pl\\\/#website\"},\"datePublished\":\"2023-10-18T10:31:32+00:00\",\"dateModified\":\"2025-06-17T05:56:50+00:00\",\"description\":\"Aktualne oferty pracy w Boccard Polska. Poszukujemy specjalist\u00f3w z bran\u017cy przemys\u0142owej, in\u017cynier\u00f3w i technik\u00f3w.\",\"breadcrumb\":{\"@id\":\"https:\\\/\\\/www.boccard.com\\\/pl\\\/kariera-pracuj-w-boccard-polska\\\/nasze-oferty-pracy\\\/#breadcrumb\"},\"inLanguage\":\"pl-PL\",\"potentialAction\":[{\"@type\":\"ReadAction\",\"target\":[\"https:\\\/\\\/www.boccard.com\\\/pl\\\/kariera-pracuj-w-boccard-polska\\\/nasze-oferty-pracy\\\/\"]}]},{\"@type\":\"BreadcrumbList\",\"@id\":\"https:\\\/\\\/www.boccard.com\\\/pl\\\/kariera-pracuj-w-boccard-polska\\\/nasze-oferty-pracy\\\/#breadcrumb\",\"itemListElement\":[{\"@type\":\"ListItem\",\"position\":1,\"name\":\"Accueil\",\"item\":\"https:\\\/\\\/www.boccard.com\\\/pl\\\/\"},{\"@type\":\"ListItem\",\"position\":2,\"name\":\"Kariera\",\"item\":\"https:\\\/\\\/www.boccard.com\\\/pl\\\/kariera-pracuj-w-boccard-polska\\\/\"},{\"@type\":\"ListItem\",\"position\":3,\"name\":\"Nasze oferty pracy\"}]},{\"@type\":\"WebSite\",\"@id\":\"https:\\\/\\\/www.boccard.com\\\/pl\\\/#website\",\"url\":\"https:\\\/\\\/www.boccard.com\\\/pl\\\/\",\"name\":\"Boccard\",\"description\":\"\",\"publisher\":{\"@id\":\"https:\\\/\\\/www.boccard.com\\\/pl\\\/#organization\"},\"potentialAction\":[{\"@type\":\"SearchAction\",\"target\":{\"@type\":\"EntryPoint\",\"urlTemplate\":\"https:\\\/\\\/www.boccard.com\\\/pl\\\/?s={search_term_string}\"},\"query-input\":{\"@type\":\"PropertyValueSpecification\",\"valueRequired\":true,\"valueName\":\"search_term_string\"}}],\"inLanguage\":\"pl-PL\"},{\"@type\":\"Organization\",\"@id\":\"https:\\\/\\\/www.boccard.com\\\/pl\\\/#organization\",\"name\":\"Boccard\",\"url\":\"https:\\\/\\\/www.boccard.com\\\/pl\\\/\",\"logo\":{\"@type\":\"ImageObject\",\"inLanguage\":\"pl-PL\",\"@id\":\"https:\\\/\\\/www.boccard.com\\\/pl\\\/#\\\/schema\\\/logo\\\/image\\\/\",\"url\":\"https:\\\/\\\/www.boccard.com\\\/wp-content\\\/uploads\\\/2023\\\/08\\\/LOGO-BOCCARD-BLEU-SUR-FOND-TRANSPARENT.png\",\"contentUrl\":\"https:\\\/\\\/www.boccard.com\\\/wp-content\\\/uploads\\\/2023\\\/08\\\/LOGO-BOCCARD-BLEU-SUR-FOND-TRANSPARENT.png\",\"width\":1423,\"height\":333,\"caption\":\"Boccard\"},\"image\":{\"@id\":\"https:\\\/\\\/www.boccard.com\\\/pl\\\/#\\\/schema\\\/logo\\\/image\\\/\"},\"sameAs\":[\"https:\\\/\\\/www.linkedin.com\\\/company\\\/boccard\"]}]}<\/script>\n<!-- \/ Yoast SEO plugin. -->","yoast_head_json":{"title":"Oferty pracy w Boccard Polska","description":"Aktualne oferty pracy w Boccard Polska. Poszukujemy specjalist\u00f3w z bran\u017cy przemys\u0142owej, in\u017cynier\u00f3w i technik\u00f3w.","robots":{"index":"index","follow":"follow","max-snippet":"max-snippet:-1","max-image-preview":"max-image-preview:large","max-video-preview":"max-video-preview:-1"},"canonical":"https:\/\/www.boccard.com\/pl\/kariera-pracuj-w-boccard-polska\/nasze-oferty-pracy\/","og_locale":"pl_PL","og_type":"article","og_title":"Oferty pracy w Boccard Polska","og_description":"Aktualne oferty pracy w Boccard Polska. Poszukujemy specjalist\u00f3w z bran\u017cy przemys\u0142owej, in\u017cynier\u00f3w i technik\u00f3w.","og_url":"https:\/\/www.boccard.com\/pl\/kariera-pracuj-w-boccard-polska\/nasze-oferty-pracy\/","og_site_name":"Boccard","article_modified_time":"2025-06-17T05:56:50+00:00","twitter_card":"summary_large_image","schema":{"@context":"https:\/\/schema.org","@graph":[{"@type":"WebPage","@id":"https:\/\/www.boccard.com\/pl\/kariera-pracuj-w-boccard-polska\/nasze-oferty-pracy\/","url":"https:\/\/www.boccard.com\/pl\/kariera-pracuj-w-boccard-polska\/nasze-oferty-pracy\/","name":"Oferty pracy w Boccard Polska","isPartOf":{"@id":"https:\/\/www.boccard.com\/pl\/#website"},"datePublished":"2023-10-18T10:31:32+00:00","dateModified":"2025-06-17T05:56:50+00:00","description":"Aktualne oferty pracy w Boccard Polska. Poszukujemy specjalist\u00f3w z bran\u017cy przemys\u0142owej, in\u017cynier\u00f3w i technik\u00f3w.","breadcrumb":{"@id":"https:\/\/www.boccard.com\/pl\/kariera-pracuj-w-boccard-polska\/nasze-oferty-pracy\/#breadcrumb"},"inLanguage":"pl-PL","potentialAction":[{"@type":"ReadAction","target":["https:\/\/www.boccard.com\/pl\/kariera-pracuj-w-boccard-polska\/nasze-oferty-pracy\/"]}]},{"@type":"BreadcrumbList","@id":"https:\/\/www.boccard.com\/pl\/kariera-pracuj-w-boccard-polska\/nasze-oferty-pracy\/#breadcrumb","itemListElement":[{"@type":"ListItem","position":1,"name":"Accueil","item":"https:\/\/www.boccard.com\/pl\/"},{"@type":"ListItem","position":2,"name":"Kariera","item":"https:\/\/www.boccard.com\/pl\/kariera-pracuj-w-boccard-polska\/"},{"@type":"ListItem","position":3,"name":"Nasze oferty pracy"}]},{"@type":"WebSite","@id":"https:\/\/www.boccard.com\/pl\/#website","url":"https:\/\/www.boccard.com\/pl\/","name":"Boccard","description":"","publisher":{"@id":"https:\/\/www.boccard.com\/pl\/#organization"},"potentialAction":[{"@type":"SearchAction","target":{"@type":"EntryPoint","urlTemplate":"https:\/\/www.boccard.com\/pl\/?s={search_term_string}"},"query-input":{"@type":"PropertyValueSpecification","valueRequired":true,"valueName":"search_term_string"}}],"inLanguage":"pl-PL"},{"@type":"Organization","@id":"https:\/\/www.boccard.com\/pl\/#organization","name":"Boccard","url":"https:\/\/www.boccard.com\/pl\/","logo":{"@type":"ImageObject","inLanguage":"pl-PL","@id":"https:\/\/www.boccard.com\/pl\/#\/schema\/logo\/image\/","url":"https:\/\/www.boccard.com\/wp-content\/uploads\/2023\/08\/LOGO-BOCCARD-BLEU-SUR-FOND-TRANSPARENT.png","contentUrl":"https:\/\/www.boccard.com\/wp-content\/uploads\/2023\/08\/LOGO-BOCCARD-BLEU-SUR-FOND-TRANSPARENT.png","width":1423,"height":333,"caption":"Boccard"},"image":{"@id":"https:\/\/www.boccard.com\/pl\/#\/schema\/logo\/image\/"},"sameAs":["https:\/\/www.linkedin.com\/company\/boccard"]}]}},"_links":{"self":[{"href":"https:\/\/www.boccard.com\/pl\/wp-json\/wp\/v2\/pages\/58910","targetHints":{"allow":["GET"]}}],"collection":[{"href":"https:\/\/www.boccard.com\/pl\/wp-json\/wp\/v2\/pages"}],"about":[{"href":"https:\/\/www.boccard.com\/pl\/wp-json\/wp\/v2\/types\/page"}],"author":[{"embeddable":true,"href":"https:\/\/www.boccard.com\/pl\/wp-json\/wp\/v2\/users\/8"}],"replies":[{"embeddable":true,"href":"https:\/\/www.boccard.com\/pl\/wp-json\/wp\/v2\/comments?post=58910"}],"version-history":[{"count":6,"href":"https:\/\/www.boccard.com\/pl\/wp-json\/wp\/v2\/pages\/58910\/revisions"}],"predecessor-version":[{"id":80971,"href":"https:\/\/www.boccard.com\/pl\/wp-json\/wp\/v2\/pages\/58910\/revisions\/80971"}],"up":[{"embeddable":true,"href":"https:\/\/www.boccard.com\/pl\/wp-json\/wp\/v2\/pages\/57603"}],"wp:attachment":[{"href":"https:\/\/www.boccard.com\/pl\/wp-json\/wp\/v2\/media?parent=58910"}],"curies":[{"name":"wp","href":"https:\/\/api.w.org\/{rel}","templated":true}]}}