{"id":57618,"date":"2023-10-16T11:16:30","date_gmt":"2023-10-16T11:16:30","guid":{"rendered":"https:\/\/boccard.com\/?page_id=57618"},"modified":"2025-06-17T07:35:34","modified_gmt":"2025-06-17T07:35:34","slug":"uwagi-prawne","status":"publish","type":"page","link":"https:\/\/www.boccard.com\/pl\/uwagi-prawne\/","title":{"rendered":"Uwagi prawne"},"content":{"rendered":"\t\t<div data-elementor-type=\"wp-page\" data-elementor-id=\"57618\" class=\"elementor elementor-57618\" data-elementor-post-type=\"page\">\n\t\t\t\t\t\t<section class=\"elementor-section elementor-top-section elementor-element elementor-element-2caf4a77 elementor-section-full_width elementor-reverse-mobile elementor-section-height-default elementor-section-height-default\" data-id=\"2caf4a77\" data-element_type=\"section\" data-e-type=\"section\" id=\"top\">\n\t\t\t\t\t\t<div class=\"elementor-container elementor-column-gap-no\">\n\t\t\t\t\t<div class=\"elementor-column elementor-col-100 elementor-top-column elementor-element elementor-element-5851949e\" data-id=\"5851949e\" data-element_type=\"column\" data-e-type=\"column\">\n\t\t\t<div class=\"elementor-widget-wrap elementor-element-populated\">\n\t\t\t\t\t\t<div class=\"elementor-element elementor-element-7bdff13b elementor-widget elementor-widget-heading\" data-id=\"7bdff13b\" data-element_type=\"widget\" data-e-type=\"widget\" data-widget_type=\"heading.default\">\n\t\t\t\t<div class=\"elementor-widget-container\">\n\t\t\t\t\t<h2 class=\"elementor-heading-title elementor-size-default\">Uwagi prawne<\/h2>\t\t\t\t<\/div>\n\t\t\t\t<\/div>\n\t\t\t\t<div class=\"elementor-element elementor-element-3518c63f barre elementor-widget elementor-widget-heading\" data-id=\"3518c63f\" data-element_type=\"widget\" data-e-type=\"widget\" data-widget_type=\"heading.default\">\n\t\t\t\t<div class=\"elementor-widget-container\">\n\t\t\t\t\t<h3 class=\"elementor-heading-title elementor-size-default\">Dane sp\u00f3\u0142ki<\/h3>\t\t\t\t<\/div>\n\t\t\t\t<\/div>\n\t\t\t\t<div class=\"elementor-element elementor-element-79db330d elementor-widget elementor-widget-text-editor\" data-id=\"79db330d\" data-element_type=\"widget\" data-e-type=\"widget\" data-widget_type=\"text-editor.default\">\n\t\t\t\t<div class=\"elementor-widget-container\">\n\t\t\t\t\t\t\t\t\t<p><strong>Nazwa firmy w Polsce:<\/strong><\/p><p><strong>Boccard Polska Sp\u00f3\u0142ka z o. o., ul. Sprz\u0119towa 3 b, 10-467 Olsztyn,<\/strong><\/p><p>NIP: 6761050121<\/p><p>REGON: 350958663<\/p><p>KRS: 0000193245<\/p><p>S\u0105d Rejonowy w Olsztynie,VIII Wydzia\u0142 Gospodarczy Krajowego Rejestru S\u0105dowego<br \/>Kapita\u0142 Zak\u0142adowy: 480 000 PLN<\/p><p><strong>Nazwa centrali we Francji:<\/strong><\/p><p>Boccard SA, 158 avenue Roger Salengro 69100 Villeurbanne, Francja<\/p><p>Wysoko\u015b\u0107 kapita\u0142u zak\u0142adowego (13 517 665,00 EUR)<\/p><p>Numer RCS (RCS Lyon 956 501 258)<\/p>\t\t\t\t\t\t\t\t<\/div>\n\t\t\t\t<\/div>\n\t\t\t\t<div class=\"elementor-element elementor-element-d0f3afa barre elementor-widget elementor-widget-heading\" data-id=\"d0f3afa\" data-element_type=\"widget\" data-e-type=\"widget\" data-widget_type=\"heading.default\">\n\t\t\t\t<div class=\"elementor-widget-container\">\n\t\t\t\t\t<h3 class=\"elementor-heading-title elementor-size-default\">Wydawca<\/h3>\t\t\t\t<\/div>\n\t\t\t\t<\/div>\n\t\t\t\t<div class=\"elementor-element elementor-element-bf49388 elementor-widget elementor-widget-text-editor\" data-id=\"bf49388\" data-element_type=\"widget\" data-e-type=\"widget\" data-widget_type=\"text-editor.default\">\n\t\t\t\t<div class=\"elementor-widget-container\">\n\t\t\t\t\t\t\t\t\t<p class=\"p1\">Niniejsza strona internetowa jest w\u0142asno\u015bci\u0105 firmy Boccard, z siedzib\u0105 przy 158 Avenue Roger Salengro, 69100 Villeurbanne, Francja.<br>Tel.: (+33) 4 78 93 34 35<br>E-mail : boccard@boccard.com<br>Hosting strony boccard@boccard.com<\/p>\t\t\t\t\t\t\t\t<\/div>\n\t\t\t\t<\/div>\n\t\t\t\t<div class=\"elementor-element elementor-element-5087803 barre elementor-widget elementor-widget-heading\" data-id=\"5087803\" data-element_type=\"widget\" data-e-type=\"widget\" data-widget_type=\"heading.default\">\n\t\t\t\t<div class=\"elementor-widget-container\">\n\t\t\t\t\t<h3 class=\"elementor-heading-title elementor-size-default\">Warunki u\u017cytkowania<\/h3>\t\t\t\t<\/div>\n\t\t\t\t<\/div>\n\t\t\t\t<div class=\"elementor-element elementor-element-80dca5a elementor-widget elementor-widget-text-editor\" data-id=\"80dca5a\" data-element_type=\"widget\" data-e-type=\"widget\" data-widget_type=\"text-editor.default\">\n\t\t\t\t<div class=\"elementor-widget-container\">\n\t\t\t\t\t\t\t\t\t<p class=\"p1\">Tre\u015b\u0107 niniejszej strony regulowana jest przez prawo francuskie. Dost\u0119p do strony internetowej www.boccard.pl daje u\u017cytkownikowi prawo do prywatnego u\u017cytku bez prawa wy\u0142\u0105czno\u015bci.<br \/>Korzystanie z us\u0142ug jest r\u00f3wnoznaczne z akceptacj\u0105 bez zastrze\u017ce\u0144 warunk\u00f3w opisanych poni\u017cej.\u00a0<\/p>\t\t\t\t\t\t\t\t<\/div>\n\t\t\t\t<\/div>\n\t\t\t\t<div class=\"elementor-element elementor-element-e2665a1 barre elementor-widget elementor-widget-heading\" data-id=\"e2665a1\" data-element_type=\"widget\" data-e-type=\"widget\" data-widget_type=\"heading.default\">\n\t\t\t\t<div class=\"elementor-widget-container\">\n\t\t\t\t\t<h3 class=\"elementor-heading-title elementor-size-default\">Tre\u015b\u0107 strony<\/h3>\t\t\t\t<\/div>\n\t\t\t\t<\/div>\n\t\t\t\t<div class=\"elementor-element elementor-element-b49d0c5 elementor-widget elementor-widget-text-editor\" data-id=\"b49d0c5\" data-element_type=\"widget\" data-e-type=\"widget\" data-widget_type=\"text-editor.default\">\n\t\t\t\t<div class=\"elementor-widget-container\">\n\t\t\t\t\t\t\t\t\t<p class=\"p1\">Boccard zastrzega sobie prawo do usuwania, edytowania lub dodawania informacji udost\u0119pnianych na niniejszej stronie internetowej w dowolnym czasie, z dowolnego powodu i bez uprzedzenia.<br \/>U\u017cytkownik potwierdza, i\u017c zosta\u0142 poinformowany, \u017ce strona ta dost\u0119pna jest przez 24 godziny na dob\u0119 i przez 7 dni w tygodniu, z wyj\u0105tkiem przypadku wyst\u0105pienia si\u0142y wy\u017cszej, problem\u00f3w informatycznych, trudno\u015bci zwi\u0105zanych ze struktur\u0105 sieci \u0142\u0105czno\u015bci lub problem\u00f3w technicznych,<br \/>Boccard uprawniony jest do zawieszenia dzia\u0142ania strony bez uprzedzenia w celu przeprowadzenia konserwacji.<\/p>\t\t\t\t\t\t\t\t<\/div>\n\t\t\t\t<\/div>\n\t\t\t\t<div class=\"elementor-element elementor-element-0aab789 barre elementor-widget elementor-widget-heading\" data-id=\"0aab789\" data-element_type=\"widget\" data-e-type=\"widget\" data-widget_type=\"heading.default\">\n\t\t\t\t<div class=\"elementor-widget-container\">\n\t\t\t\t\t<h3 class=\"elementor-heading-title elementor-size-default\">Prawo w\u0142asno\u015bci intelektualnej <\/h3>\t\t\t\t<\/div>\n\t\t\t\t<\/div>\n\t\t\t\t<div class=\"elementor-element elementor-element-6553831 elementor-widget elementor-widget-text-editor\" data-id=\"6553831\" data-element_type=\"widget\" data-e-type=\"widget\" data-widget_type=\"text-editor.default\">\n\t\t\t\t<div class=\"elementor-widget-container\">\n\t\t\t\t\t\t\t\t\t<p class=\"p1\">Og\u00f3lna struktura, oprogramowanie, teksty, animowane lub nieruchome obrazy, d\u017awi\u0119ki, know-how oraz wszelkie inne elementy sk\u0142adowe niniejszej strony pozostaj\u0105 w\u0142asno\u015bci\u0105 Boccard. U\u017cytkownik posiada prawo dost\u0119pu do danych w celach osobistych i niekomercyjnych, z wy\u0142\u0105czeniem jakiegokolwiek wykorzystania komercyjnego na poziomie lokalnym, krajowym lub mi\u0119dzynarodowym.<br \/>Boccard przypomina internautom, \u017ce \u017cadne logo, tekst, d\u017awi\u0119k, grafika czy zdj\u0119cie dost\u0119pne na stronie nie mo\u017ce by\u0107 w ca\u0142o\u015bci lub cz\u0119\u015bciowo kopiowane, powielane, modyfikowane, publikowane, wysy\u0142ane, rozpowszechniane, przekazywane lub dystrybuowane w jakikolwiek spos\u00f3b bez jego uprzedniej zgody na pi\u015bmie. Powielanie niniejszej strony w ca\u0142o\u015bci lub cz\u0119\u015bci bez wyra\u017anego upowa\u017cnienia Boccard jest zabronione i stanowi czyn naruszenia w\u0142asno\u015bci intelektualnej, zakazany w artykule L.335-2 i nast\u0119pnych Kodeksu w\u0142asno\u015bci intelektualnej.<\/p>\t\t\t\t\t\t\t\t<\/div>\n\t\t\t\t<\/div>\n\t\t\t\t<div class=\"elementor-element elementor-element-2390085 barre elementor-widget elementor-widget-heading\" data-id=\"2390085\" data-element_type=\"widget\" data-e-type=\"widget\" data-widget_type=\"heading.default\">\n\t\t\t\t<div class=\"elementor-widget-container\">\n\t\t\t\t\t<h3 class=\"elementor-heading-title elementor-size-default\">Hiper\u0142\u0105cza<\/h3>\t\t\t\t<\/div>\n\t\t\t\t<\/div>\n\t\t\t\t<div class=\"elementor-element elementor-element-b3f8f87 elementor-widget elementor-widget-text-editor\" data-id=\"b3f8f87\" data-element_type=\"widget\" data-e-type=\"widget\" data-widget_type=\"text-editor.default\">\n\t\t\t\t<div class=\"elementor-widget-container\">\n\t\t\t\t\t\t\t\t\t<p class=\"p1\">Podstrony niniejszej witryny zawieraj\u0105 linki do lub z innych witryn. Firma Boccard nie mo\u017ce r\u0119czy\u0107 za ich zawarto\u015b\u0107 i nie mo\u017ce by\u0107 poci\u0105gni\u0119ta do odpowiedzialno\u015bci za szkody jakiegokolwiek rodzaju, wynikaj\u0105ce z korzystania z ich zawarto\u015bci. Linki do innych stron internetowych proponowane s\u0105 u\u017cytkownikom wy\u0142\u0105cznie w celach informacyjnych.<br \/>Boccard nie ponosi odpowiedzialno\u015bci za istnienie i tre\u015b\u0107 link\u00f3w pochodz\u0105cych z innych stron i przekierowuj\u0105cych na nie. Go\u015bcie i u\u017cytkownicy niniejszej strony nie mog\u0105 umie\u015bci\u0107 hiper\u0142\u0105cza kieruj\u0105cego do niej bez uprzedniego uzyskania wyra\u017anej zgody Boccard.<\/p>\t\t\t\t\t\t\t\t<\/div>\n\t\t\t\t<\/div>\n\t\t\t\t<div class=\"elementor-element elementor-element-5923745 barre elementor-widget elementor-widget-heading\" data-id=\"5923745\" data-element_type=\"widget\" data-e-type=\"widget\" data-widget_type=\"heading.default\">\n\t\t\t\t<div class=\"elementor-widget-container\">\n\t\t\t\t\t<h3 class=\"elementor-heading-title elementor-size-default\">Odpowiedzialno\u015b\u0107<\/h3>\t\t\t\t<\/div>\n\t\t\t\t<\/div>\n\t\t\t\t<div class=\"elementor-element elementor-element-ca60f2e elementor-widget elementor-widget-text-editor\" data-id=\"ca60f2e\" data-element_type=\"widget\" data-e-type=\"widget\" data-widget_type=\"text-editor.default\">\n\t\t\t\t<div class=\"elementor-widget-container\">\n\t\t\t\t\t\t\t\t\t<p>Boccard nie ponosi \u017cadnej odpowiedzialno\u015bci za wszelkie szkody bezpo\u015brednie lub po\u015brednie wynikaj\u0105ce z przerwy lub awarii, niezale\u017cnie od ich przyczyn, lub za jakiekolwiek bezpo\u015brednie lub po\u015brednie szkody jakiegokolwiek rodzaju wynikaj\u0105ce z po\u0142\u0105czenia ze stron\u0105. Ka\u017cdy u\u017cytkownik \u0142\u0105czy si\u0119 ze stron\u0105 na w\u0142asn\u0105 odpowiedzialno\u015b\u0107.<br \/>Boccard czyni wszystko, by oferowa\u0107 odwiedzaj\u0105cym informacje i \/lub narz\u0119dzia dost\u0119pne i sprawdzone, ale nie odpowiada za b\u0142\u0119dy, brak dost\u0119pu do informacji i\/lub obecno\u015b\u0107 wirus\u00f3w na jego stronie. Informacje dostarczane s\u0105 przez Boccard wy\u0142\u0105cznie orientacyjnie. Boccard nie gwarantuje dok\u0142adno\u015bci, kompletno\u015bci i aktualno\u015bci informacji umieszczonych na stronie, dlatego te\u017c u\u017cytkownik potwierdza, \u017ce korzysta z tych informacji wy\u0142\u0105cznie na w\u0142asn\u0105 odpowiedzialno\u015b\u0107.<\/p>\t\t\t\t\t\t\t\t<\/div>\n\t\t\t\t<\/div>\n\t\t\t\t<div class=\"elementor-element elementor-element-efd2d16 barre elementor-widget elementor-widget-heading\" data-id=\"efd2d16\" data-element_type=\"widget\" data-e-type=\"widget\" data-widget_type=\"heading.default\">\n\t\t\t\t<div class=\"elementor-widget-container\">\n\t\t\t\t\t<h3 class=\"elementor-heading-title elementor-size-default\">Ochrona danych osobowych<\/h3>\t\t\t\t<\/div>\n\t\t\t\t<\/div>\n\t\t\t\t<div class=\"elementor-element elementor-element-9768410 elementor-widget elementor-widget-text-editor\" data-id=\"9768410\" data-element_type=\"widget\" data-e-type=\"widget\" data-widget_type=\"text-editor.default\">\n\t\t\t\t<div class=\"elementor-widget-container\">\n\t\t\t\t\t\t\t\t\t<div id=\"_rich_text-844-3778\" class=\"oxy-rich-text\"><p>Boccard mo\u017ce gromadzi\u0107 przes\u0142ane przez u\u017cytkownik\u00f3w za po\u015brednictwem dzia\u0142u \u201ekontakt\u201d strony internetowej dane osobowe w celu wysy\u0142ania newsletter\u00f3w, jak r\u00f3wnie\u017c w celach handlowych, a tak\u017ce w przypadku przesy\u0142ania przez u\u017cytkownik\u00f3w informacji dla potrzeb prowadzonej przez Boccard rekrutacji.<\/p><p>Korzystaj\u0105c z formularza w dziale \u201ekontakt\u201d, u\u017cytkownik wyra\u017ca zgod\u0119 na przetwarzanie swoich danych osobowych zawartych w zam\u00f3wieniu na newsletter, ofercie handlowej lub ofercie pracy dla potrzeb niezb\u0119dnych do realizacji procesu rekrutacji. Zgodnie z Ustaw\u0105 z dnia 29.08.1997 roku o Ochronie Danych Osobowych (Dz.U. 2015.2135 tj. z p\u00f3\u017an. zm.) , u\u017cytkownik ma prawo do dost\u0119pu, zmiany i usuni\u0119cia swoich danych. U\u017cytkownik mo\u017ce skorzysta\u0107 z tego prawa, pisz\u0105c na nast\u0119puj\u0105cy adres:<\/p><p>BOCCARD POLSKA sp. z o. o. , Sprz\u0119towa 3b, 10-467 Olsztyn<\/p><\/div>\t\t\t\t\t\t\t\t<\/div>\n\t\t\t\t<\/div>\n\t\t\t\t<div class=\"elementor-element elementor-element-616a1dd barre elementor-widget__width-initial elementor-widget elementor-widget-heading\" data-id=\"616a1dd\" data-element_type=\"widget\" data-e-type=\"widget\" data-widget_type=\"heading.default\">\n\t\t\t\t<div class=\"elementor-widget-container\">\n\t\t\t\t\t<h3 class=\"elementor-heading-title elementor-size-default\">Klauzula informacyjna dotycz\u0105ca monitoringu wizyjnego \nw Boccard Polska Sp. z o.o., ul. Sprz\u0119towa 3B,10-467 Olsztyn\n<\/h3>\t\t\t\t<\/div>\n\t\t\t\t<\/div>\n\t\t\t\t<div class=\"elementor-element elementor-element-94735cd elementor-widget elementor-widget-text-editor\" data-id=\"94735cd\" data-element_type=\"widget\" data-e-type=\"widget\" data-widget_type=\"text-editor.default\">\n\t\t\t\t<div class=\"elementor-widget-container\">\n\t\t\t\t\t\t\t\t\t<div id=\"_rich_text-844-3778\" class=\"oxy-rich-text\"><ul><li>administratorem systemu monitoringu jest Boccard Polska Sp. z o.o.<\/li><li>monitoring stosowany jest w celu ochrony mienia, zapewnienia bezpiecze\u0144stwa na terenie monitorowanym oraz kontroli produkcji<\/li><li>podstaw\u0105 przetwarzania jest prawnie uzasadniony interes Administratora<\/li><li>zapisy z monitoringu\u00a0 przechowywane b\u0119d\u0105 w okresie do 40 dni<\/li><li>osoba zarejestrowana przez system monitoringu ma prawo do dost\u0119pu do swoich danych osobowych<\/li><li>osobie zarejestrowanej przez system monitoringu przys\u0142uguje prawo wniesienia skargi do organu nadzorczego<\/li><\/ul><\/div>\t\t\t\t\t\t\t\t<\/div>\n\t\t\t\t<\/div>\n\t\t\t\t\t<\/div>\n\t\t<\/div>\n\t\t\t\t\t<\/div>\n\t\t<\/section>\n\t\t\t\t<\/div>\n\t\t","protected":false},"excerpt":{"rendered":"<p>Uwagi prawne Dane sp\u00f3\u0142ki Nazwa firmy w Polsce: Boccard Polska Sp\u00f3\u0142ka z o. o., ul. Sprz\u0119towa 3 b, 10-467 Olsztyn, NIP: 6761050121 REGON: 350958663 KRS: 0000193245 S\u0105d Rejonowy w Olsztynie,VIII Wydzia\u0142 Gospodarczy Krajowego Rejestru S\u0105dowegoKapita\u0142 Zak\u0142adowy: 480 000 PLN Nazwa centrali we Francji: Boccard SA, 158 avenue Roger Salengro 69100 Villeurbanne, Francja Wysoko\u015b\u0107 kapita\u0142u zak\u0142adowego [&hellip;]<\/p>\n","protected":false},"author":8,"featured_media":0,"parent":0,"menu_order":0,"comment_status":"closed","ping_status":"closed","template":"","meta":{"footnotes":""},"class_list":["post-57618","page","type-page","status-publish","hentry"],"yoast_head":"<!-- This site is optimized with the Yoast SEO plugin v27.3 - https:\/\/yoast.com\/product\/yoast-seo-wordpress\/ -->\n<title>Uwagi prawne - Boccard<\/title>\n<meta name=\"robots\" content=\"index, follow, max-snippet:-1, max-image-preview:large, max-video-preview:-1\" \/>\n<link rel=\"canonical\" href=\"https:\/\/www.boccard.com\/pl\/uwagi-prawne\/\" \/>\n<meta property=\"og:locale\" content=\"pl_PL\" \/>\n<meta property=\"og:type\" content=\"article\" \/>\n<meta property=\"og:title\" content=\"Uwagi prawne - Boccard\" \/>\n<meta property=\"og:description\" content=\"Uwagi prawne Dane sp\u00f3\u0142ki Nazwa firmy w Polsce: Boccard Polska Sp\u00f3\u0142ka z o. o., ul. Sprz\u0119towa 3 b, 10-467 Olsztyn, NIP: 6761050121 REGON: 350958663 KRS: 0000193245 S\u0105d Rejonowy w Olsztynie,VIII Wydzia\u0142 Gospodarczy Krajowego Rejestru S\u0105dowegoKapita\u0142 Zak\u0142adowy: 480 000 PLN Nazwa centrali we Francji: Boccard SA, 158 avenue Roger Salengro 69100 Villeurbanne, Francja Wysoko\u015b\u0107 kapita\u0142u zak\u0142adowego [&hellip;]\" \/>\n<meta property=\"og:url\" content=\"https:\/\/www.boccard.com\/pl\/uwagi-prawne\/\" \/>\n<meta property=\"og:site_name\" content=\"Boccard\" \/>\n<meta property=\"article:modified_time\" content=\"2025-06-17T07:35:34+00:00\" \/>\n<meta name=\"twitter:card\" content=\"summary_large_image\" \/>\n<meta name=\"twitter:label1\" content=\"Szacowany czas czytania\" \/>\n\t<meta name=\"twitter:data1\" content=\"4 minuty\" \/>\n<script type=\"application\/ld+json\" class=\"yoast-schema-graph\">{\"@context\":\"https:\\\/\\\/schema.org\",\"@graph\":[{\"@type\":\"WebPage\",\"@id\":\"https:\\\/\\\/www.boccard.com\\\/pl\\\/uwagi-prawne\\\/\",\"url\":\"https:\\\/\\\/www.boccard.com\\\/pl\\\/uwagi-prawne\\\/\",\"name\":\"Uwagi prawne - Boccard\",\"isPartOf\":{\"@id\":\"https:\\\/\\\/www.boccard.com\\\/pl\\\/#website\"},\"datePublished\":\"2023-10-16T11:16:30+00:00\",\"dateModified\":\"2025-06-17T07:35:34+00:00\",\"breadcrumb\":{\"@id\":\"https:\\\/\\\/www.boccard.com\\\/pl\\\/uwagi-prawne\\\/#breadcrumb\"},\"inLanguage\":\"pl-PL\",\"potentialAction\":[{\"@type\":\"ReadAction\",\"target\":[\"https:\\\/\\\/www.boccard.com\\\/pl\\\/uwagi-prawne\\\/\"]}]},{\"@type\":\"BreadcrumbList\",\"@id\":\"https:\\\/\\\/www.boccard.com\\\/pl\\\/uwagi-prawne\\\/#breadcrumb\",\"itemListElement\":[{\"@type\":\"ListItem\",\"position\":1,\"name\":\"Accueil\",\"item\":\"https:\\\/\\\/www.boccard.com\\\/pl\\\/\"},{\"@type\":\"ListItem\",\"position\":2,\"name\":\"Uwagi prawne\"}]},{\"@type\":\"WebSite\",\"@id\":\"https:\\\/\\\/www.boccard.com\\\/pl\\\/#website\",\"url\":\"https:\\\/\\\/www.boccard.com\\\/pl\\\/\",\"name\":\"Boccard\",\"description\":\"\",\"publisher\":{\"@id\":\"https:\\\/\\\/www.boccard.com\\\/pl\\\/#organization\"},\"potentialAction\":[{\"@type\":\"SearchAction\",\"target\":{\"@type\":\"EntryPoint\",\"urlTemplate\":\"https:\\\/\\\/www.boccard.com\\\/pl\\\/?s={search_term_string}\"},\"query-input\":{\"@type\":\"PropertyValueSpecification\",\"valueRequired\":true,\"valueName\":\"search_term_string\"}}],\"inLanguage\":\"pl-PL\"},{\"@type\":\"Organization\",\"@id\":\"https:\\\/\\\/www.boccard.com\\\/pl\\\/#organization\",\"name\":\"Boccard\",\"url\":\"https:\\\/\\\/www.boccard.com\\\/pl\\\/\",\"logo\":{\"@type\":\"ImageObject\",\"inLanguage\":\"pl-PL\",\"@id\":\"https:\\\/\\\/www.boccard.com\\\/pl\\\/#\\\/schema\\\/logo\\\/image\\\/\",\"url\":\"https:\\\/\\\/www.boccard.com\\\/wp-content\\\/uploads\\\/2023\\\/08\\\/LOGO-BOCCARD-BLEU-SUR-FOND-TRANSPARENT.png\",\"contentUrl\":\"https:\\\/\\\/www.boccard.com\\\/wp-content\\\/uploads\\\/2023\\\/08\\\/LOGO-BOCCARD-BLEU-SUR-FOND-TRANSPARENT.png\",\"width\":1423,\"height\":333,\"caption\":\"Boccard\"},\"image\":{\"@id\":\"https:\\\/\\\/www.boccard.com\\\/pl\\\/#\\\/schema\\\/logo\\\/image\\\/\"},\"sameAs\":[\"https:\\\/\\\/www.linkedin.com\\\/company\\\/boccard\"]}]}<\/script>\n<!-- \/ Yoast SEO plugin. -->","yoast_head_json":{"title":"Uwagi prawne - Boccard","robots":{"index":"index","follow":"follow","max-snippet":"max-snippet:-1","max-image-preview":"max-image-preview:large","max-video-preview":"max-video-preview:-1"},"canonical":"https:\/\/www.boccard.com\/pl\/uwagi-prawne\/","og_locale":"pl_PL","og_type":"article","og_title":"Uwagi prawne - Boccard","og_description":"Uwagi prawne Dane sp\u00f3\u0142ki Nazwa firmy w Polsce: Boccard Polska Sp\u00f3\u0142ka z o. o., ul. Sprz\u0119towa 3 b, 10-467 Olsztyn, NIP: 6761050121 REGON: 350958663 KRS: 0000193245 S\u0105d Rejonowy w Olsztynie,VIII Wydzia\u0142 Gospodarczy Krajowego Rejestru S\u0105dowegoKapita\u0142 Zak\u0142adowy: 480 000 PLN Nazwa centrali we Francji: Boccard SA, 158 avenue Roger Salengro 69100 Villeurbanne, Francja Wysoko\u015b\u0107 kapita\u0142u zak\u0142adowego [&hellip;]","og_url":"https:\/\/www.boccard.com\/pl\/uwagi-prawne\/","og_site_name":"Boccard","article_modified_time":"2025-06-17T07:35:34+00:00","twitter_card":"summary_large_image","twitter_misc":{"Szacowany czas czytania":"4 minuty"},"schema":{"@context":"https:\/\/schema.org","@graph":[{"@type":"WebPage","@id":"https:\/\/www.boccard.com\/pl\/uwagi-prawne\/","url":"https:\/\/www.boccard.com\/pl\/uwagi-prawne\/","name":"Uwagi prawne - Boccard","isPartOf":{"@id":"https:\/\/www.boccard.com\/pl\/#website"},"datePublished":"2023-10-16T11:16:30+00:00","dateModified":"2025-06-17T07:35:34+00:00","breadcrumb":{"@id":"https:\/\/www.boccard.com\/pl\/uwagi-prawne\/#breadcrumb"},"inLanguage":"pl-PL","potentialAction":[{"@type":"ReadAction","target":["https:\/\/www.boccard.com\/pl\/uwagi-prawne\/"]}]},{"@type":"BreadcrumbList","@id":"https:\/\/www.boccard.com\/pl\/uwagi-prawne\/#breadcrumb","itemListElement":[{"@type":"ListItem","position":1,"name":"Accueil","item":"https:\/\/www.boccard.com\/pl\/"},{"@type":"ListItem","position":2,"name":"Uwagi prawne"}]},{"@type":"WebSite","@id":"https:\/\/www.boccard.com\/pl\/#website","url":"https:\/\/www.boccard.com\/pl\/","name":"Boccard","description":"","publisher":{"@id":"https:\/\/www.boccard.com\/pl\/#organization"},"potentialAction":[{"@type":"SearchAction","target":{"@type":"EntryPoint","urlTemplate":"https:\/\/www.boccard.com\/pl\/?s={search_term_string}"},"query-input":{"@type":"PropertyValueSpecification","valueRequired":true,"valueName":"search_term_string"}}],"inLanguage":"pl-PL"},{"@type":"Organization","@id":"https:\/\/www.boccard.com\/pl\/#organization","name":"Boccard","url":"https:\/\/www.boccard.com\/pl\/","logo":{"@type":"ImageObject","inLanguage":"pl-PL","@id":"https:\/\/www.boccard.com\/pl\/#\/schema\/logo\/image\/","url":"https:\/\/www.boccard.com\/wp-content\/uploads\/2023\/08\/LOGO-BOCCARD-BLEU-SUR-FOND-TRANSPARENT.png","contentUrl":"https:\/\/www.boccard.com\/wp-content\/uploads\/2023\/08\/LOGO-BOCCARD-BLEU-SUR-FOND-TRANSPARENT.png","width":1423,"height":333,"caption":"Boccard"},"image":{"@id":"https:\/\/www.boccard.com\/pl\/#\/schema\/logo\/image\/"},"sameAs":["https:\/\/www.linkedin.com\/company\/boccard"]}]}},"_links":{"self":[{"href":"https:\/\/www.boccard.com\/pl\/wp-json\/wp\/v2\/pages\/57618","targetHints":{"allow":["GET"]}}],"collection":[{"href":"https:\/\/www.boccard.com\/pl\/wp-json\/wp\/v2\/pages"}],"about":[{"href":"https:\/\/www.boccard.com\/pl\/wp-json\/wp\/v2\/types\/page"}],"author":[{"embeddable":true,"href":"https:\/\/www.boccard.com\/pl\/wp-json\/wp\/v2\/users\/8"}],"replies":[{"embeddable":true,"href":"https:\/\/www.boccard.com\/pl\/wp-json\/wp\/v2\/comments?post=57618"}],"version-history":[{"count":14,"href":"https:\/\/www.boccard.com\/pl\/wp-json\/wp\/v2\/pages\/57618\/revisions"}],"predecessor-version":[{"id":76783,"href":"https:\/\/www.boccard.com\/pl\/wp-json\/wp\/v2\/pages\/57618\/revisions\/76783"}],"wp:attachment":[{"href":"https:\/\/www.boccard.com\/pl\/wp-json\/wp\/v2\/media?parent=57618"}],"curies":[{"name":"wp","href":"https:\/\/api.w.org\/{rel}","templated":true}]}}