{"id":56562,"date":"2023-08-22T13:33:24","date_gmt":"2023-08-22T13:33:24","guid":{"rendered":"https:\/\/boccard.com\/aktualnosci\/"},"modified":"2023-10-26T06:18:39","modified_gmt":"2023-10-26T06:18:39","slug":"aktualnosci","status":"publish","type":"page","link":"https:\/\/www.boccard.com\/pl\/aktualnosci\/","title":{"rendered":"Aktualno\u015bci"},"content":{"rendered":"\t\t<div data-elementor-type=\"wp-page\" data-elementor-id=\"56562\" class=\"elementor elementor-56562 elementor-270\" data-elementor-post-type=\"page\">\n\t\t\t\t\t\t<section class=\"elementor-section elementor-top-section elementor-element elementor-element-901ec14 elementor-section-boxed elementor-section-height-default elementor-section-height-default\" data-id=\"901ec14\" data-element_type=\"section\" data-e-type=\"section\" data-settings=\"{&quot;background_background&quot;:&quot;classic&quot;}\">\n\t\t\t\t\t\t<div class=\"elementor-container elementor-column-gap-default\">\n\t\t\t\t\t<div class=\"elementor-column elementor-col-50 elementor-top-column elementor-element elementor-element-c21d80f\" data-id=\"c21d80f\" data-element_type=\"column\" data-e-type=\"column\">\n\t\t\t<div class=\"elementor-widget-wrap elementor-element-populated\">\n\t\t\t\t\t\t<div class=\"elementor-element elementor-element-3025e0c elementor-widget elementor-widget-heading\" data-id=\"3025e0c\" data-element_type=\"widget\" data-e-type=\"widget\" data-widget_type=\"heading.default\">\n\t\t\t\t<div class=\"elementor-widget-container\">\n\t\t\t\t\t<h2 class=\"elementor-heading-title elementor-size-default\"><span class=\"lite\">Odkryj<\/span><br><span class=\"normal\">Nasze<\/span> Aktualno\u015bci<\/h2>\t\t\t\t<\/div>\n\t\t\t\t<\/div>\n\t\t\t\t\t<\/div>\n\t\t<\/div>\n\t\t\t\t<div class=\"elementor-column elementor-col-50 elementor-top-column elementor-element elementor-element-18de4be\" data-id=\"18de4be\" data-element_type=\"column\" data-e-type=\"column\">\n\t\t\t<div class=\"elementor-widget-wrap\">\n\t\t\t\t\t\t\t<\/div>\n\t\t<\/div>\n\t\t\t\t\t<\/div>\n\t\t<\/section>\n\t\t\t\t<section class=\"elementor-section elementor-top-section elementor-element elementor-element-9a4628f elementor-section-boxed elementor-section-height-default elementor-section-height-default\" data-id=\"9a4628f\" data-element_type=\"section\" data-e-type=\"section\">\n\t\t\t\t\t\t<div class=\"elementor-container elementor-column-gap-default\">\n\t\t\t\t\t<div class=\"elementor-column elementor-col-100 elementor-top-column elementor-element elementor-element-9360474\" data-id=\"9360474\" data-element_type=\"column\" data-e-type=\"column\">\n\t\t\t<div class=\"elementor-widget-wrap elementor-element-populated\">\n\t\t\t\t\t\t\t<\/div>\n\t\t<\/div>\n\t\t\t\t\t<\/div>\n\t\t<\/section>\n\t\t\t\t<section class=\"elementor-section elementor-top-section elementor-element elementor-element-e567061 elementor-section-content-middle elementor-section-boxed elementor-section-height-default elementor-section-height-default\" data-id=\"e567061\" data-element_type=\"section\" data-e-type=\"section\" data-settings=\"{&quot;background_background&quot;:&quot;classic&quot;}\">\n\t\t\t\t\t\t<div class=\"elementor-container elementor-column-gap-default\">\n\t\t\t\t\t<div class=\"elementor-column elementor-col-50 elementor-top-column elementor-element elementor-element-cb35bc4\" data-id=\"cb35bc4\" data-element_type=\"column\" data-e-type=\"column\">\n\t\t\t<div class=\"elementor-widget-wrap elementor-element-populated\">\n\t\t\t\t\t\t<div class=\"elementor-element elementor-element-bb81652 elementor-widget elementor-widget-heading\" data-id=\"bb81652\" data-element_type=\"widget\" data-e-type=\"widget\" data-widget_type=\"heading.default\">\n\t\t\t\t<div class=\"elementor-widget-container\">\n\t\t\t\t\t<h2 class=\"elementor-heading-title elementor-size-default\">Planuj\u0105 Pa\u0144stwo projekt?<\/h2>\t\t\t\t<\/div>\n\t\t\t\t<\/div>\n\t\t\t\t\t<\/div>\n\t\t<\/div>\n\t\t\t\t<div class=\"elementor-column elementor-col-50 elementor-top-column elementor-element elementor-element-7c1dc01\" data-id=\"7c1dc01\" data-element_type=\"column\" data-e-type=\"column\">\n\t\t\t<div class=\"elementor-widget-wrap elementor-element-populated\">\n\t\t\t\t\t\t<div class=\"elementor-element elementor-element-7014ef6 elementor-align-right elementor-mobile-align-center elementor-widget elementor-widget-button\" data-id=\"7014ef6\" data-element_type=\"widget\" data-e-type=\"widget\" data-widget_type=\"button.default\">\n\t\t\t\t<div class=\"elementor-widget-container\">\n\t\t\t\t\t\t\t\t\t<div class=\"elementor-button-wrapper\">\n\t\t\t\t\t<a class=\"elementor-button elementor-button-link elementor-size-sm\" href=\"https:\/\/www.boccard.com\/fr\/contact-form\/\">\n\t\t\t\t\t\t<span class=\"elementor-button-content-wrapper\">\n\t\t\t\t\t\t\t\t\t<span class=\"elementor-button-text\">Zapraszamy do kontaktu<\/span>\n\t\t\t\t\t<\/span>\n\t\t\t\t\t<\/a>\n\t\t\t\t<\/div>\n\t\t\t\t\t\t\t\t<\/div>\n\t\t\t\t<\/div>\n\t\t\t\t\t<\/div>\n\t\t<\/div>\n\t\t\t\t\t<\/div>\n\t\t<\/section>\n\t\t\t\t<section class=\"elementor-section elementor-top-section elementor-element elementor-element-0ca3a5b elementor-section-boxed elementor-section-height-default elementor-section-height-default\" data-id=\"0ca3a5b\" data-element_type=\"section\" data-e-type=\"section\" data-settings=\"{&quot;background_background&quot;:&quot;classic&quot;}\">\n\t\t\t\t\t\t<div class=\"elementor-container elementor-column-gap-default\">\n\t\t\t\t\t<div class=\"elementor-column elementor-col-50 elementor-top-column elementor-element elementor-element-2da7628\" data-id=\"2da7628\" data-element_type=\"column\" data-e-type=\"column\">\n\t\t\t<div class=\"elementor-widget-wrap elementor-element-populated\">\n\t\t\t\t\t\t<div class=\"elementor-element elementor-element-b955773 clair elementor-widget elementor-widget-heading\" data-id=\"b955773\" data-element_type=\"widget\" data-e-type=\"widget\" data-widget_type=\"heading.default\">\n\t\t\t\t<div class=\"elementor-widget-container\">\n\t\t\t\t\t<h2 class=\"elementor-heading-title elementor-size-default\"><span class=\"lite\">NASI KLIENCI<\/span><br><span class=\"normal\">Zaufali nam<\/span><\/h2>\t\t\t\t<\/div>\n\t\t\t\t<\/div>\n\t\t\t\t\t<\/div>\n\t\t<\/div>\n\t\t\t\t<div class=\"elementor-column elementor-col-50 elementor-top-column elementor-element elementor-element-cd5c6ab elementor-hidden-tablet elementor-hidden-mobile\" data-id=\"cd5c6ab\" data-element_type=\"column\" data-e-type=\"column\">\n\t\t\t<div class=\"elementor-widget-wrap\">\n\t\t\t\t\t\t\t<\/div>\n\t\t<\/div>\n\t\t\t\t\t<\/div>\n\t\t<\/section>\n\t\t\t\t<section class=\"elementor-section elementor-top-section elementor-element elementor-element-452328c elementor-section-boxed elementor-section-height-default elementor-section-height-default\" data-id=\"452328c\" data-element_type=\"section\" data-e-type=\"section\">\n\t\t\t\t\t\t<div class=\"elementor-container elementor-column-gap-default\">\n\t\t\t\t\t<div class=\"elementor-column elementor-col-100 elementor-top-column elementor-element elementor-element-e92f1d5\" data-id=\"e92f1d5\" data-element_type=\"column\" data-e-type=\"column\">\n\t\t\t<div class=\"elementor-widget-wrap elementor-element-populated\">\n\t\t\t\t\t\t<div class=\"elementor-element elementor-element-b348563 clients elementor-widget elementor-widget-image-carousel\" data-id=\"b348563\" data-element_type=\"widget\" data-e-type=\"widget\" data-settings=\"{&quot;slides_to_show&quot;:&quot;5&quot;,&quot;navigation&quot;:&quot;none&quot;,&quot;image_spacing_custom&quot;:{&quot;unit&quot;:&quot;px&quot;,&quot;size&quot;:100,&quot;sizes&quot;:[]},&quot;slides_to_show_tablet&quot;:&quot;4&quot;,&quot;slides_to_show_mobile&quot;:&quot;2&quot;,&quot;autoplay&quot;:&quot;yes&quot;,&quot;pause_on_hover&quot;:&quot;yes&quot;,&quot;pause_on_interaction&quot;:&quot;yes&quot;,&quot;autoplay_speed&quot;:5000,&quot;infinite&quot;:&quot;yes&quot;,&quot;speed&quot;:500,&quot;image_spacing_custom_tablet&quot;:{&quot;unit&quot;:&quot;px&quot;,&quot;size&quot;:&quot;&quot;,&quot;sizes&quot;:[]},&quot;image_spacing_custom_mobile&quot;:{&quot;unit&quot;:&quot;px&quot;,&quot;size&quot;:&quot;&quot;,&quot;sizes&quot;:[]}}\" data-widget_type=\"image-carousel.default\">\n\t\t\t\t<div class=\"elementor-widget-container\">\n\t\t\t\t\t\t\t<div class=\"elementor-image-carousel-wrapper swiper\" role=\"region\" aria-roledescription=\"carousel\" aria-label=\"Karuzela obrazk\u00f3w\" dir=\"ltr\">\n\t\t\t<div class=\"elementor-image-carousel swiper-wrapper\" aria-live=\"off\">\n\t\t\t\t\t\t\t\t<div class=\"swiper-slide\" role=\"group\" aria-roledescription=\"slide\" aria-label=\"1 z 10\"><figure class=\"swiper-slide-inner\"><img decoding=\"async\" class=\"swiper-slide-image\" src=\"https:\/\/www.boccard.com\/wp-content\/uploads\/2023\/08\/Logo_LOre\u2560ual.jpg\" alt=\"\" \/><\/figure><\/div><div class=\"swiper-slide\" role=\"group\" aria-roledescription=\"slide\" aria-label=\"2 z 10\"><figure class=\"swiper-slide-inner\"><img decoding=\"async\" class=\"swiper-slide-image\" src=\"https:\/\/www.boccard.com\/wp-content\/uploads\/2023\/08\/Logo_Alstom-1.jpg\" alt=\"\" \/><\/figure><\/div><div class=\"swiper-slide\" role=\"group\" aria-roledescription=\"slide\" aria-label=\"3 z 10\"><figure class=\"swiper-slide-inner\"><img decoding=\"async\" class=\"swiper-slide-image\" src=\"https:\/\/www.boccard.com\/wp-content\/uploads\/2023\/08\/Logo_bonduelle.jpg\" alt=\"\" \/><\/figure><\/div><div class=\"swiper-slide\" role=\"group\" aria-roledescription=\"slide\" aria-label=\"4 z 10\"><figure class=\"swiper-slide-inner\"><img decoding=\"async\" class=\"swiper-slide-image\" src=\"https:\/\/www.boccard.com\/wp-content\/uploads\/2023\/08\/Logo_EDF-1.jpg\" alt=\"\" \/><\/figure><\/div><div class=\"swiper-slide\" role=\"group\" aria-roledescription=\"slide\" aria-label=\"5 z 10\"><figure class=\"swiper-slide-inner\"><img decoding=\"async\" class=\"swiper-slide-image\" src=\"https:\/\/www.boccard.com\/wp-content\/uploads\/2023\/08\/Logo_Voltalia.jpg\" alt=\"\" \/><\/figure><\/div><div class=\"swiper-slide\" role=\"group\" aria-roledescription=\"slide\" aria-label=\"6 z 10\"><figure class=\"swiper-slide-inner\"><img decoding=\"async\" class=\"swiper-slide-image\" src=\"https:\/\/www.boccard.com\/wp-content\/uploads\/2023\/08\/Logo_ArcelorMittal.jpg\" alt=\"\" \/><\/figure><\/div><div class=\"swiper-slide\" role=\"group\" aria-roledescription=\"slide\" aria-label=\"7 z 10\"><figure class=\"swiper-slide-inner\"><img decoding=\"async\" class=\"swiper-slide-image\" src=\"https:\/\/www.boccard.com\/wp-content\/uploads\/2023\/08\/Logo_AB_InBev.jpg\" alt=\"\" \/><\/figure><\/div><div class=\"swiper-slide\" role=\"group\" aria-roledescription=\"slide\" aria-label=\"8 z 10\"><figure class=\"swiper-slide-inner\"><img decoding=\"async\" class=\"swiper-slide-image\" src=\"https:\/\/www.boccard.com\/wp-content\/uploads\/2023\/08\/Logo_Sanofi.jpg\" alt=\"\" \/><\/figure><\/div><div class=\"swiper-slide\" role=\"group\" aria-roledescription=\"slide\" aria-label=\"9 z 10\"><figure class=\"swiper-slide-inner\"><img decoding=\"async\" class=\"swiper-slide-image\" src=\"https:\/\/www.boccard.com\/wp-content\/uploads\/2023\/08\/Logo_Orano.jpg\" alt=\"\" \/><\/figure><\/div><div class=\"swiper-slide\" role=\"group\" aria-roledescription=\"slide\" aria-label=\"10 z 10\"><figure class=\"swiper-slide-inner\"><img decoding=\"async\" class=\"swiper-slide-image\" src=\"https:\/\/www.boccard.com\/wp-content\/uploads\/2023\/08\/Logo_Danone-1.jpg\" alt=\"\" \/><\/figure><\/div>\t\t\t<\/div>\n\t\t\t\t\t\t\t\n\t\t\t\t\t\t\t\t\t<\/div>\n\t\t\t\t\t\t<\/div>\n\t\t\t\t<\/div>\n\t\t\t\t\t<\/div>\n\t\t<\/div>\n\t\t\t\t\t<\/div>\n\t\t<\/section>\n\t\t\t\t<\/div>\n\t\t","protected":false},"excerpt":{"rendered":"<p>OdkryjNasze Aktualno\u015bci Planuj\u0105 Pa\u0144stwo projekt? Zapraszamy do kontaktu NASI KLIENCIZaufali nam<\/p>\n","protected":false},"author":8,"featured_media":0,"parent":0,"menu_order":0,"comment_status":"closed","ping_status":"closed","template":"","meta":{"footnotes":""},"class_list":["post-56562","page","type-page","status-publish","hentry"],"yoast_head":"<!-- This site is optimized with the Yoast SEO plugin v27.3 - https:\/\/yoast.com\/product\/yoast-seo-wordpress\/ -->\n<title>Aktualno\u015bci - Boccard<\/title>\n<meta name=\"robots\" content=\"index, follow, max-snippet:-1, max-image-preview:large, max-video-preview:-1\" \/>\n<link rel=\"canonical\" href=\"https:\/\/www.boccard.com\/pl\/aktualnosci\/\" \/>\n<meta property=\"og:locale\" content=\"pl_PL\" \/>\n<meta property=\"og:type\" content=\"article\" \/>\n<meta property=\"og:title\" content=\"Aktualno\u015bci - Boccard\" \/>\n<meta property=\"og:description\" content=\"OdkryjNasze Aktualno\u015bci Planuj\u0105 Pa\u0144stwo projekt? Zapraszamy do kontaktu NASI KLIENCIZaufali nam\" \/>\n<meta property=\"og:url\" content=\"https:\/\/www.boccard.com\/pl\/aktualnosci\/\" \/>\n<meta property=\"og:site_name\" content=\"Boccard\" \/>\n<meta property=\"article:modified_time\" content=\"2023-10-26T06:18:39+00:00\" \/>\n<meta property=\"og:image\" content=\"https:\/\/boccard.com\/wp-content\/uploads\/2023\/08\/Logo_Alstom-1.jpg\" \/>\n<meta name=\"twitter:card\" content=\"summary_large_image\" \/>\n<meta name=\"twitter:label1\" content=\"Szacowany czas czytania\" \/>\n\t<meta name=\"twitter:data1\" content=\"5 minut\" \/>\n<script type=\"application\/ld+json\" class=\"yoast-schema-graph\">{\"@context\":\"https:\\\/\\\/schema.org\",\"@graph\":[{\"@type\":\"WebPage\",\"@id\":\"https:\\\/\\\/www.boccard.com\\\/pl\\\/aktualnosci\\\/\",\"url\":\"https:\\\/\\\/www.boccard.com\\\/pl\\\/aktualnosci\\\/\",\"name\":\"Aktualno\u015bci - Boccard\",\"isPartOf\":{\"@id\":\"https:\\\/\\\/www.boccard.com\\\/pl\\\/#website\"},\"primaryImageOfPage\":{\"@id\":\"https:\\\/\\\/www.boccard.com\\\/pl\\\/aktualnosci\\\/#primaryimage\"},\"image\":{\"@id\":\"https:\\\/\\\/www.boccard.com\\\/pl\\\/aktualnosci\\\/#primaryimage\"},\"thumbnailUrl\":\"https:\\\/\\\/boccard.com\\\/wp-content\\\/uploads\\\/2023\\\/08\\\/Logo_Alstom-1.jpg\",\"datePublished\":\"2023-08-22T13:33:24+00:00\",\"dateModified\":\"2023-10-26T06:18:39+00:00\",\"breadcrumb\":{\"@id\":\"https:\\\/\\\/www.boccard.com\\\/pl\\\/aktualnosci\\\/#breadcrumb\"},\"inLanguage\":\"pl-PL\",\"potentialAction\":[{\"@type\":\"ReadAction\",\"target\":[\"https:\\\/\\\/www.boccard.com\\\/pl\\\/aktualnosci\\\/\"]}]},{\"@type\":\"ImageObject\",\"inLanguage\":\"pl-PL\",\"@id\":\"https:\\\/\\\/www.boccard.com\\\/pl\\\/aktualnosci\\\/#primaryimage\",\"url\":\"https:\\\/\\\/boccard.com\\\/wp-content\\\/uploads\\\/2023\\\/08\\\/Logo_Alstom-1.jpg\",\"contentUrl\":\"https:\\\/\\\/boccard.com\\\/wp-content\\\/uploads\\\/2023\\\/08\\\/Logo_Alstom-1.jpg\"},{\"@type\":\"BreadcrumbList\",\"@id\":\"https:\\\/\\\/www.boccard.com\\\/pl\\\/aktualnosci\\\/#breadcrumb\",\"itemListElement\":[{\"@type\":\"ListItem\",\"position\":1,\"name\":\"Accueil\",\"item\":\"https:\\\/\\\/www.boccard.com\\\/pl\\\/\"},{\"@type\":\"ListItem\",\"position\":2,\"name\":\"Aktualno\u015bci\"}]},{\"@type\":\"WebSite\",\"@id\":\"https:\\\/\\\/www.boccard.com\\\/pl\\\/#website\",\"url\":\"https:\\\/\\\/www.boccard.com\\\/pl\\\/\",\"name\":\"Boccard\",\"description\":\"\",\"publisher\":{\"@id\":\"https:\\\/\\\/www.boccard.com\\\/pl\\\/#organization\"},\"potentialAction\":[{\"@type\":\"SearchAction\",\"target\":{\"@type\":\"EntryPoint\",\"urlTemplate\":\"https:\\\/\\\/www.boccard.com\\\/pl\\\/?s={search_term_string}\"},\"query-input\":{\"@type\":\"PropertyValueSpecification\",\"valueRequired\":true,\"valueName\":\"search_term_string\"}}],\"inLanguage\":\"pl-PL\"},{\"@type\":\"Organization\",\"@id\":\"https:\\\/\\\/www.boccard.com\\\/pl\\\/#organization\",\"name\":\"Boccard\",\"url\":\"https:\\\/\\\/www.boccard.com\\\/pl\\\/\",\"logo\":{\"@type\":\"ImageObject\",\"inLanguage\":\"pl-PL\",\"@id\":\"https:\\\/\\\/www.boccard.com\\\/pl\\\/#\\\/schema\\\/logo\\\/image\\\/\",\"url\":\"https:\\\/\\\/www.boccard.com\\\/wp-content\\\/uploads\\\/2023\\\/08\\\/LOGO-BOCCARD-BLEU-SUR-FOND-TRANSPARENT.png\",\"contentUrl\":\"https:\\\/\\\/www.boccard.com\\\/wp-content\\\/uploads\\\/2023\\\/08\\\/LOGO-BOCCARD-BLEU-SUR-FOND-TRANSPARENT.png\",\"width\":1423,\"height\":333,\"caption\":\"Boccard\"},\"image\":{\"@id\":\"https:\\\/\\\/www.boccard.com\\\/pl\\\/#\\\/schema\\\/logo\\\/image\\\/\"},\"sameAs\":[\"https:\\\/\\\/www.linkedin.com\\\/company\\\/boccard\"]}]}<\/script>\n<!-- \/ Yoast SEO plugin. -->","yoast_head_json":{"title":"Aktualno\u015bci - Boccard","robots":{"index":"index","follow":"follow","max-snippet":"max-snippet:-1","max-image-preview":"max-image-preview:large","max-video-preview":"max-video-preview:-1"},"canonical":"https:\/\/www.boccard.com\/pl\/aktualnosci\/","og_locale":"pl_PL","og_type":"article","og_title":"Aktualno\u015bci - Boccard","og_description":"OdkryjNasze Aktualno\u015bci Planuj\u0105 Pa\u0144stwo projekt? Zapraszamy do kontaktu NASI KLIENCIZaufali nam","og_url":"https:\/\/www.boccard.com\/pl\/aktualnosci\/","og_site_name":"Boccard","article_modified_time":"2023-10-26T06:18:39+00:00","og_image":[{"url":"https:\/\/boccard.com\/wp-content\/uploads\/2023\/08\/Logo_Alstom-1.jpg","type":"","width":"","height":""}],"twitter_card":"summary_large_image","twitter_misc":{"Szacowany czas czytania":"5 minut"},"schema":{"@context":"https:\/\/schema.org","@graph":[{"@type":"WebPage","@id":"https:\/\/www.boccard.com\/pl\/aktualnosci\/","url":"https:\/\/www.boccard.com\/pl\/aktualnosci\/","name":"Aktualno\u015bci - Boccard","isPartOf":{"@id":"https:\/\/www.boccard.com\/pl\/#website"},"primaryImageOfPage":{"@id":"https:\/\/www.boccard.com\/pl\/aktualnosci\/#primaryimage"},"image":{"@id":"https:\/\/www.boccard.com\/pl\/aktualnosci\/#primaryimage"},"thumbnailUrl":"https:\/\/boccard.com\/wp-content\/uploads\/2023\/08\/Logo_Alstom-1.jpg","datePublished":"2023-08-22T13:33:24+00:00","dateModified":"2023-10-26T06:18:39+00:00","breadcrumb":{"@id":"https:\/\/www.boccard.com\/pl\/aktualnosci\/#breadcrumb"},"inLanguage":"pl-PL","potentialAction":[{"@type":"ReadAction","target":["https:\/\/www.boccard.com\/pl\/aktualnosci\/"]}]},{"@type":"ImageObject","inLanguage":"pl-PL","@id":"https:\/\/www.boccard.com\/pl\/aktualnosci\/#primaryimage","url":"https:\/\/boccard.com\/wp-content\/uploads\/2023\/08\/Logo_Alstom-1.jpg","contentUrl":"https:\/\/boccard.com\/wp-content\/uploads\/2023\/08\/Logo_Alstom-1.jpg"},{"@type":"BreadcrumbList","@id":"https:\/\/www.boccard.com\/pl\/aktualnosci\/#breadcrumb","itemListElement":[{"@type":"ListItem","position":1,"name":"Accueil","item":"https:\/\/www.boccard.com\/pl\/"},{"@type":"ListItem","position":2,"name":"Aktualno\u015bci"}]},{"@type":"WebSite","@id":"https:\/\/www.boccard.com\/pl\/#website","url":"https:\/\/www.boccard.com\/pl\/","name":"Boccard","description":"","publisher":{"@id":"https:\/\/www.boccard.com\/pl\/#organization"},"potentialAction":[{"@type":"SearchAction","target":{"@type":"EntryPoint","urlTemplate":"https:\/\/www.boccard.com\/pl\/?s={search_term_string}"},"query-input":{"@type":"PropertyValueSpecification","valueRequired":true,"valueName":"search_term_string"}}],"inLanguage":"pl-PL"},{"@type":"Organization","@id":"https:\/\/www.boccard.com\/pl\/#organization","name":"Boccard","url":"https:\/\/www.boccard.com\/pl\/","logo":{"@type":"ImageObject","inLanguage":"pl-PL","@id":"https:\/\/www.boccard.com\/pl\/#\/schema\/logo\/image\/","url":"https:\/\/www.boccard.com\/wp-content\/uploads\/2023\/08\/LOGO-BOCCARD-BLEU-SUR-FOND-TRANSPARENT.png","contentUrl":"https:\/\/www.boccard.com\/wp-content\/uploads\/2023\/08\/LOGO-BOCCARD-BLEU-SUR-FOND-TRANSPARENT.png","width":1423,"height":333,"caption":"Boccard"},"image":{"@id":"https:\/\/www.boccard.com\/pl\/#\/schema\/logo\/image\/"},"sameAs":["https:\/\/www.linkedin.com\/company\/boccard"]}]}},"_links":{"self":[{"href":"https:\/\/www.boccard.com\/pl\/wp-json\/wp\/v2\/pages\/56562","targetHints":{"allow":["GET"]}}],"collection":[{"href":"https:\/\/www.boccard.com\/pl\/wp-json\/wp\/v2\/pages"}],"about":[{"href":"https:\/\/www.boccard.com\/pl\/wp-json\/wp\/v2\/types\/page"}],"author":[{"embeddable":true,"href":"https:\/\/www.boccard.com\/pl\/wp-json\/wp\/v2\/users\/8"}],"replies":[{"embeddable":true,"href":"https:\/\/www.boccard.com\/pl\/wp-json\/wp\/v2\/comments?post=56562"}],"version-history":[{"count":4,"href":"https:\/\/www.boccard.com\/pl\/wp-json\/wp\/v2\/pages\/56562\/revisions"}],"predecessor-version":[{"id":59760,"href":"https:\/\/www.boccard.com\/pl\/wp-json\/wp\/v2\/pages\/56562\/revisions\/59760"}],"wp:attachment":[{"href":"https:\/\/www.boccard.com\/pl\/wp-json\/wp\/v2\/media?parent=56562"}],"curies":[{"name":"wp","href":"https:\/\/api.w.org\/{rel}","templated":true}]}}