{"id":56550,"date":"2023-08-21T10:53:16","date_gmt":"2023-08-21T10:53:16","guid":{"rendered":"https:\/\/boccard.com\/realizacje\/"},"modified":"2023-10-17T16:35:33","modified_gmt":"2023-10-17T16:35:33","slug":"realizacje","status":"publish","type":"page","link":"https:\/\/www.boccard.com\/pl\/realizacje\/","title":{"rendered":"Realizacje"},"content":{"rendered":"\t\t<div data-elementor-type=\"wp-page\" data-elementor-id=\"56550\" class=\"elementor elementor-56550 elementor-36\" data-elementor-post-type=\"page\">\n\t\t\t\t\t\t<section class=\"elementor-section elementor-top-section elementor-element elementor-element-8f33bca elementor-section-boxed elementor-section-height-default elementor-section-height-default\" data-id=\"8f33bca\" data-element_type=\"section\" data-e-type=\"section\" id=\"top\" data-settings=\"{&quot;background_background&quot;:&quot;classic&quot;}\">\n\t\t\t\t\t\t\t<div class=\"elementor-background-overlay\"><\/div>\n\t\t\t\t\t\t\t<div class=\"elementor-container elementor-column-gap-default\">\n\t\t\t\t\t<div class=\"elementor-column elementor-col-100 elementor-top-column elementor-element elementor-element-d5cd27b\" data-id=\"d5cd27b\" data-element_type=\"column\" data-e-type=\"column\">\n\t\t\t<div class=\"elementor-widget-wrap elementor-element-populated\">\n\t\t\t\t\t\t<div class=\"elementor-element elementor-element-e1ea517 elementor-widget elementor-widget-heading\" data-id=\"e1ea517\" data-element_type=\"widget\" data-e-type=\"widget\" data-widget_type=\"heading.default\">\n\t\t\t\t<div class=\"elementor-widget-container\">\n\t\t\t\t\t<h2 class=\"elementor-heading-title elementor-size-default\"><span class=\"lite\">Odkryj<\/span><br><span class=\"normal\">Nasze<\/span> rozwi\u0105zania dla Twojej bran\u017cy<\/h2>\t\t\t\t<\/div>\n\t\t\t\t<\/div>\n\t\t\t\t<div class=\"elementor-element elementor-element-9901556 elementor-widget elementor-widget-sidebar\" data-id=\"9901556\" data-element_type=\"widget\" data-e-type=\"widget\" data-widget_type=\"sidebar.default\">\n\t\t\t\t<div class=\"elementor-widget-container\">\n\t\t\t\t\t<li id=\"icl_lang_sel_widget-2\" class=\"widget widget_icl_lang_sel_widget\">\n<div\n\t role=\"navigation\" aria-label=\"Prze\u0142\u0105cznik j\u0119zyka\" class=\"wpml-ls-sidebars-mega-menu wpml-ls wpml-ls-legacy-dropdown js-wpml-ls-legacy-dropdown\">\n\t<ul>\n\t\t<li class=\"wpml-ls-slot-mega-menu wpml-ls-item wpml-ls-item-pl wpml-ls-current-language wpml-ls-item-legacy-dropdown\">\n\t\t\t<a href=\"#\" hreflang=\"\" lang=\"\" class=\"js-wpml-ls-item-toggle wpml-ls-item-toggle\" aria-current=\"page\" aria-expanded=\"false\" aria-controls=\"wpml-ls-submenu-default\" aria-label=\"Prze\u0142\u0105cznik j\u0119zyk\u00f3w, naci\u015bnij tab, aby przej\u015b\u0107 do innych j\u0119zyk\u00f3w\" title=\"Prze\u0142\u0105cz na PL (PL)\">\n\t\t\t\t<span class=\"wpml-ls-native\">PL<\/span><\/a>\n\n\t\t\t<ul id=\"wpml-ls-submenu-default\" class=\"wpml-ls-sub-menu\">\n\t\t\t\t\n\t\t\t\t\t<li class=\"wpml-ls-slot-mega-menu wpml-ls-item wpml-ls-item-en wpml-ls-first-item\">\n\t\t\t\t\t\t<a href=\"https:\/\/www.boccard.com\/\" hreflang=\"en\" lang=\"en\" class=\"wpml-ls-link\" aria-label=\"Prze\u0142\u0105cz na EN (EN)\" title=\"Prze\u0142\u0105cz na EN (EN)\">\n\t\t\t\t\t\t\t<span class=\"wpml-ls-native\">EN<\/span><\/a>\n\t\t\t\t\t<\/li>\n\n\t\t\t\t\n\t\t\t\t\t<li class=\"wpml-ls-slot-mega-menu wpml-ls-item wpml-ls-item-fr\">\n\t\t\t\t\t\t<a href=\"https:\/\/www.boccard.com\/fr\/\" hreflang=\"fr\" lang=\"fr\" class=\"wpml-ls-link\" aria-label=\"Prze\u0142\u0105cz na FR (FR)\" title=\"Prze\u0142\u0105cz na FR (FR)\">\n\t\t\t\t\t\t\t<span class=\"wpml-ls-native\">FR<\/span><\/a>\n\t\t\t\t\t<\/li>\n\n\t\t\t\t\n\t\t\t\t\t<li class=\"wpml-ls-slot-mega-menu wpml-ls-item wpml-ls-item-de\">\n\t\t\t\t\t\t<a href=\"https:\/\/www.boccard.com\/de\/\" hreflang=\"de\" lang=\"de\" class=\"wpml-ls-link\" aria-label=\"Prze\u0142\u0105cz na DE (DE)\" title=\"Prze\u0142\u0105cz na DE (DE)\">\n\t\t\t\t\t\t\t<span class=\"wpml-ls-native\">DE<\/span><\/a>\n\t\t\t\t\t<\/li>\n\n\t\t\t\t\n\t\t\t\t\t<li class=\"wpml-ls-slot-mega-menu wpml-ls-item wpml-ls-item-es\">\n\t\t\t\t\t\t<a href=\"https:\/\/www.boccard.com\/es\/\" hreflang=\"es\" lang=\"es\" class=\"wpml-ls-link\" aria-label=\"Prze\u0142\u0105cz na ES (ES)\" title=\"Prze\u0142\u0105cz na ES (ES)\">\n\t\t\t\t\t\t\t<span class=\"wpml-ls-native\">ES<\/span><\/a>\n\t\t\t\t\t<\/li>\n\n\t\t\t\t\n\t\t\t\t\t<li class=\"wpml-ls-slot-mega-menu wpml-ls-item wpml-ls-item-pt-pt wpml-ls-last-item\">\n\t\t\t\t\t\t<a href=\"https:\/\/www.boccard.com\/pt-pt\/\" hreflang=\"pt-pt\" lang=\"pt-pt\" class=\"wpml-ls-link\" aria-label=\"Prze\u0142\u0105cz na PT (PT)\" title=\"Prze\u0142\u0105cz na PT (PT)\">\n\t\t\t\t\t\t\t<span class=\"wpml-ls-native\">PT<\/span><\/a>\n\t\t\t\t\t<\/li>\n\n\t\t\t\t\t\t\t<\/ul>\n\n\t\t<\/li>\n\n\t<\/ul>\n<\/div>\n<\/li>\n<li id=\"block-12\" class=\"widget widget_block\">\n<div class=\"wp-block-columns is-layout-flex wp-container-core-columns-is-layout-28f84493 wp-block-columns-is-layout-flex\">\n<div class=\"wp-block-column is-layout-flow wp-block-column-is-layout-flow\" style=\"flex-basis:100%\">\n<div class=\"wp-block-group is-vertical is-layout-flex wp-container-core-group-is-layout-fe9cc265 wp-block-group-is-layout-flex\"><ul class=\"wp-block-categories-list wp-block-categories\">\t<li class=\"cat-item cat-item-97\"><a href=\"https:\/\/www.boccard.com\/pl\/category\/aktualnosci\/\">Aktualno\u015bci<\/a>\n<\/li>\n\t<li class=\"cat-item cat-item-10\"><a href=\"https:\/\/www.boccard.com\/pl\/category\/bez-kategorii\/\">Bez kategorii<\/a>\n<\/li>\n\t<li class=\"cat-item cat-item-191\"><a href=\"https:\/\/www.boccard.com\/pl\/category\/employees-first-pl\/\">Employees first<\/a>\n<\/li>\n\t<li class=\"cat-item cat-item-89\"><a href=\"https:\/\/www.boccard.com\/pl\/category\/energetyka-i-przemysl\/\">Energetyka i Przemys\u0142<\/a>\n<\/li>\n\t<li class=\"cat-item cat-item-224\"><a href=\"https:\/\/www.boccard.com\/pl\/category\/energetyka-jadrowa\/\">Energetyka j\u0105drowa<\/a>\n<\/li>\n\t<li class=\"cat-item cat-item-96\"><a href=\"https:\/\/www.boccard.com\/pl\/category\/farmacja-i-biotechnologia\/\">Farmacja i Biotechnologia<\/a>\n<\/li>\n\t<li class=\"cat-item cat-item-436\"><a href=\"https:\/\/www.boccard.com\/pl\/category\/kosmetyki\/\">Kosmetyki<\/a>\n<\/li>\n\t<li class=\"cat-item cat-item-90\"><a href=\"https:\/\/www.boccard.com\/pl\/category\/kosmetyki-i-higiena\/\">Kosmetyki i higiena<\/a>\n<\/li>\n\t<li class=\"cat-item cat-item-173\"><a href=\"https:\/\/www.boccard.com\/pl\/category\/przemysl-chemiczny\/\">Przemys\u0142 Chemiczny<\/a>\n<\/li>\n\t<li class=\"cat-item cat-item-88\"><a href=\"https:\/\/www.boccard.com\/pl\/category\/realizacje\/\">Realizacje<\/a>\n<\/li>\n\t<li class=\"cat-item cat-item-94\"><a href=\"https:\/\/www.boccard.com\/pl\/category\/zywnosc-i-napoje\/\">\u017bywno\u015b\u0107 i napoje<\/a>\n<\/li>\n<\/ul><\/div>\n<\/div>\n<\/div>\n<\/li>\n<li id=\"block-11\" class=\"widget widget_block widget_media_image\">\n<figure class=\"wp-block-image size-full\"><a href=\"https:\/\/www.boccard.com\/pl\/localizacje\/boccard-na-swiecie\/\"><img fetchpriority=\"high\" decoding=\"async\" fetchpriority=\"high\" width=\"2510\" height=\"1128\" src=\"https:\/\/www.boccard.com\/wp-content\/uploads\/2023\/10\/mappemondeboccard.png\" alt=\"\" class=\"wp-image-61541\" srcset=\"https:\/\/www.boccard.com\/wp-content\/uploads\/2023\/10\/mappemondeboccard.png 2510w, https:\/\/www.boccard.com\/wp-content\/uploads\/2023\/10\/mappemondeboccard-300x135.png 300w, https:\/\/www.boccard.com\/wp-content\/uploads\/2023\/10\/mappemondeboccard-1024x460.png 1024w, https:\/\/www.boccard.com\/wp-content\/uploads\/2023\/10\/mappemondeboccard-768x345.png 768w, https:\/\/www.boccard.com\/wp-content\/uploads\/2023\/10\/mappemondeboccard-1536x690.png 1536w, https:\/\/www.boccard.com\/wp-content\/uploads\/2023\/10\/mappemondeboccard-2048x920.png 2048w\" sizes=\"(max-width: 2510px) 100vw, 2510px\" \/><\/a><\/figure><\/li>\n\t\t\t\t<\/div>\n\t\t\t\t<\/div>\n\t\t\t\t\t<\/div>\n\t\t<\/div>\n\t\t\t\t\t<\/div>\n\t\t<\/section>\n\t\t\t\t<section class=\"elementor-section elementor-top-section elementor-element elementor-element-2b1c9ef elementor-section-boxed elementor-section-height-default elementor-section-height-default\" data-id=\"2b1c9ef\" data-element_type=\"section\" data-e-type=\"section\">\n\t\t\t\t\t\t<div class=\"elementor-container elementor-column-gap-default\">\n\t\t\t\t\t<div class=\"elementor-column elementor-col-100 elementor-top-column elementor-element elementor-element-cf1c4c9\" data-id=\"cf1c4c9\" data-element_type=\"column\" data-e-type=\"column\">\n\t\t\t<div class=\"elementor-widget-wrap elementor-element-populated\">\n\t\t\t\t\t\t\t<\/div>\n\t\t<\/div>\n\t\t\t\t\t<\/div>\n\t\t<\/section>\n\t\t\t\t<section class=\"elementor-section elementor-top-section elementor-element elementor-element-b1256ea elementor-section-content-middle elementor-section-boxed elementor-section-height-default elementor-section-height-default\" data-id=\"b1256ea\" data-element_type=\"section\" data-e-type=\"section\" data-settings=\"{&quot;background_background&quot;:&quot;classic&quot;}\">\n\t\t\t\t\t\t<div class=\"elementor-container elementor-column-gap-default\">\n\t\t\t\t\t<div class=\"elementor-column elementor-col-50 elementor-top-column elementor-element elementor-element-ef53e3e\" data-id=\"ef53e3e\" data-element_type=\"column\" data-e-type=\"column\">\n\t\t\t<div class=\"elementor-widget-wrap elementor-element-populated\">\n\t\t\t\t\t\t<div class=\"elementor-element elementor-element-016c92b elementor-widget elementor-widget-heading\" data-id=\"016c92b\" data-element_type=\"widget\" data-e-type=\"widget\" data-widget_type=\"heading.default\">\n\t\t\t\t<div class=\"elementor-widget-container\">\n\t\t\t\t\t<h2 class=\"elementor-heading-title elementor-size-default\">Planuj\u0105 Pa\u0144stwo projekt?<\/h2>\t\t\t\t<\/div>\n\t\t\t\t<\/div>\n\t\t\t\t\t<\/div>\n\t\t<\/div>\n\t\t\t\t<div class=\"elementor-column elementor-col-50 elementor-top-column elementor-element elementor-element-afc8a88\" data-id=\"afc8a88\" data-element_type=\"column\" data-e-type=\"column\">\n\t\t\t<div class=\"elementor-widget-wrap elementor-element-populated\">\n\t\t\t\t\t\t<div class=\"elementor-element elementor-element-1bc2376 elementor-align-right elementor-mobile-align-center elementor-widget elementor-widget-button\" data-id=\"1bc2376\" data-element_type=\"widget\" data-e-type=\"widget\" data-widget_type=\"button.default\">\n\t\t\t\t<div class=\"elementor-widget-container\">\n\t\t\t\t\t\t\t\t\t<div class=\"elementor-button-wrapper\">\n\t\t\t\t\t<a class=\"elementor-button elementor-button-link elementor-size-sm\" href=\"https:\/\/www.boccard.com\/fr\/contact-form\/\">\n\t\t\t\t\t\t<span class=\"elementor-button-content-wrapper\">\n\t\t\t\t\t\t\t\t\t<span class=\"elementor-button-text\">Zapraszamy do kontaktu<\/span>\n\t\t\t\t\t<\/span>\n\t\t\t\t\t<\/a>\n\t\t\t\t<\/div>\n\t\t\t\t\t\t\t\t<\/div>\n\t\t\t\t<\/div>\n\t\t\t\t\t<\/div>\n\t\t<\/div>\n\t\t\t\t\t<\/div>\n\t\t<\/section>\n\t\t\t\t<section class=\"elementor-section elementor-top-section elementor-element elementor-element-8a6fa65 elementor-section-boxed elementor-section-height-default elementor-section-height-default\" data-id=\"8a6fa65\" data-element_type=\"section\" data-e-type=\"section\" data-settings=\"{&quot;background_background&quot;:&quot;classic&quot;}\">\n\t\t\t\t\t\t<div class=\"elementor-container elementor-column-gap-default\">\n\t\t\t\t\t<div class=\"elementor-column elementor-col-50 elementor-top-column elementor-element elementor-element-5ce0d59\" data-id=\"5ce0d59\" data-element_type=\"column\" data-e-type=\"column\">\n\t\t\t<div class=\"elementor-widget-wrap elementor-element-populated\">\n\t\t\t\t\t\t<div class=\"elementor-element elementor-element-1b35cd9 clair elementor-widget elementor-widget-heading\" data-id=\"1b35cd9\" data-element_type=\"widget\" data-e-type=\"widget\" data-widget_type=\"heading.default\">\n\t\t\t\t<div class=\"elementor-widget-container\">\n\t\t\t\t\t<h2 class=\"elementor-heading-title elementor-size-default\"><span class=\"lite\">NASI KLIENCI<\/span><br><span class=\"normal\">Zaufali nam<\/span><\/h2>\t\t\t\t<\/div>\n\t\t\t\t<\/div>\n\t\t\t\t\t<\/div>\n\t\t<\/div>\n\t\t\t\t<div class=\"elementor-column elementor-col-50 elementor-top-column elementor-element elementor-element-72d032c elementor-hidden-tablet elementor-hidden-mobile\" data-id=\"72d032c\" data-element_type=\"column\" data-e-type=\"column\">\n\t\t\t<div class=\"elementor-widget-wrap\">\n\t\t\t\t\t\t\t<\/div>\n\t\t<\/div>\n\t\t\t\t\t<\/div>\n\t\t<\/section>\n\t\t\t\t<section class=\"elementor-section elementor-top-section elementor-element elementor-element-3fc026b elementor-section-boxed elementor-section-height-default elementor-section-height-default\" data-id=\"3fc026b\" data-element_type=\"section\" data-e-type=\"section\">\n\t\t\t\t\t\t<div class=\"elementor-container elementor-column-gap-default\">\n\t\t\t\t\t<div class=\"elementor-column elementor-col-100 elementor-top-column elementor-element elementor-element-23618c1\" data-id=\"23618c1\" data-element_type=\"column\" data-e-type=\"column\">\n\t\t\t<div class=\"elementor-widget-wrap elementor-element-populated\">\n\t\t\t\t\t\t<div class=\"elementor-element elementor-element-8c134f2 clients elementor-widget elementor-widget-image-carousel\" data-id=\"8c134f2\" data-element_type=\"widget\" data-e-type=\"widget\" data-settings=\"{&quot;slides_to_show&quot;:&quot;5&quot;,&quot;navigation&quot;:&quot;none&quot;,&quot;image_spacing_custom&quot;:{&quot;unit&quot;:&quot;px&quot;,&quot;size&quot;:100,&quot;sizes&quot;:[]},&quot;slides_to_show_tablet&quot;:&quot;4&quot;,&quot;slides_to_show_mobile&quot;:&quot;2&quot;,&quot;autoplay&quot;:&quot;yes&quot;,&quot;pause_on_hover&quot;:&quot;yes&quot;,&quot;pause_on_interaction&quot;:&quot;yes&quot;,&quot;autoplay_speed&quot;:5000,&quot;infinite&quot;:&quot;yes&quot;,&quot;speed&quot;:500,&quot;image_spacing_custom_tablet&quot;:{&quot;unit&quot;:&quot;px&quot;,&quot;size&quot;:&quot;&quot;,&quot;sizes&quot;:[]},&quot;image_spacing_custom_mobile&quot;:{&quot;unit&quot;:&quot;px&quot;,&quot;size&quot;:&quot;&quot;,&quot;sizes&quot;:[]}}\" data-widget_type=\"image-carousel.default\">\n\t\t\t\t<div class=\"elementor-widget-container\">\n\t\t\t\t\t\t\t<div class=\"elementor-image-carousel-wrapper swiper\" role=\"region\" aria-roledescription=\"carousel\" aria-label=\"Karuzela obrazk\u00f3w\" dir=\"ltr\">\n\t\t\t<div class=\"elementor-image-carousel swiper-wrapper\" aria-live=\"off\">\n\t\t\t\t\t\t\t\t<div class=\"swiper-slide\" role=\"group\" aria-roledescription=\"slide\" aria-label=\"1 z 10\"><figure class=\"swiper-slide-inner\"><img decoding=\"async\" class=\"swiper-slide-image\" src=\"https:\/\/boccard.com\/wp-content\/uploads\/2023\/08\/Logo_LOre\u2560ual.jpg\" alt=\"\" \/><\/figure><\/div><div class=\"swiper-slide\" role=\"group\" aria-roledescription=\"slide\" aria-label=\"2 z 10\"><figure class=\"swiper-slide-inner\"><img decoding=\"async\" class=\"swiper-slide-image\" src=\"https:\/\/boccard.com\/wp-content\/uploads\/2023\/08\/Logo_Alstom-1.jpg\" alt=\"\" \/><\/figure><\/div><div class=\"swiper-slide\" role=\"group\" aria-roledescription=\"slide\" aria-label=\"3 z 10\"><figure class=\"swiper-slide-inner\"><img decoding=\"async\" class=\"swiper-slide-image\" src=\"https:\/\/boccard.com\/wp-content\/uploads\/2023\/08\/Logo_bonduelle.jpg\" alt=\"\" \/><\/figure><\/div><div class=\"swiper-slide\" role=\"group\" aria-roledescription=\"slide\" aria-label=\"4 z 10\"><figure class=\"swiper-slide-inner\"><img decoding=\"async\" class=\"swiper-slide-image\" src=\"https:\/\/boccard.com\/wp-content\/uploads\/2023\/08\/Logo_EDF-1.jpg\" alt=\"\" \/><\/figure><\/div><div class=\"swiper-slide\" role=\"group\" aria-roledescription=\"slide\" aria-label=\"5 z 10\"><figure class=\"swiper-slide-inner\"><img decoding=\"async\" class=\"swiper-slide-image\" src=\"https:\/\/boccard.com\/wp-content\/uploads\/2023\/08\/Logo_Voltalia.jpg\" alt=\"\" \/><\/figure><\/div><div class=\"swiper-slide\" role=\"group\" aria-roledescription=\"slide\" aria-label=\"6 z 10\"><figure class=\"swiper-slide-inner\"><img decoding=\"async\" class=\"swiper-slide-image\" src=\"https:\/\/boccard.com\/wp-content\/uploads\/2023\/08\/Logo_ArcelorMittal.jpg\" alt=\"\" \/><\/figure><\/div><div class=\"swiper-slide\" role=\"group\" aria-roledescription=\"slide\" aria-label=\"7 z 10\"><figure class=\"swiper-slide-inner\"><img decoding=\"async\" class=\"swiper-slide-image\" src=\"https:\/\/boccard.com\/wp-content\/uploads\/2023\/08\/Logo_AB_InBev.jpg\" alt=\"\" \/><\/figure><\/div><div class=\"swiper-slide\" role=\"group\" aria-roledescription=\"slide\" aria-label=\"8 z 10\"><figure class=\"swiper-slide-inner\"><img decoding=\"async\" class=\"swiper-slide-image\" src=\"https:\/\/boccard.com\/wp-content\/uploads\/2023\/08\/Logo_Sanofi.jpg\" alt=\"\" \/><\/figure><\/div><div class=\"swiper-slide\" role=\"group\" aria-roledescription=\"slide\" aria-label=\"9 z 10\"><figure class=\"swiper-slide-inner\"><img decoding=\"async\" class=\"swiper-slide-image\" src=\"https:\/\/boccard.com\/wp-content\/uploads\/2023\/08\/Logo_Orano.jpg\" alt=\"\" \/><\/figure><\/div><div class=\"swiper-slide\" role=\"group\" aria-roledescription=\"slide\" aria-label=\"10 z 10\"><figure class=\"swiper-slide-inner\"><img decoding=\"async\" class=\"swiper-slide-image\" src=\"https:\/\/boccard.com\/wp-content\/uploads\/2023\/08\/Logo_Danone-1.jpg\" alt=\"\" \/><\/figure><\/div>\t\t\t<\/div>\n\t\t\t\t\t\t\t\n\t\t\t\t\t\t\t\t\t<\/div>\n\t\t\t\t\t\t<\/div>\n\t\t\t\t<\/div>\n\t\t\t\t\t<\/div>\n\t\t<\/div>\n\t\t\t\t\t<\/div>\n\t\t<\/section>\n\t\t\t\t<\/div>\n\t\t","protected":false},"excerpt":{"rendered":"<p>Odkryj Nasze rozwi\u0105zania dla Twojej bran\u017cy Planuj\u0105 Pa\u0144stwo projekt? Zapraszamy do kontaktu NASI KLIENCI Zaufali nam<\/p>\n","protected":false},"author":8,"featured_media":0,"parent":0,"menu_order":0,"comment_status":"closed","ping_status":"closed","template":"","meta":{"footnotes":""},"class_list":["post-56550","page","type-page","status-publish","hentry"],"yoast_head":"<!-- This site is optimized with the Yoast SEO plugin v27.3 - https:\/\/yoast.com\/product\/yoast-seo-wordpress\/ -->\n<title>Realizacje - Boccard<\/title>\n<meta name=\"robots\" content=\"index, follow, max-snippet:-1, max-image-preview:large, max-video-preview:-1\" \/>\n<link rel=\"canonical\" href=\"https:\/\/www.boccard.com\/pl\/realizacje\/\" \/>\n<meta property=\"og:locale\" content=\"pl_PL\" \/>\n<meta property=\"og:type\" content=\"article\" \/>\n<meta property=\"og:title\" content=\"Realizacje - Boccard\" \/>\n<meta property=\"og:description\" content=\"Odkryj Nasze rozwi\u0105zania dla Twojej bran\u017cy Planuj\u0105 Pa\u0144stwo projekt? Zapraszamy do kontaktu NASI KLIENCI Zaufali nam\" \/>\n<meta property=\"og:url\" content=\"https:\/\/www.boccard.com\/pl\/realizacje\/\" \/>\n<meta property=\"og:site_name\" content=\"Boccard\" \/>\n<meta property=\"article:modified_time\" content=\"2023-10-17T16:35:33+00:00\" \/>\n<meta property=\"og:image\" content=\"https:\/\/boccard.com\/wp-content\/uploads\/2023\/08\/Logo_Alstom-1.jpg\" \/>\n<meta name=\"twitter:card\" content=\"summary_large_image\" \/>\n<meta name=\"twitter:label1\" content=\"Szacowany czas czytania\" \/>\n\t<meta name=\"twitter:data1\" content=\"3 minuty\" \/>\n<script type=\"application\/ld+json\" class=\"yoast-schema-graph\">{\"@context\":\"https:\\\/\\\/schema.org\",\"@graph\":[{\"@type\":\"WebPage\",\"@id\":\"https:\\\/\\\/www.boccard.com\\\/pl\\\/realizacje\\\/\",\"url\":\"https:\\\/\\\/www.boccard.com\\\/pl\\\/realizacje\\\/\",\"name\":\"Realizacje - Boccard\",\"isPartOf\":{\"@id\":\"https:\\\/\\\/www.boccard.com\\\/pl\\\/#website\"},\"primaryImageOfPage\":{\"@id\":\"https:\\\/\\\/www.boccard.com\\\/pl\\\/realizacje\\\/#primaryimage\"},\"image\":{\"@id\":\"https:\\\/\\\/www.boccard.com\\\/pl\\\/realizacje\\\/#primaryimage\"},\"thumbnailUrl\":\"https:\\\/\\\/boccard.com\\\/wp-content\\\/uploads\\\/2023\\\/08\\\/Logo_Alstom-1.jpg\",\"datePublished\":\"2023-08-21T10:53:16+00:00\",\"dateModified\":\"2023-10-17T16:35:33+00:00\",\"breadcrumb\":{\"@id\":\"https:\\\/\\\/www.boccard.com\\\/pl\\\/realizacje\\\/#breadcrumb\"},\"inLanguage\":\"pl-PL\",\"potentialAction\":[{\"@type\":\"ReadAction\",\"target\":[\"https:\\\/\\\/www.boccard.com\\\/pl\\\/realizacje\\\/\"]}]},{\"@type\":\"ImageObject\",\"inLanguage\":\"pl-PL\",\"@id\":\"https:\\\/\\\/www.boccard.com\\\/pl\\\/realizacje\\\/#primaryimage\",\"url\":\"https:\\\/\\\/boccard.com\\\/wp-content\\\/uploads\\\/2023\\\/08\\\/Logo_Alstom-1.jpg\",\"contentUrl\":\"https:\\\/\\\/boccard.com\\\/wp-content\\\/uploads\\\/2023\\\/08\\\/Logo_Alstom-1.jpg\"},{\"@type\":\"BreadcrumbList\",\"@id\":\"https:\\\/\\\/www.boccard.com\\\/pl\\\/realizacje\\\/#breadcrumb\",\"itemListElement\":[{\"@type\":\"ListItem\",\"position\":1,\"name\":\"Accueil\",\"item\":\"https:\\\/\\\/www.boccard.com\\\/pl\\\/\"},{\"@type\":\"ListItem\",\"position\":2,\"name\":\"Realizacje\"}]},{\"@type\":\"WebSite\",\"@id\":\"https:\\\/\\\/www.boccard.com\\\/pl\\\/#website\",\"url\":\"https:\\\/\\\/www.boccard.com\\\/pl\\\/\",\"name\":\"Boccard\",\"description\":\"\",\"publisher\":{\"@id\":\"https:\\\/\\\/www.boccard.com\\\/pl\\\/#organization\"},\"potentialAction\":[{\"@type\":\"SearchAction\",\"target\":{\"@type\":\"EntryPoint\",\"urlTemplate\":\"https:\\\/\\\/www.boccard.com\\\/pl\\\/?s={search_term_string}\"},\"query-input\":{\"@type\":\"PropertyValueSpecification\",\"valueRequired\":true,\"valueName\":\"search_term_string\"}}],\"inLanguage\":\"pl-PL\"},{\"@type\":\"Organization\",\"@id\":\"https:\\\/\\\/www.boccard.com\\\/pl\\\/#organization\",\"name\":\"Boccard\",\"url\":\"https:\\\/\\\/www.boccard.com\\\/pl\\\/\",\"logo\":{\"@type\":\"ImageObject\",\"inLanguage\":\"pl-PL\",\"@id\":\"https:\\\/\\\/www.boccard.com\\\/pl\\\/#\\\/schema\\\/logo\\\/image\\\/\",\"url\":\"https:\\\/\\\/www.boccard.com\\\/wp-content\\\/uploads\\\/2023\\\/08\\\/LOGO-BOCCARD-BLEU-SUR-FOND-TRANSPARENT.png\",\"contentUrl\":\"https:\\\/\\\/www.boccard.com\\\/wp-content\\\/uploads\\\/2023\\\/08\\\/LOGO-BOCCARD-BLEU-SUR-FOND-TRANSPARENT.png\",\"width\":1423,\"height\":333,\"caption\":\"Boccard\"},\"image\":{\"@id\":\"https:\\\/\\\/www.boccard.com\\\/pl\\\/#\\\/schema\\\/logo\\\/image\\\/\"},\"sameAs\":[\"https:\\\/\\\/www.linkedin.com\\\/company\\\/boccard\"]}]}<\/script>\n<!-- \/ Yoast SEO plugin. -->","yoast_head_json":{"title":"Realizacje - Boccard","robots":{"index":"index","follow":"follow","max-snippet":"max-snippet:-1","max-image-preview":"max-image-preview:large","max-video-preview":"max-video-preview:-1"},"canonical":"https:\/\/www.boccard.com\/pl\/realizacje\/","og_locale":"pl_PL","og_type":"article","og_title":"Realizacje - Boccard","og_description":"Odkryj Nasze rozwi\u0105zania dla Twojej bran\u017cy Planuj\u0105 Pa\u0144stwo projekt? Zapraszamy do kontaktu NASI KLIENCI Zaufali nam","og_url":"https:\/\/www.boccard.com\/pl\/realizacje\/","og_site_name":"Boccard","article_modified_time":"2023-10-17T16:35:33+00:00","og_image":[{"url":"https:\/\/boccard.com\/wp-content\/uploads\/2023\/08\/Logo_Alstom-1.jpg","type":"","width":"","height":""}],"twitter_card":"summary_large_image","twitter_misc":{"Szacowany czas czytania":"3 minuty"},"schema":{"@context":"https:\/\/schema.org","@graph":[{"@type":"WebPage","@id":"https:\/\/www.boccard.com\/pl\/realizacje\/","url":"https:\/\/www.boccard.com\/pl\/realizacje\/","name":"Realizacje - Boccard","isPartOf":{"@id":"https:\/\/www.boccard.com\/pl\/#website"},"primaryImageOfPage":{"@id":"https:\/\/www.boccard.com\/pl\/realizacje\/#primaryimage"},"image":{"@id":"https:\/\/www.boccard.com\/pl\/realizacje\/#primaryimage"},"thumbnailUrl":"https:\/\/boccard.com\/wp-content\/uploads\/2023\/08\/Logo_Alstom-1.jpg","datePublished":"2023-08-21T10:53:16+00:00","dateModified":"2023-10-17T16:35:33+00:00","breadcrumb":{"@id":"https:\/\/www.boccard.com\/pl\/realizacje\/#breadcrumb"},"inLanguage":"pl-PL","potentialAction":[{"@type":"ReadAction","target":["https:\/\/www.boccard.com\/pl\/realizacje\/"]}]},{"@type":"ImageObject","inLanguage":"pl-PL","@id":"https:\/\/www.boccard.com\/pl\/realizacje\/#primaryimage","url":"https:\/\/boccard.com\/wp-content\/uploads\/2023\/08\/Logo_Alstom-1.jpg","contentUrl":"https:\/\/boccard.com\/wp-content\/uploads\/2023\/08\/Logo_Alstom-1.jpg"},{"@type":"BreadcrumbList","@id":"https:\/\/www.boccard.com\/pl\/realizacje\/#breadcrumb","itemListElement":[{"@type":"ListItem","position":1,"name":"Accueil","item":"https:\/\/www.boccard.com\/pl\/"},{"@type":"ListItem","position":2,"name":"Realizacje"}]},{"@type":"WebSite","@id":"https:\/\/www.boccard.com\/pl\/#website","url":"https:\/\/www.boccard.com\/pl\/","name":"Boccard","description":"","publisher":{"@id":"https:\/\/www.boccard.com\/pl\/#organization"},"potentialAction":[{"@type":"SearchAction","target":{"@type":"EntryPoint","urlTemplate":"https:\/\/www.boccard.com\/pl\/?s={search_term_string}"},"query-input":{"@type":"PropertyValueSpecification","valueRequired":true,"valueName":"search_term_string"}}],"inLanguage":"pl-PL"},{"@type":"Organization","@id":"https:\/\/www.boccard.com\/pl\/#organization","name":"Boccard","url":"https:\/\/www.boccard.com\/pl\/","logo":{"@type":"ImageObject","inLanguage":"pl-PL","@id":"https:\/\/www.boccard.com\/pl\/#\/schema\/logo\/image\/","url":"https:\/\/www.boccard.com\/wp-content\/uploads\/2023\/08\/LOGO-BOCCARD-BLEU-SUR-FOND-TRANSPARENT.png","contentUrl":"https:\/\/www.boccard.com\/wp-content\/uploads\/2023\/08\/LOGO-BOCCARD-BLEU-SUR-FOND-TRANSPARENT.png","width":1423,"height":333,"caption":"Boccard"},"image":{"@id":"https:\/\/www.boccard.com\/pl\/#\/schema\/logo\/image\/"},"sameAs":["https:\/\/www.linkedin.com\/company\/boccard"]}]}},"_links":{"self":[{"href":"https:\/\/www.boccard.com\/pl\/wp-json\/wp\/v2\/pages\/56550","targetHints":{"allow":["GET"]}}],"collection":[{"href":"https:\/\/www.boccard.com\/pl\/wp-json\/wp\/v2\/pages"}],"about":[{"href":"https:\/\/www.boccard.com\/pl\/wp-json\/wp\/v2\/types\/page"}],"author":[{"embeddable":true,"href":"https:\/\/www.boccard.com\/pl\/wp-json\/wp\/v2\/users\/8"}],"replies":[{"embeddable":true,"href":"https:\/\/www.boccard.com\/pl\/wp-json\/wp\/v2\/comments?post=56550"}],"version-history":[{"count":3,"href":"https:\/\/www.boccard.com\/pl\/wp-json\/wp\/v2\/pages\/56550\/revisions"}],"predecessor-version":[{"id":58590,"href":"https:\/\/www.boccard.com\/pl\/wp-json\/wp\/v2\/pages\/56550\/revisions\/58590"}],"wp:attachment":[{"href":"https:\/\/www.boccard.com\/pl\/wp-json\/wp\/v2\/media?parent=56550"}],"curies":[{"name":"wp","href":"https:\/\/api.w.org\/{rel}","templated":true}]}}