{"id":53274,"date":"2023-09-29T13:59:46","date_gmt":"2023-09-29T13:59:46","guid":{"rendered":"https:\/\/boccard.com\/?page_id=53274"},"modified":"2023-10-18T13:57:00","modified_gmt":"2023-10-18T13:57:00","slug":"mentions-legales","status":"publish","type":"page","link":"https:\/\/www.boccard.com\/fr\/mentions-legales\/","title":{"rendered":"Mentions L\u00e9gales"},"content":{"rendered":"\t\t<div data-elementor-type=\"wp-page\" data-elementor-id=\"53274\" class=\"elementor elementor-53274\" data-elementor-post-type=\"page\">\n\t\t\t\t\t\t<section class=\"elementor-section elementor-top-section elementor-element elementor-element-2caf4a77 elementor-section-full_width elementor-reverse-mobile elementor-section-height-default elementor-section-height-default\" data-id=\"2caf4a77\" data-element_type=\"section\" data-e-type=\"section\" id=\"top\">\n\t\t\t\t\t\t<div class=\"elementor-container elementor-column-gap-no\">\n\t\t\t\t\t<div class=\"elementor-column elementor-col-100 elementor-top-column elementor-element elementor-element-5851949e\" data-id=\"5851949e\" data-element_type=\"column\" data-e-type=\"column\">\n\t\t\t<div class=\"elementor-widget-wrap elementor-element-populated\">\n\t\t\t\t\t\t<div class=\"elementor-element elementor-element-7bdff13b elementor-widget elementor-widget-heading\" data-id=\"7bdff13b\" data-element_type=\"widget\" data-e-type=\"widget\" data-widget_type=\"heading.default\">\n\t\t\t\t<div class=\"elementor-widget-container\">\n\t\t\t\t\t<h2 class=\"elementor-heading-title elementor-size-default\">Mentions legales<\/h2>\t\t\t\t<\/div>\n\t\t\t\t<\/div>\n\t\t\t\t<div class=\"elementor-element elementor-element-d07bffc elementor-widget elementor-widget-spacer\" data-id=\"d07bffc\" data-element_type=\"widget\" data-e-type=\"widget\" data-widget_type=\"spacer.default\">\n\t\t\t\t<div class=\"elementor-widget-container\">\n\t\t\t\t\t\t\t<div class=\"elementor-spacer\">\n\t\t\t<div class=\"elementor-spacer-inner\"><\/div>\n\t\t<\/div>\n\t\t\t\t\t\t<\/div>\n\t\t\t\t<\/div>\n\t\t\t\t<div class=\"elementor-element elementor-element-24a9e0b elementor-widget elementor-widget-text-editor\" data-id=\"24a9e0b\" data-element_type=\"widget\" data-e-type=\"widget\" data-widget_type=\"text-editor.default\">\n\t\t\t\t<div class=\"elementor-widget-container\">\n\t\t\t\t\t\t\t\t\t<p class=\"p1\">La poursuite de la navigation sur www.boccard.com (ci-apr\u00e8s le Site) vaut acceptation sans r\u00e9serve des dispositions et conditions d&rsquo;utilisation qui suivent.<br \/>La version actuellement en ligne de ces conditions d&rsquo;utilisation est la seule opposable pendant toute la dur\u00e9e d&rsquo;utilisation du Site et jusqu&rsquo;\u00e0 ce qu&rsquo;une nouvelle version la remplace.<\/p>\t\t\t\t\t\t\t\t<\/div>\n\t\t\t\t<\/div>\n\t\t\t\t<div class=\"elementor-element elementor-element-3518c63f barre elementor-widget elementor-widget-heading\" data-id=\"3518c63f\" data-element_type=\"widget\" data-e-type=\"widget\" data-widget_type=\"heading.default\">\n\t\t\t\t<div class=\"elementor-widget-container\">\n\t\t\t\t\t<h3 class=\"elementor-heading-title elementor-size-default\">Informations l\u00e9gales<\/h3>\t\t\t\t<\/div>\n\t\t\t\t<\/div>\n\t\t\t\t<div class=\"elementor-element elementor-element-79db330d elementor-widget elementor-widget-text-editor\" data-id=\"79db330d\" data-element_type=\"widget\" data-e-type=\"widget\" data-widget_type=\"text-editor.default\">\n\t\t\t\t<div class=\"elementor-widget-container\">\n\t\t\t\t\t\t\t\t\t<p class=\"p1\">BOCCARD <br \/>158 avenue Roger Salengro 69100 Villeurbanne, France<br \/>Soci\u00e9t\u00e9 anonyme au capital de 13 517 665 Eur <br \/>Immatricul\u00e9e au RCS de Lyon sous le num\u00e9ro 956 501 258<br \/>Num\u00e9ro de TVA FR25956501258<\/p>\t\t\t\t\t\t\t\t<\/div>\n\t\t\t\t<\/div>\n\t\t\t\t<div class=\"elementor-element elementor-element-d0f3afa barre elementor-widget elementor-widget-heading\" data-id=\"d0f3afa\" data-element_type=\"widget\" data-e-type=\"widget\" data-widget_type=\"heading.default\">\n\t\t\t\t<div class=\"elementor-widget-container\">\n\t\t\t\t\t<h3 class=\"elementor-heading-title elementor-size-default\">\u00c9diteur<\/h3>\t\t\t\t<\/div>\n\t\t\t\t<\/div>\n\t\t\t\t<div class=\"elementor-element elementor-element-bf49388 elementor-widget elementor-widget-text-editor\" data-id=\"bf49388\" data-element_type=\"widget\" data-e-type=\"widget\" data-widget_type=\"text-editor.default\">\n\t\t\t\t<div class=\"elementor-widget-container\">\n\t\t\t\t\t\t\t\t\t<p class=\"p1\">Le pr\u00e9sent site internet est la propri\u00e9t\u00e9 de la soci\u00e9t\u00e9 Boccard, dont le si\u00e8ge est situ\u00e9 158 Avenue Roger Salengro, 69100 Villeurbanne, France.<br \/>T\u00e9l. : (+33) 4 78 93 34 35<br \/><strong>E-mail :\u00a0<\/strong><a href=\"mailto:boccard@boccard.com\">boccard@boccard.com<\/a><\/p>\t\t\t\t\t\t\t\t<\/div>\n\t\t\t\t<\/div>\n\t\t\t\t<div class=\"elementor-element elementor-element-5087803 barre elementor-widget elementor-widget-heading\" data-id=\"5087803\" data-element_type=\"widget\" data-e-type=\"widget\" data-widget_type=\"heading.default\">\n\t\t\t\t<div class=\"elementor-widget-container\">\n\t\t\t\t\t<h3 class=\"elementor-heading-title elementor-size-default\">Conditions d'utilisation<\/h3>\t\t\t\t<\/div>\n\t\t\t\t<\/div>\n\t\t\t\t<div class=\"elementor-element elementor-element-80dca5a elementor-widget elementor-widget-text-editor\" data-id=\"80dca5a\" data-element_type=\"widget\" data-e-type=\"widget\" data-widget_type=\"text-editor.default\">\n\t\t\t\t<div class=\"elementor-widget-container\">\n\t\t\t\t\t\t\t\t\t<p class=\"p1\">Pour la bonne gestion de son Site , Boccard pourra \u00e0 tout moment :<\/p><p class=\"p1\"><br \/>&#8211; suspendre, interrompre ou de limiter l&rsquo;acc\u00e8s \u00e0 tout ou partie de son Site <br \/>&#8211; supprimer toute information pouvant en perturber le fonctionnement ou entrant en contravention avec les lois nationales ou internationales, ou avec les r\u00e8gles de la N\u00e9tiquette ;<br \/>&#8211; suspendre son Site afin de proc\u00e9der \u00e0 des mises \u00e0 jour.<\/p><p class=\"p1\"><br \/>Les pr\u00e9sentes conditions d&rsquo;utilisation sont r\u00e9gies par la loi fran\u00e7aise et soumises \u00e0 la comp\u00e9tence des tribunaux de Lyon, sous r\u00e9serve d&rsquo;une attribution de comp\u00e9tence sp\u00e9cifique d\u00e9coulant d&rsquo;un texte de loi ou r\u00e9glementaire particulier.<\/p>\t\t\t\t\t\t\t\t<\/div>\n\t\t\t\t<\/div>\n\t\t\t\t<div class=\"elementor-element elementor-element-e2665a1 barre elementor-widget elementor-widget-heading\" data-id=\"e2665a1\" data-element_type=\"widget\" data-e-type=\"widget\" data-widget_type=\"heading.default\">\n\t\t\t\t<div class=\"elementor-widget-container\">\n\t\t\t\t\t<h3 class=\"elementor-heading-title elementor-size-default\">Contenu du site<\/h3>\t\t\t\t<\/div>\n\t\t\t\t<\/div>\n\t\t\t\t<div class=\"elementor-element elementor-element-b49d0c5 elementor-widget elementor-widget-text-editor\" data-id=\"b49d0c5\" data-element_type=\"widget\" data-e-type=\"widget\" data-widget_type=\"text-editor.default\">\n\t\t\t\t<div class=\"elementor-widget-container\">\n\t\t\t\t\t\t\t\t\t<p class=\"p1\">Toutes les marques, photographies, textes, commentaires, illustrations, images anim\u00e9es ou non, s\u00e9quences vid\u00e9o, sons, ainsi que toutes les applications informatiques qui pourraient \u00eatre utilis\u00e9es pour faire fonctionner ce Site et plus g\u00e9n\u00e9ralement tous les \u00e9l\u00e9ments reproduits ou utilis\u00e9s sur ce Site sont prot\u00e9g\u00e9s par les lois en vigueur au titre de la propri\u00e9t\u00e9 intellectuelle.<br \/>Ils sont la propri\u00e9t\u00e9 pleine et enti\u00e8re de Boccard ou de ses partenaires.<\/p><p class=\"p1\">Toute reproduction, repr\u00e9sentation, utilisation ou adaptation, sous quelque forme que ce soit, de tout ou partie de ces \u00e9l\u00e9ments, y compris les applications informatiques, sans l&rsquo;accord pr\u00e9alable et \u00e9crit de Boccard, sont strictement interdites. Le fait pour Boccard de ne pas engager de proc\u00e9dure d\u00e8s la prise de connaissance de ces utilisations non autoris\u00e9es ne vaut pas acceptation desdites utilisations et renonciation aux poursuites.<\/p>\t\t\t\t\t\t\t\t<\/div>\n\t\t\t\t<\/div>\n\t\t\t\t<div class=\"elementor-element elementor-element-0aab789 barre elementor-widget elementor-widget-heading\" data-id=\"0aab789\" data-element_type=\"widget\" data-e-type=\"widget\" data-widget_type=\"heading.default\">\n\t\t\t\t<div class=\"elementor-widget-container\">\n\t\t\t\t\t<h3 class=\"elementor-heading-title elementor-size-default\">Liens hypertexte<\/h3>\t\t\t\t<\/div>\n\t\t\t\t<\/div>\n\t\t\t\t<div class=\"elementor-element elementor-element-6553831 elementor-widget elementor-widget-text-editor\" data-id=\"6553831\" data-element_type=\"widget\" data-e-type=\"widget\" data-widget_type=\"text-editor.default\">\n\t\t\t\t<div class=\"elementor-widget-container\">\n\t\t\t\t\t\t\t\t\t<p class=\"p1\">Les pages de ce Site internet peuvent contenir des liens vers d\u2019autres sites ou provenant d\u2019autres sites. La soci\u00e9t\u00e9 Boccard n&rsquo;a pas de contr\u00f4le sur le contenu desdits sites internet et d\u00e9cline toute responsabilit\u00e9 quant \u00e0 leur contenu. La mise en place de tous liens hypertextes vers tout ou partie de ce Site est strictement interdite, sauf autorisation pr\u00e9alable et \u00e9crite de Boccard. <br \/>Boccard est libre de refuser cette autorisation sans avoir \u00e0 justifier de quelque mani\u00e8re que ce soit sa d\u00e9cision. <br \/>Dans tous les cas, tout lien devra \u00eatre retir\u00e9 sur simple demande de Boccard. <\/p>\t\t\t\t\t\t\t\t<\/div>\n\t\t\t\t<\/div>\n\t\t\t\t<div class=\"elementor-element elementor-element-2390085 barre elementor-widget elementor-widget-heading\" data-id=\"2390085\" data-element_type=\"widget\" data-e-type=\"widget\" data-widget_type=\"heading.default\">\n\t\t\t\t<div class=\"elementor-widget-container\">\n\t\t\t\t\t<h3 class=\"elementor-heading-title elementor-size-default\">Responsabilt\u00e9<\/h3>\t\t\t\t<\/div>\n\t\t\t\t<\/div>\n\t\t\t\t<div class=\"elementor-element elementor-element-b3f8f87 elementor-widget elementor-widget-text-editor\" data-id=\"b3f8f87\" data-element_type=\"widget\" data-e-type=\"widget\" data-widget_type=\"text-editor.default\">\n\t\t\t\t<div class=\"elementor-widget-container\">\n\t\t\t\t\t\t\t\t\t<p class=\"p1\">Boccard d\u00e9cline toute responsabilit\u00e9 en cas de dommage direct ou indirect quel qu\u2019il soit r\u00e9sultant d\u2019une d\u00e9faillance, panne, difficult\u00e9 ou interruption de fonctionnement emp\u00eachant l&rsquo;acc\u00e8s au Site. La connexion connexion et le mat\u00e9riel de connexion \u00e0 notre Site est sous votre enti\u00e8re responsabilit\u00e9. Vous devez prendre toutes les mesures appropri\u00e9es pour prot\u00e9ger votre mat\u00e9riel et vos propres donn\u00e9es notamment d\u2019attaques virales.<\/p><p class=\"p1\">Les informations sont fournies par Boccard \u00e0 titre purement indicatif. Boccard ne saurait garantir l\u2019exactitude, l\u2019exhaustivit\u00e9 et l\u2019actualisation des informations mises \u00e0 disposition sur son Site. En cons\u00e9quence, le visiteur reconna\u00eet que l\u2019utilisation desdites informations rel\u00e8ve exclusivement de sa propre responsabilit\u00e9.<\/p>\t\t\t\t\t\t\t\t<\/div>\n\t\t\t\t<\/div>\n\t\t\t\t\t<\/div>\n\t\t<\/div>\n\t\t\t\t\t<\/div>\n\t\t<\/section>\n\t\t\t\t<section class=\"elementor-section elementor-top-section elementor-element elementor-element-5da030b elementor-section-boxed elementor-section-height-default elementor-section-height-default\" data-id=\"5da030b\" data-element_type=\"section\" data-e-type=\"section\">\n\t\t\t\t\t\t<div class=\"elementor-container elementor-column-gap-default\">\n\t\t\t\t\t<div class=\"elementor-column elementor-col-100 elementor-top-column elementor-element elementor-element-b215ae2\" data-id=\"b215ae2\" data-element_type=\"column\" data-e-type=\"column\">\n\t\t\t<div class=\"elementor-widget-wrap\">\n\t\t\t\t\t\t\t<\/div>\n\t\t<\/div>\n\t\t\t\t\t<\/div>\n\t\t<\/section>\n\t\t\t\t<\/div>\n\t\t","protected":false},"excerpt":{"rendered":"<p>Mentions legales La poursuite de la navigation sur www.boccard.com (ci-apr\u00e8s le Site) vaut acceptation sans r\u00e9serve des dispositions et conditions d&rsquo;utilisation qui suivent.La version actuellement en ligne de ces conditions d&rsquo;utilisation est la seule opposable pendant toute la dur\u00e9e d&rsquo;utilisation du Site et jusqu&rsquo;\u00e0 ce qu&rsquo;une nouvelle version la remplace. Informations l\u00e9gales BOCCARD 158 avenue [&hellip;]<\/p>\n","protected":false},"author":7,"featured_media":0,"parent":0,"menu_order":0,"comment_status":"closed","ping_status":"closed","template":"","meta":{"footnotes":""},"class_list":["post-53274","page","type-page","status-publish","hentry"],"yoast_head":"<!-- This site is optimized with the Yoast SEO plugin v27.3 - https:\/\/yoast.com\/product\/yoast-seo-wordpress\/ -->\n<title>Mentions L\u00e9gales - Boccard<\/title>\n<meta name=\"robots\" content=\"index, follow, max-snippet:-1, max-image-preview:large, max-video-preview:-1\" \/>\n<link rel=\"canonical\" href=\"https:\/\/www.boccard.com\/fr\/mentions-legales\/\" \/>\n<meta property=\"og:locale\" content=\"fr_FR\" \/>\n<meta property=\"og:type\" content=\"article\" \/>\n<meta property=\"og:title\" content=\"Mentions L\u00e9gales - Boccard\" \/>\n<meta property=\"og:description\" content=\"Mentions legales La poursuite de la navigation sur www.boccard.com (ci-apr\u00e8s le Site) vaut acceptation sans r\u00e9serve des dispositions et conditions d&rsquo;utilisation qui suivent.La version actuellement en ligne de ces conditions d&rsquo;utilisation est la seule opposable pendant toute la dur\u00e9e d&rsquo;utilisation du Site et jusqu&rsquo;\u00e0 ce qu&rsquo;une nouvelle version la remplace. Informations l\u00e9gales BOCCARD 158 avenue [&hellip;]\" \/>\n<meta property=\"og:url\" content=\"https:\/\/www.boccard.com\/fr\/mentions-legales\/\" \/>\n<meta property=\"og:site_name\" content=\"Boccard\" \/>\n<meta property=\"article:modified_time\" content=\"2023-10-18T13:57:00+00:00\" \/>\n<meta name=\"twitter:card\" content=\"summary_large_image\" \/>\n<meta name=\"twitter:label1\" content=\"Dur\u00e9e de lecture estim\u00e9e\" \/>\n\t<meta name=\"twitter:data1\" content=\"3 minutes\" \/>\n<script type=\"application\/ld+json\" class=\"yoast-schema-graph\">{\"@context\":\"https:\\\/\\\/schema.org\",\"@graph\":[{\"@type\":\"WebPage\",\"@id\":\"https:\\\/\\\/www.boccard.com\\\/fr\\\/mentions-legales\\\/\",\"url\":\"https:\\\/\\\/www.boccard.com\\\/fr\\\/mentions-legales\\\/\",\"name\":\"Mentions L\u00e9gales - Boccard\",\"isPartOf\":{\"@id\":\"https:\\\/\\\/www.boccard.com\\\/fr\\\/#website\"},\"datePublished\":\"2023-09-29T13:59:46+00:00\",\"dateModified\":\"2023-10-18T13:57:00+00:00\",\"breadcrumb\":{\"@id\":\"https:\\\/\\\/www.boccard.com\\\/fr\\\/mentions-legales\\\/#breadcrumb\"},\"inLanguage\":\"fr-FR\",\"potentialAction\":[{\"@type\":\"ReadAction\",\"target\":[\"https:\\\/\\\/www.boccard.com\\\/fr\\\/mentions-legales\\\/\"]}]},{\"@type\":\"BreadcrumbList\",\"@id\":\"https:\\\/\\\/www.boccard.com\\\/fr\\\/mentions-legales\\\/#breadcrumb\",\"itemListElement\":[{\"@type\":\"ListItem\",\"position\":1,\"name\":\"Accueil\",\"item\":\"https:\\\/\\\/www.boccard.com\\\/fr\\\/\"},{\"@type\":\"ListItem\",\"position\":2,\"name\":\"Mentions L\u00e9gales\"}]},{\"@type\":\"WebSite\",\"@id\":\"https:\\\/\\\/www.boccard.com\\\/fr\\\/#website\",\"url\":\"https:\\\/\\\/www.boccard.com\\\/fr\\\/\",\"name\":\"Boccard\",\"description\":\"\",\"publisher\":{\"@id\":\"https:\\\/\\\/www.boccard.com\\\/fr\\\/#organization\"},\"potentialAction\":[{\"@type\":\"SearchAction\",\"target\":{\"@type\":\"EntryPoint\",\"urlTemplate\":\"https:\\\/\\\/www.boccard.com\\\/fr\\\/?s={search_term_string}\"},\"query-input\":{\"@type\":\"PropertyValueSpecification\",\"valueRequired\":true,\"valueName\":\"search_term_string\"}}],\"inLanguage\":\"fr-FR\"},{\"@type\":\"Organization\",\"@id\":\"https:\\\/\\\/www.boccard.com\\\/fr\\\/#organization\",\"name\":\"Boccard\",\"url\":\"https:\\\/\\\/www.boccard.com\\\/fr\\\/\",\"logo\":{\"@type\":\"ImageObject\",\"inLanguage\":\"fr-FR\",\"@id\":\"https:\\\/\\\/www.boccard.com\\\/fr\\\/#\\\/schema\\\/logo\\\/image\\\/\",\"url\":\"https:\\\/\\\/www.boccard.com\\\/wp-content\\\/uploads\\\/2023\\\/08\\\/LOGO-BOCCARD-BLEU-SUR-FOND-TRANSPARENT.png\",\"contentUrl\":\"https:\\\/\\\/www.boccard.com\\\/wp-content\\\/uploads\\\/2023\\\/08\\\/LOGO-BOCCARD-BLEU-SUR-FOND-TRANSPARENT.png\",\"width\":1423,\"height\":333,\"caption\":\"Boccard\"},\"image\":{\"@id\":\"https:\\\/\\\/www.boccard.com\\\/fr\\\/#\\\/schema\\\/logo\\\/image\\\/\"},\"sameAs\":[\"https:\\\/\\\/www.linkedin.com\\\/company\\\/boccard\"]}]}<\/script>\n<!-- \/ Yoast SEO plugin. -->","yoast_head_json":{"title":"Mentions L\u00e9gales - Boccard","robots":{"index":"index","follow":"follow","max-snippet":"max-snippet:-1","max-image-preview":"max-image-preview:large","max-video-preview":"max-video-preview:-1"},"canonical":"https:\/\/www.boccard.com\/fr\/mentions-legales\/","og_locale":"fr_FR","og_type":"article","og_title":"Mentions L\u00e9gales - Boccard","og_description":"Mentions legales La poursuite de la navigation sur www.boccard.com (ci-apr\u00e8s le Site) vaut acceptation sans r\u00e9serve des dispositions et conditions d&rsquo;utilisation qui suivent.La version actuellement en ligne de ces conditions d&rsquo;utilisation est la seule opposable pendant toute la dur\u00e9e d&rsquo;utilisation du Site et jusqu&rsquo;\u00e0 ce qu&rsquo;une nouvelle version la remplace. Informations l\u00e9gales BOCCARD 158 avenue [&hellip;]","og_url":"https:\/\/www.boccard.com\/fr\/mentions-legales\/","og_site_name":"Boccard","article_modified_time":"2023-10-18T13:57:00+00:00","twitter_card":"summary_large_image","twitter_misc":{"Dur\u00e9e de lecture estim\u00e9e":"3 minutes"},"schema":{"@context":"https:\/\/schema.org","@graph":[{"@type":"WebPage","@id":"https:\/\/www.boccard.com\/fr\/mentions-legales\/","url":"https:\/\/www.boccard.com\/fr\/mentions-legales\/","name":"Mentions L\u00e9gales - Boccard","isPartOf":{"@id":"https:\/\/www.boccard.com\/fr\/#website"},"datePublished":"2023-09-29T13:59:46+00:00","dateModified":"2023-10-18T13:57:00+00:00","breadcrumb":{"@id":"https:\/\/www.boccard.com\/fr\/mentions-legales\/#breadcrumb"},"inLanguage":"fr-FR","potentialAction":[{"@type":"ReadAction","target":["https:\/\/www.boccard.com\/fr\/mentions-legales\/"]}]},{"@type":"BreadcrumbList","@id":"https:\/\/www.boccard.com\/fr\/mentions-legales\/#breadcrumb","itemListElement":[{"@type":"ListItem","position":1,"name":"Accueil","item":"https:\/\/www.boccard.com\/fr\/"},{"@type":"ListItem","position":2,"name":"Mentions L\u00e9gales"}]},{"@type":"WebSite","@id":"https:\/\/www.boccard.com\/fr\/#website","url":"https:\/\/www.boccard.com\/fr\/","name":"Boccard","description":"","publisher":{"@id":"https:\/\/www.boccard.com\/fr\/#organization"},"potentialAction":[{"@type":"SearchAction","target":{"@type":"EntryPoint","urlTemplate":"https:\/\/www.boccard.com\/fr\/?s={search_term_string}"},"query-input":{"@type":"PropertyValueSpecification","valueRequired":true,"valueName":"search_term_string"}}],"inLanguage":"fr-FR"},{"@type":"Organization","@id":"https:\/\/www.boccard.com\/fr\/#organization","name":"Boccard","url":"https:\/\/www.boccard.com\/fr\/","logo":{"@type":"ImageObject","inLanguage":"fr-FR","@id":"https:\/\/www.boccard.com\/fr\/#\/schema\/logo\/image\/","url":"https:\/\/www.boccard.com\/wp-content\/uploads\/2023\/08\/LOGO-BOCCARD-BLEU-SUR-FOND-TRANSPARENT.png","contentUrl":"https:\/\/www.boccard.com\/wp-content\/uploads\/2023\/08\/LOGO-BOCCARD-BLEU-SUR-FOND-TRANSPARENT.png","width":1423,"height":333,"caption":"Boccard"},"image":{"@id":"https:\/\/www.boccard.com\/fr\/#\/schema\/logo\/image\/"},"sameAs":["https:\/\/www.linkedin.com\/company\/boccard"]}]}},"_links":{"self":[{"href":"https:\/\/www.boccard.com\/fr\/wp-json\/wp\/v2\/pages\/53274","targetHints":{"allow":["GET"]}}],"collection":[{"href":"https:\/\/www.boccard.com\/fr\/wp-json\/wp\/v2\/pages"}],"about":[{"href":"https:\/\/www.boccard.com\/fr\/wp-json\/wp\/v2\/types\/page"}],"author":[{"embeddable":true,"href":"https:\/\/www.boccard.com\/fr\/wp-json\/wp\/v2\/users\/7"}],"replies":[{"embeddable":true,"href":"https:\/\/www.boccard.com\/fr\/wp-json\/wp\/v2\/comments?post=53274"}],"version-history":[{"count":11,"href":"https:\/\/www.boccard.com\/fr\/wp-json\/wp\/v2\/pages\/53274\/revisions"}],"predecessor-version":[{"id":75827,"href":"https:\/\/www.boccard.com\/fr\/wp-json\/wp\/v2\/pages\/53274\/revisions\/75827"}],"wp:attachment":[{"href":"https:\/\/www.boccard.com\/fr\/wp-json\/wp\/v2\/media?parent=53274"}],"curies":[{"name":"wp","href":"https:\/\/api.w.org\/{rel}","templated":true}]}}