{"id":59666,"date":"2023-09-29T13:59:46","date_gmt":"2023-09-29T13:59:46","guid":{"rendered":"https:\/\/boccard.com\/menciones-legales\/"},"modified":"2023-10-20T09:00:27","modified_gmt":"2023-10-20T09:00:27","slug":"menciones-legales","status":"publish","type":"page","link":"https:\/\/www.boccard.com\/es\/menciones-legales\/","title":{"rendered":"Menciones legales"},"content":{"rendered":"\t\t<div data-elementor-type=\"wp-page\" data-elementor-id=\"59666\" class=\"elementor elementor-59666 elementor-53274\" data-elementor-post-type=\"page\">\n\t\t\t\t\t\t<section class=\"elementor-section elementor-top-section elementor-element elementor-element-2caf4a77 elementor-section-full_width elementor-reverse-mobile elementor-section-height-default elementor-section-height-default\" data-id=\"2caf4a77\" data-element_type=\"section\" data-e-type=\"section\" id=\"top\">\n\t\t\t\t\t\t<div class=\"elementor-container elementor-column-gap-no\">\n\t\t\t\t\t<div class=\"elementor-column elementor-col-100 elementor-top-column elementor-element elementor-element-5851949e\" data-id=\"5851949e\" data-element_type=\"column\" data-e-type=\"column\">\n\t\t\t<div class=\"elementor-widget-wrap elementor-element-populated\">\n\t\t\t\t\t\t<div class=\"elementor-element elementor-element-7bdff13b elementor-widget elementor-widget-heading\" data-id=\"7bdff13b\" data-element_type=\"widget\" data-e-type=\"widget\" data-widget_type=\"heading.default\">\n\t\t\t\t<div class=\"elementor-widget-container\">\n\t\t\t\t\t<h2 class=\"elementor-heading-title elementor-size-default\">Menciones legales<\/h2>\t\t\t\t<\/div>\n\t\t\t\t<\/div>\n\t\t\t\t<div class=\"elementor-element elementor-element-d07bffc elementor-widget elementor-widget-spacer\" data-id=\"d07bffc\" data-element_type=\"widget\" data-e-type=\"widget\" data-widget_type=\"spacer.default\">\n\t\t\t\t<div class=\"elementor-widget-container\">\n\t\t\t\t\t\t\t<div class=\"elementor-spacer\">\n\t\t\t<div class=\"elementor-spacer-inner\"><\/div>\n\t\t<\/div>\n\t\t\t\t\t\t<\/div>\n\t\t\t\t<\/div>\n\t\t\t\t<div class=\"elementor-element elementor-element-24a9e0b elementor-widget elementor-widget-text-editor\" data-id=\"24a9e0b\" data-element_type=\"widget\" data-e-type=\"widget\" data-widget_type=\"text-editor.default\">\n\t\t\t\t<div class=\"elementor-widget-container\">\n\t\t\t\t\t\t\t\t\t<p class=\"p1\">La navegaci\u00f3n continuada por www.boccard.com (en adelante, el Sitio) implica la aceptaci\u00f3n sin reservas de las siguientes disposiciones y condiciones de uso.<br \/>La versi\u00f3n en l\u00ednea actual de estas condiciones de uso es la \u00fanica versi\u00f3n aplicable durante todo el periodo de uso del Sitio y hasta que una nueva versi\u00f3n la sustituya.<\/p>\n\t\t\t\t\t\t\t\t<\/div>\n\t\t\t\t<\/div>\n\t\t\t\t<div class=\"elementor-element elementor-element-3518c63f barre elementor-widget elementor-widget-heading\" data-id=\"3518c63f\" data-element_type=\"widget\" data-e-type=\"widget\" data-widget_type=\"heading.default\">\n\t\t\t\t<div class=\"elementor-widget-container\">\n\t\t\t\t\t<h3 class=\"elementor-heading-title elementor-size-default\">Informaciones legales<\/h3>\t\t\t\t<\/div>\n\t\t\t\t<\/div>\n\t\t\t\t<div class=\"elementor-element elementor-element-79db330d elementor-widget elementor-widget-text-editor\" data-id=\"79db330d\" data-element_type=\"widget\" data-e-type=\"widget\" data-widget_type=\"text-editor.default\">\n\t\t\t\t<div class=\"elementor-widget-container\">\n\t\t\t\t\t\t\t\t\t<p class=\"p1\">BOCCARD <br \/>158 avenue Roger Salengro 69100 Villeurbanne, France<br \/>Soci\u00e9t\u00e9 anonyme au capital de 13 517 665 Eur <br \/>N\u00famero de registro RCS (RCS Lyon 956 501 258)<br \/>Importe del capital social (13 517 665,00 euros)<\/p>\n\t\t\t\t\t\t\t\t<\/div>\n\t\t\t\t<\/div>\n\t\t\t\t<div class=\"elementor-element elementor-element-d0f3afa barre elementor-widget elementor-widget-heading\" data-id=\"d0f3afa\" data-element_type=\"widget\" data-e-type=\"widget\" data-widget_type=\"heading.default\">\n\t\t\t\t<div class=\"elementor-widget-container\">\n\t\t\t\t\t<h3 class=\"elementor-heading-title elementor-size-default\">Editor<\/h3>\t\t\t\t<\/div>\n\t\t\t\t<\/div>\n\t\t\t\t<div class=\"elementor-element elementor-element-bf49388 elementor-widget elementor-widget-text-editor\" data-id=\"bf49388\" data-element_type=\"widget\" data-e-type=\"widget\" data-widget_type=\"text-editor.default\">\n\t\t\t\t<div class=\"elementor-widget-container\">\n\t\t\t\t\t\t\t\t\t<p class=\"p1\">Este sitio web es propiedad de Boccard, cuya sede social se encuentra en 158 Avenue Roger Salengro, 69100 Villeurbanne, Francia.<br \/>Tel. : (+33) 4 78 93 34 35<br \/><strong>Correo electr\u00f3nico: <\/strong><a href=\"mailto:boccard@boccard.com\">boccard@boccard.com<\/a><\/p>\n\t\t\t\t\t\t\t\t<\/div>\n\t\t\t\t<\/div>\n\t\t\t\t<div class=\"elementor-element elementor-element-5087803 barre elementor-widget elementor-widget-heading\" data-id=\"5087803\" data-element_type=\"widget\" data-e-type=\"widget\" data-widget_type=\"heading.default\">\n\t\t\t\t<div class=\"elementor-widget-container\">\n\t\t\t\t\t<h3 class=\"elementor-heading-title elementor-size-default\">Condiciones de uso<\/h3>\t\t\t\t<\/div>\n\t\t\t\t<\/div>\n\t\t\t\t<div class=\"elementor-element elementor-element-80dca5a elementor-widget elementor-widget-text-editor\" data-id=\"80dca5a\" data-element_type=\"widget\" data-e-type=\"widget\" data-widget_type=\"text-editor.default\">\n\t\t\t\t<div class=\"elementor-widget-container\">\n\t\t\t\t\t\t\t\t\t<p class=\"p1\">Para la correcta gesti\u00f3n de su Sitio, Boccard podr\u00e1 en cualquier momento:<\/p>\n<p class=\"p1\">&#8211; suspender, interrumpir o limitar el acceso a la totalidad o parte de su Sitio web <br \/>&#8211; suprimir cualquier informaci\u00f3n que pueda perturbar su funcionamiento o contravenir las leyes nacionales o internacionales o las normas de Netiquette ;<br \/>&#8211; suspender su Sitio para actualizarlo.<\/p>\n<p class=\"p1\">Las presentes condiciones de uso se rigen por la legislaci\u00f3n francesa y se someten a la jurisdicci\u00f3n de los tribunales de Lyon, a reserva de cualquier competencia espec\u00edfica derivada de un texto legal o reglamentario particular.<\/p>\n\t\t\t\t\t\t\t\t<\/div>\n\t\t\t\t<\/div>\n\t\t\t\t<div class=\"elementor-element elementor-element-e2665a1 barre elementor-widget elementor-widget-heading\" data-id=\"e2665a1\" data-element_type=\"widget\" data-e-type=\"widget\" data-widget_type=\"heading.default\">\n\t\t\t\t<div class=\"elementor-widget-container\">\n\t\t\t\t\t<h3 class=\"elementor-heading-title elementor-size-default\">Contenido del sitio web<\/h3>\t\t\t\t<\/div>\n\t\t\t\t<\/div>\n\t\t\t\t<div class=\"elementor-element elementor-element-b49d0c5 elementor-widget elementor-widget-text-editor\" data-id=\"b49d0c5\" data-element_type=\"widget\" data-e-type=\"widget\" data-widget_type=\"text-editor.default\">\n\t\t\t\t<div class=\"elementor-widget-container\">\n\t\t\t\t\t\t\t\t\t<p class=\"p1\">Todas las marcas, fotograf\u00edas, textos, comentarios, ilustraciones, im\u00e1genes (animadas o no), secuencias de v\u00eddeo, sonidos, as\u00ed como todas las aplicaciones inform\u00e1ticas que puedan utilizarse para el funcionamiento de este Sitio y, de forma m\u00e1s general, todos los elementos reproducidos o utilizados en este Sitio est\u00e1n protegidos por la legislaci\u00f3n vigente en materia de propiedad intelectual.<br \/>Son propiedad plena y completa de Boccard o de sus socios.<\/p>\n<p class=\"p1\">Queda estrictamente prohibida toda reproducci\u00f3n, representaci\u00f3n, utilizaci\u00f3n o adaptaci\u00f3n, en cualquier forma, de la totalidad o parte de estos elementos, incluidas las aplicaciones inform\u00e1ticas, sin el consentimiento previo por escrito de Boccard. El hecho de que Boccard no inicie un procedimiento tan pronto como tenga conocimiento de dicho uso no autorizado no constituye la aceptaci\u00f3n de dicho uso ni la renuncia a emprender acciones legales.<\/p>\n\t\t\t\t\t\t\t\t<\/div>\n\t\t\t\t<\/div>\n\t\t\t\t<div class=\"elementor-element elementor-element-0aab789 barre elementor-widget elementor-widget-heading\" data-id=\"0aab789\" data-element_type=\"widget\" data-e-type=\"widget\" data-widget_type=\"heading.default\">\n\t\t\t\t<div class=\"elementor-widget-container\">\n\t\t\t\t\t<h3 class=\"elementor-heading-title elementor-size-default\">Enlaces de hipertexto<\/h3>\t\t\t\t<\/div>\n\t\t\t\t<\/div>\n\t\t\t\t<div class=\"elementor-element elementor-element-6553831 elementor-widget elementor-widget-text-editor\" data-id=\"6553831\" data-element_type=\"widget\" data-e-type=\"widget\" data-widget_type=\"text-editor.default\">\n\t\t\t\t<div class=\"elementor-widget-container\">\n\t\t\t\t\t\t\t\t\t<p class=\"p1\">Las p\u00e1ginas de este sitio web pueden contener enlaces hacia o desde otros sitios. Boccard no tiene ning\u00fan control sobre el contenido de estos sitios web y declina toda responsabilidad por su contenido. Queda terminantemente prohibida la creaci\u00f3n de enlaces de hipertexto a la totalidad o parte de este Sitio sin la autorizaci\u00f3n previa por escrito de Boccard. <br \/>Boccard es libre de denegar esta autorizaci\u00f3n sin tener que justificar su decisi\u00f3n de ning\u00fan modo. <br \/>En todos los casos, cualquier enlace deber\u00e1 ser eliminado por simple petici\u00f3n de Boccard. <\/p>\n\t\t\t\t\t\t\t\t<\/div>\n\t\t\t\t<\/div>\n\t\t\t\t<div class=\"elementor-element elementor-element-2390085 barre elementor-widget elementor-widget-heading\" data-id=\"2390085\" data-element_type=\"widget\" data-e-type=\"widget\" data-widget_type=\"heading.default\">\n\t\t\t\t<div class=\"elementor-widget-container\">\n\t\t\t\t\t<h3 class=\"elementor-heading-title elementor-size-default\">Responsabilidad<\/h3>\t\t\t\t<\/div>\n\t\t\t\t<\/div>\n\t\t\t\t<div class=\"elementor-element elementor-element-b3f8f87 elementor-widget elementor-widget-text-editor\" data-id=\"b3f8f87\" data-element_type=\"widget\" data-e-type=\"widget\" data-widget_type=\"text-editor.default\">\n\t\t\t\t<div class=\"elementor-widget-container\">\n\t\t\t\t\t\t\t\t\t<p class=\"p1\">Boccard declina toda responsabilidad en caso de da\u00f1os directos o indirectos de cualquier tipo resultantes de un fallo, aver\u00eda, dificultad o interrupci\u00f3n del funcionamiento que impida el acceso al Sitio. Usted es enteramente responsable de la conexi\u00f3n y del equipo utilizado para conectarse a nuestro Sitio. Debe tomar todas las medidas adecuadas para proteger su equipo y sus propios datos, en particular de los ataques de virus.<\/p>\n<p class=\"p1\">La informaci\u00f3n facilitada por Boccard es meramente indicativa. Boccard no puede garantizar la exactitud, integridad o actualizaci\u00f3n de la informaci\u00f3n disponible en su Sitio. En consecuencia, los visitantes reconocen que son los \u00fanicos responsables del uso que hagan de esta informaci\u00f3n.<\/p>\n\t\t\t\t\t\t\t\t<\/div>\n\t\t\t\t<\/div>\n\t\t\t\t\t<\/div>\n\t\t<\/div>\n\t\t\t\t\t<\/div>\n\t\t<\/section>\n\t\t\t\t<section class=\"elementor-section elementor-top-section elementor-element elementor-element-5da030b elementor-section-boxed elementor-section-height-default elementor-section-height-default\" data-id=\"5da030b\" data-element_type=\"section\" data-e-type=\"section\">\n\t\t\t\t\t\t<div class=\"elementor-container elementor-column-gap-default\">\n\t\t\t\t\t<div class=\"elementor-column elementor-col-100 elementor-top-column elementor-element elementor-element-b215ae2\" data-id=\"b215ae2\" data-element_type=\"column\" data-e-type=\"column\">\n\t\t\t<div class=\"elementor-widget-wrap\">\n\t\t\t\t\t\t\t<\/div>\n\t\t<\/div>\n\t\t\t\t\t<\/div>\n\t\t<\/section>\n\t\t\t\t<\/div>\n\t\t","protected":false},"excerpt":{"rendered":"<p>Menciones legales La navegaci\u00f3n continuada por www.boccard.com (en adelante, el Sitio) implica la aceptaci\u00f3n sin reservas de las siguientes disposiciones y condiciones de uso.La versi\u00f3n en l\u00ednea actual de estas condiciones de uso es la \u00fanica versi\u00f3n aplicable durante todo el periodo de uso del Sitio y hasta que una nueva versi\u00f3n la sustituya. Informaciones [&hellip;]<\/p>\n","protected":false},"author":7,"featured_media":0,"parent":0,"menu_order":0,"comment_status":"closed","ping_status":"closed","template":"","meta":{"footnotes":""},"class_list":["post-59666","page","type-page","status-publish","hentry"],"yoast_head":"<!-- This site is optimized with the Yoast SEO plugin v27.3 - https:\/\/yoast.com\/product\/yoast-seo-wordpress\/ -->\n<title>Menciones legales - Boccard<\/title>\n<meta name=\"robots\" content=\"index, follow, max-snippet:-1, max-image-preview:large, max-video-preview:-1\" \/>\n<link rel=\"canonical\" href=\"https:\/\/www.boccard.com\/es\/menciones-legales\/\" \/>\n<meta property=\"og:locale\" content=\"es_ES\" \/>\n<meta property=\"og:type\" content=\"article\" \/>\n<meta property=\"og:title\" content=\"Menciones legales - Boccard\" \/>\n<meta property=\"og:description\" content=\"Menciones legales La navegaci\u00f3n continuada por www.boccard.com (en adelante, el Sitio) implica la aceptaci\u00f3n sin reservas de las siguientes disposiciones y condiciones de uso.La versi\u00f3n en l\u00ednea actual de estas condiciones de uso es la \u00fanica versi\u00f3n aplicable durante todo el periodo de uso del Sitio y hasta que una nueva versi\u00f3n la sustituya. Informaciones [&hellip;]\" \/>\n<meta property=\"og:url\" content=\"https:\/\/www.boccard.com\/es\/menciones-legales\/\" \/>\n<meta property=\"og:site_name\" content=\"Boccard\" \/>\n<meta property=\"article:modified_time\" content=\"2023-10-20T09:00:27+00:00\" \/>\n<meta name=\"twitter:card\" content=\"summary_large_image\" \/>\n<meta name=\"twitter:label1\" content=\"Tiempo de lectura\" \/>\n\t<meta name=\"twitter:data1\" content=\"3 minutos\" \/>\n<script type=\"application\/ld+json\" class=\"yoast-schema-graph\">{\"@context\":\"https:\\\/\\\/schema.org\",\"@graph\":[{\"@type\":\"WebPage\",\"@id\":\"https:\\\/\\\/www.boccard.com\\\/es\\\/menciones-legales\\\/\",\"url\":\"https:\\\/\\\/www.boccard.com\\\/es\\\/menciones-legales\\\/\",\"name\":\"Menciones legales - Boccard\",\"isPartOf\":{\"@id\":\"https:\\\/\\\/www.boccard.com\\\/es\\\/#website\"},\"datePublished\":\"2023-09-29T13:59:46+00:00\",\"dateModified\":\"2023-10-20T09:00:27+00:00\",\"breadcrumb\":{\"@id\":\"https:\\\/\\\/www.boccard.com\\\/es\\\/menciones-legales\\\/#breadcrumb\"},\"inLanguage\":\"es\",\"potentialAction\":[{\"@type\":\"ReadAction\",\"target\":[\"https:\\\/\\\/www.boccard.com\\\/es\\\/menciones-legales\\\/\"]}]},{\"@type\":\"BreadcrumbList\",\"@id\":\"https:\\\/\\\/www.boccard.com\\\/es\\\/menciones-legales\\\/#breadcrumb\",\"itemListElement\":[{\"@type\":\"ListItem\",\"position\":1,\"name\":\"Accueil\",\"item\":\"https:\\\/\\\/www.boccard.com\\\/es\\\/\"},{\"@type\":\"ListItem\",\"position\":2,\"name\":\"Menciones legales\"}]},{\"@type\":\"WebSite\",\"@id\":\"https:\\\/\\\/www.boccard.com\\\/es\\\/#website\",\"url\":\"https:\\\/\\\/www.boccard.com\\\/es\\\/\",\"name\":\"Boccard\",\"description\":\"\",\"publisher\":{\"@id\":\"https:\\\/\\\/www.boccard.com\\\/es\\\/#organization\"},\"potentialAction\":[{\"@type\":\"SearchAction\",\"target\":{\"@type\":\"EntryPoint\",\"urlTemplate\":\"https:\\\/\\\/www.boccard.com\\\/es\\\/?s={search_term_string}\"},\"query-input\":{\"@type\":\"PropertyValueSpecification\",\"valueRequired\":true,\"valueName\":\"search_term_string\"}}],\"inLanguage\":\"es\"},{\"@type\":\"Organization\",\"@id\":\"https:\\\/\\\/www.boccard.com\\\/es\\\/#organization\",\"name\":\"Boccard\",\"url\":\"https:\\\/\\\/www.boccard.com\\\/es\\\/\",\"logo\":{\"@type\":\"ImageObject\",\"inLanguage\":\"es\",\"@id\":\"https:\\\/\\\/www.boccard.com\\\/es\\\/#\\\/schema\\\/logo\\\/image\\\/\",\"url\":\"https:\\\/\\\/www.boccard.com\\\/wp-content\\\/uploads\\\/2023\\\/08\\\/LOGO-BOCCARD-BLEU-SUR-FOND-TRANSPARENT.png\",\"contentUrl\":\"https:\\\/\\\/www.boccard.com\\\/wp-content\\\/uploads\\\/2023\\\/08\\\/LOGO-BOCCARD-BLEU-SUR-FOND-TRANSPARENT.png\",\"width\":1423,\"height\":333,\"caption\":\"Boccard\"},\"image\":{\"@id\":\"https:\\\/\\\/www.boccard.com\\\/es\\\/#\\\/schema\\\/logo\\\/image\\\/\"},\"sameAs\":[\"https:\\\/\\\/www.linkedin.com\\\/company\\\/boccard\"]}]}<\/script>\n<!-- \/ Yoast SEO plugin. -->","yoast_head_json":{"title":"Menciones legales - Boccard","robots":{"index":"index","follow":"follow","max-snippet":"max-snippet:-1","max-image-preview":"max-image-preview:large","max-video-preview":"max-video-preview:-1"},"canonical":"https:\/\/www.boccard.com\/es\/menciones-legales\/","og_locale":"es_ES","og_type":"article","og_title":"Menciones legales - Boccard","og_description":"Menciones legales La navegaci\u00f3n continuada por www.boccard.com (en adelante, el Sitio) implica la aceptaci\u00f3n sin reservas de las siguientes disposiciones y condiciones de uso.La versi\u00f3n en l\u00ednea actual de estas condiciones de uso es la \u00fanica versi\u00f3n aplicable durante todo el periodo de uso del Sitio y hasta que una nueva versi\u00f3n la sustituya. Informaciones [&hellip;]","og_url":"https:\/\/www.boccard.com\/es\/menciones-legales\/","og_site_name":"Boccard","article_modified_time":"2023-10-20T09:00:27+00:00","twitter_card":"summary_large_image","twitter_misc":{"Tiempo de lectura":"3 minutos"},"schema":{"@context":"https:\/\/schema.org","@graph":[{"@type":"WebPage","@id":"https:\/\/www.boccard.com\/es\/menciones-legales\/","url":"https:\/\/www.boccard.com\/es\/menciones-legales\/","name":"Menciones legales - Boccard","isPartOf":{"@id":"https:\/\/www.boccard.com\/es\/#website"},"datePublished":"2023-09-29T13:59:46+00:00","dateModified":"2023-10-20T09:00:27+00:00","breadcrumb":{"@id":"https:\/\/www.boccard.com\/es\/menciones-legales\/#breadcrumb"},"inLanguage":"es","potentialAction":[{"@type":"ReadAction","target":["https:\/\/www.boccard.com\/es\/menciones-legales\/"]}]},{"@type":"BreadcrumbList","@id":"https:\/\/www.boccard.com\/es\/menciones-legales\/#breadcrumb","itemListElement":[{"@type":"ListItem","position":1,"name":"Accueil","item":"https:\/\/www.boccard.com\/es\/"},{"@type":"ListItem","position":2,"name":"Menciones legales"}]},{"@type":"WebSite","@id":"https:\/\/www.boccard.com\/es\/#website","url":"https:\/\/www.boccard.com\/es\/","name":"Boccard","description":"","publisher":{"@id":"https:\/\/www.boccard.com\/es\/#organization"},"potentialAction":[{"@type":"SearchAction","target":{"@type":"EntryPoint","urlTemplate":"https:\/\/www.boccard.com\/es\/?s={search_term_string}"},"query-input":{"@type":"PropertyValueSpecification","valueRequired":true,"valueName":"search_term_string"}}],"inLanguage":"es"},{"@type":"Organization","@id":"https:\/\/www.boccard.com\/es\/#organization","name":"Boccard","url":"https:\/\/www.boccard.com\/es\/","logo":{"@type":"ImageObject","inLanguage":"es","@id":"https:\/\/www.boccard.com\/es\/#\/schema\/logo\/image\/","url":"https:\/\/www.boccard.com\/wp-content\/uploads\/2023\/08\/LOGO-BOCCARD-BLEU-SUR-FOND-TRANSPARENT.png","contentUrl":"https:\/\/www.boccard.com\/wp-content\/uploads\/2023\/08\/LOGO-BOCCARD-BLEU-SUR-FOND-TRANSPARENT.png","width":1423,"height":333,"caption":"Boccard"},"image":{"@id":"https:\/\/www.boccard.com\/es\/#\/schema\/logo\/image\/"},"sameAs":["https:\/\/www.linkedin.com\/company\/boccard"]}]}},"_links":{"self":[{"href":"https:\/\/www.boccard.com\/es\/wp-json\/wp\/v2\/pages\/59666","targetHints":{"allow":["GET"]}}],"collection":[{"href":"https:\/\/www.boccard.com\/es\/wp-json\/wp\/v2\/pages"}],"about":[{"href":"https:\/\/www.boccard.com\/es\/wp-json\/wp\/v2\/types\/page"}],"author":[{"embeddable":true,"href":"https:\/\/www.boccard.com\/es\/wp-json\/wp\/v2\/users\/7"}],"replies":[{"embeddable":true,"href":"https:\/\/www.boccard.com\/es\/wp-json\/wp\/v2\/comments?post=59666"}],"version-history":[{"count":1,"href":"https:\/\/www.boccard.com\/es\/wp-json\/wp\/v2\/pages\/59666\/revisions"}],"predecessor-version":[{"id":59667,"href":"https:\/\/www.boccard.com\/es\/wp-json\/wp\/v2\/pages\/59666\/revisions\/59667"}],"wp:attachment":[{"href":"https:\/\/www.boccard.com\/es\/wp-json\/wp\/v2\/media?parent=59666"}],"curies":[{"name":"wp","href":"https:\/\/api.w.org\/{rel}","templated":true}]}}