{"id":63481,"date":"2023-09-29T13:59:46","date_gmt":"2023-09-29T13:59:46","guid":{"rendered":"https:\/\/www.boccard.com\/rechtlicher-hinweis\/"},"modified":"2023-11-14T10:10:37","modified_gmt":"2023-11-14T10:10:37","slug":"rechtlicher-hinweis","status":"publish","type":"page","link":"https:\/\/www.boccard.com\/de\/rechtlicher-hinweis\/","title":{"rendered":"Rechtlicher Hinweis"},"content":{"rendered":"\t\t<div data-elementor-type=\"wp-page\" data-elementor-id=\"63481\" class=\"elementor elementor-63481 elementor-59644\" data-elementor-post-type=\"page\">\n\t\t\t\t\t\t<section class=\"elementor-section elementor-top-section elementor-element elementor-element-2caf4a77 elementor-section-full_width elementor-reverse-mobile elementor-section-height-default elementor-section-height-default\" data-id=\"2caf4a77\" data-element_type=\"section\" data-e-type=\"section\" id=\"top\">\n\t\t\t\t\t\t<div class=\"elementor-container elementor-column-gap-no\">\n\t\t\t\t\t<div class=\"elementor-column elementor-col-100 elementor-top-column elementor-element elementor-element-5851949e\" data-id=\"5851949e\" data-element_type=\"column\" data-e-type=\"column\">\n\t\t\t<div class=\"elementor-widget-wrap elementor-element-populated\">\n\t\t\t\t\t\t<div class=\"elementor-element elementor-element-7bdff13b elementor-widget elementor-widget-heading\" data-id=\"7bdff13b\" data-element_type=\"widget\" data-e-type=\"widget\" data-widget_type=\"heading.default\">\n\t\t\t\t<div class=\"elementor-widget-container\">\n\t\t\t\t\t<h2 class=\"elementor-heading-title elementor-size-default\">Rechtlicher Hinweis<\/h2>\t\t\t\t<\/div>\n\t\t\t\t<\/div>\n\t\t\t\t<div class=\"elementor-element elementor-element-d07bffc elementor-widget elementor-widget-spacer\" data-id=\"d07bffc\" data-element_type=\"widget\" data-e-type=\"widget\" data-widget_type=\"spacer.default\">\n\t\t\t\t<div class=\"elementor-widget-container\">\n\t\t\t\t\t\t\t<div class=\"elementor-spacer\">\n\t\t\t<div class=\"elementor-spacer-inner\"><\/div>\n\t\t<\/div>\n\t\t\t\t\t\t<\/div>\n\t\t\t\t<\/div>\n\t\t\t\t<div class=\"elementor-element elementor-element-24a9e0b elementor-widget elementor-widget-text-editor\" data-id=\"24a9e0b\" data-element_type=\"widget\" data-e-type=\"widget\" data-widget_type=\"text-editor.default\">\n\t\t\t\t<div class=\"elementor-widget-container\">\n\t\t\t\t\t\t\t\t\t<p class=\"p1\">Mit dem Besuch von www.boccard.com (nachfolgend die Website) erkl\u00e4ren Sie sich vorbehaltlos mit den folgenden Bestimmungen und Nutzungsbedingungen einverstanden.<br \/>Die derzeit online verf\u00fcgbare Version dieser Nutzungsbedingungen ist die einzige, die f\u00fcr die gesamte Dauer der Nutzung der Website und bis zu dem Zeitpunkt, an dem sie durch eine neue Version ersetzt wird, g\u00fcltig ist.<\/p>\n\t\t\t\t\t\t\t\t<\/div>\n\t\t\t\t<\/div>\n\t\t\t\t<div class=\"elementor-element elementor-element-3518c63f barre elementor-widget elementor-widget-heading\" data-id=\"3518c63f\" data-element_type=\"widget\" data-e-type=\"widget\" data-widget_type=\"heading.default\">\n\t\t\t\t<div class=\"elementor-widget-container\">\n\t\t\t\t\t<h3 class=\"elementor-heading-title elementor-size-default\">Rechtliche Informationen<\/h3>\t\t\t\t<\/div>\n\t\t\t\t<\/div>\n\t\t\t\t<div class=\"elementor-element elementor-element-79db330d elementor-widget elementor-widget-text-editor\" data-id=\"79db330d\" data-element_type=\"widget\" data-e-type=\"widget\" data-widget_type=\"text-editor.default\">\n\t\t\t\t<div class=\"elementor-widget-container\">\n\t\t\t\t\t\t\t\t\t<p class=\"p1\">BOCCARD  <br \/>158 avenue Roger Salengro 69100 Villeurbanne, Frankreich<br \/>Boccard soci\u00e9t\u00e9 anonyme mit einem Grundkapital von 13 517 665,00 \u20ac.  <br \/>RCS-Registrierungsnummer (RCS Lyon 956 501 258)<br \/>TVA-Nummer FR25956501258<\/p>\n\t\t\t\t\t\t\t\t<\/div>\n\t\t\t\t<\/div>\n\t\t\t\t<div class=\"elementor-element elementor-element-d0f3afa barre elementor-widget elementor-widget-heading\" data-id=\"d0f3afa\" data-element_type=\"widget\" data-e-type=\"widget\" data-widget_type=\"heading.default\">\n\t\t\t\t<div class=\"elementor-widget-container\">\n\t\t\t\t\t<h3 class=\"elementor-heading-title elementor-size-default\">Herausgeber<\/h3>\t\t\t\t<\/div>\n\t\t\t\t<\/div>\n\t\t\t\t<div class=\"elementor-element elementor-element-bf49388 elementor-widget elementor-widget-text-editor\" data-id=\"bf49388\" data-element_type=\"widget\" data-e-type=\"widget\" data-widget_type=\"text-editor.default\">\n\t\t\t\t<div class=\"elementor-widget-container\">\n\t\t\t\t\t\t\t\t\t<p class=\"p1\">Diese Website ist Eigentum der Firma Boccard, deren Hauptsitz sich in 158 Avenue Roger Salengro, 69100 Villeurbanne, Frankreich befindet.<br \/>T\u00e9l. : (+33) 4 78 93 34 35<br \/><strong>E-Mail<\/strong>: <a href=\"mailto:boccard@boccard.com\">boccard@boccard.com<\/a><\/p>\n\t\t\t\t\t\t\t\t<\/div>\n\t\t\t\t<\/div>\n\t\t\t\t<div class=\"elementor-element elementor-element-5087803 barre elementor-widget elementor-widget-heading\" data-id=\"5087803\" data-element_type=\"widget\" data-e-type=\"widget\" data-widget_type=\"heading.default\">\n\t\t\t\t<div class=\"elementor-widget-container\">\n\t\t\t\t\t<h3 class=\"elementor-heading-title elementor-size-default\">Bedingungen f\u00fcr die Nutzung<\/h3>\t\t\t\t<\/div>\n\t\t\t\t<\/div>\n\t\t\t\t<div class=\"elementor-element elementor-element-80dca5a elementor-widget elementor-widget-text-editor\" data-id=\"80dca5a\" data-element_type=\"widget\" data-e-type=\"widget\" data-widget_type=\"text-editor.default\">\n\t\t\t\t<div class=\"elementor-widget-container\">\n\t\t\t\t\t\t\t\t\t<p class=\"p1\">F\u00fcr die ordnungsgem\u00e4\u00dfe Verwaltung der Website kann Boccard jederzeit:<\/p>\n<p class=\"p1\">&#8211; den Zugang zu seiner Website ganz oder teilweise auszusetzen, zu unterbrechen oder einzuschr\u00e4nken  <br \/>&#8211; alle Informationen zu l\u00f6schen, die den Betrieb st\u00f6ren oder gegen nationale oder internationale Gesetze oder die Regeln der Netiquette versto\u00dfen k\u00f6nnten;<br \/>&#8211; seine Website unterbrechen, um Aktualisierungen vorzunehmen.<\/p>\n<p class=\"p1\">Die vorliegenden Nutzungsbedingungen unterliegen franz\u00f6sischem Recht und der Zust\u00e4ndigkeit der Gerichte von Lyon, vorbehaltlich einer besonderen Zust\u00e4ndigkeit, die sich aus einem bestimmten Gesetzes- oder Verordnungstext ergibt.<\/p>\n\t\t\t\t\t\t\t\t<\/div>\n\t\t\t\t<\/div>\n\t\t\t\t<div class=\"elementor-element elementor-element-e2665a1 barre elementor-widget elementor-widget-heading\" data-id=\"e2665a1\" data-element_type=\"widget\" data-e-type=\"widget\" data-widget_type=\"heading.default\">\n\t\t\t\t<div class=\"elementor-widget-container\">\n\t\t\t\t\t<h3 class=\"elementor-heading-title elementor-size-default\">Inhalt der Website<\/h3>\t\t\t\t<\/div>\n\t\t\t\t<\/div>\n\t\t\t\t<div class=\"elementor-element elementor-element-b49d0c5 elementor-widget elementor-widget-text-editor\" data-id=\"b49d0c5\" data-element_type=\"widget\" data-e-type=\"widget\" data-widget_type=\"text-editor.default\">\n\t\t\t\t<div class=\"elementor-widget-container\">\n\t\t\t\t\t\t\t\t\t<p class=\"p1\">Alle Marken, Fotos, Texte, Kommentare, Illustrationen, Bilder (animiert oder nicht), Videosequenzen, T\u00f6ne sowie alle Computeranwendungen, die zum Betrieb dieser Website verwendet werden k\u00f6nnen, und ganz allgemein alle auf dieser Website reproduzierten oder verwendeten Elemente sind durch die geltenden Gesetze zum Schutz des geistigen Eigentums gesch\u00fctzt.<br \/>Sie sind das vollst\u00e4ndige und uneingeschr\u00e4nkte Eigentum von Boccard oder seinen Partnern.<\/p>\n<p class=\"p1\">Jegliche Vervielf\u00e4ltigung, Darstellung, Verwendung oder Anpassung, in welcher Form auch immer, aller oder eines Teils dieser Elemente, einschlie\u00dflich Computeranwendungen, ist ohne vorherige schriftliche Zustimmung von Boccard strengstens untersagt. Die Tatsache, dass Boccard nach Bekanntwerden einer solchen unbefugten Nutzung kein Verfahren einleitet, bedeutet nicht, dass sie diese Nutzung akzeptiert und auf eine Strafverfolgung verzichtet.<\/p>\n\t\t\t\t\t\t\t\t<\/div>\n\t\t\t\t<\/div>\n\t\t\t\t<div class=\"elementor-element elementor-element-0aab789 barre elementor-widget elementor-widget-heading\" data-id=\"0aab789\" data-element_type=\"widget\" data-e-type=\"widget\" data-widget_type=\"heading.default\">\n\t\t\t\t<div class=\"elementor-widget-container\">\n\t\t\t\t\t<h3 class=\"elementor-heading-title elementor-size-default\">Hypertext-Links<\/h3>\t\t\t\t<\/div>\n\t\t\t\t<\/div>\n\t\t\t\t<div class=\"elementor-element elementor-element-6553831 elementor-widget elementor-widget-text-editor\" data-id=\"6553831\" data-element_type=\"widget\" data-e-type=\"widget\" data-widget_type=\"text-editor.default\">\n\t\t\t\t<div class=\"elementor-widget-container\">\n\t\t\t\t\t\t\t\t\t<p class=\"p1\">Die Seiten dieser Website k\u00f6nnen Links zu oder von anderen Websites enthalten. Boccard hat keine Kontrolle \u00fcber den Inhalt dieser Websites und lehnt jede Verantwortung f\u00fcr deren Inhalt ab. Die Einrichtung von Hypertext-Links zu dieser Website oder Teilen davon ist ohne vorherige schriftliche Zustimmung von Boccard strengstens untersagt.  <br \/>Boccard steht es frei, diese Genehmigung zu verweigern, ohne diese Entscheidung in irgendeiner Weise rechtfertigen zu m\u00fcssen.  <br \/>In jedem Fall muss jeder Link auf Anfrage von Boccard entfernt werden.  <\/p>\n\t\t\t\t\t\t\t\t<\/div>\n\t\t\t\t<\/div>\n\t\t\t\t<div class=\"elementor-element elementor-element-2390085 barre elementor-widget elementor-widget-heading\" data-id=\"2390085\" data-element_type=\"widget\" data-e-type=\"widget\" data-widget_type=\"heading.default\">\n\t\t\t\t<div class=\"elementor-widget-container\">\n\t\t\t\t\t<h3 class=\"elementor-heading-title elementor-size-default\">Verantwortung<\/h3>\t\t\t\t<\/div>\n\t\t\t\t<\/div>\n\t\t\t\t<div class=\"elementor-element elementor-element-b3f8f87 elementor-widget elementor-widget-text-editor\" data-id=\"b3f8f87\" data-element_type=\"widget\" data-e-type=\"widget\" data-widget_type=\"text-editor.default\">\n\t\t\t\t<div class=\"elementor-widget-container\">\n\t\t\t\t\t\t\t\t\t<p class=\"p1\">Boccard lehnt jede Verantwortung f\u00fcr direkte oder indirekte Sch\u00e4den jeglicher Art ab, die sich aus einem Ausfall, einer St\u00f6rung, einer Schwierigkeit oder einer Unterbrechung des Betriebs ergeben, die den Zugang zur Website verhindern. Sie sind allein verantwortlich f\u00fcr Ihre Verbindung zu unserer Website. Sie m\u00fcssen alle geeigneten Ma\u00dfnahmen ergreifen, um Ihre Ger\u00e4te und Ihre eigenen Daten zu sch\u00fctzen, insbesondere vor Virenangriffen.<\/p>\n<p class=\"p1\">Die von Boccard bereitgestellten Informationen sind rein indikativ. Boccard kann keine Garantie f\u00fcr die Richtigkeit, Vollst\u00e4ndigkeit oder Aktualit\u00e4t der auf der Site bereitgestellten Informationen \u00fcbernehmen. Folglich erkennen die Besucher an, dass sie allein f\u00fcr die Nutzung dieser Informationen verantwortlich sind.<\/p>\n\t\t\t\t\t\t\t\t<\/div>\n\t\t\t\t<\/div>\n\t\t\t\t\t<\/div>\n\t\t<\/div>\n\t\t\t\t\t<\/div>\n\t\t<\/section>\n\t\t\t\t<section class=\"elementor-section elementor-top-section elementor-element elementor-element-5da030b elementor-section-boxed elementor-section-height-default elementor-section-height-default\" data-id=\"5da030b\" data-element_type=\"section\" data-e-type=\"section\">\n\t\t\t\t\t\t<div class=\"elementor-container elementor-column-gap-default\">\n\t\t\t\t\t<div class=\"elementor-column elementor-col-100 elementor-top-column elementor-element elementor-element-b215ae2\" data-id=\"b215ae2\" data-element_type=\"column\" data-e-type=\"column\">\n\t\t\t<div class=\"elementor-widget-wrap\">\n\t\t\t\t\t\t\t<\/div>\n\t\t<\/div>\n\t\t\t\t\t<\/div>\n\t\t<\/section>\n\t\t\t\t<\/div>\n\t\t","protected":false},"excerpt":{"rendered":"<p>Rechtlicher Hinweis Mit dem Besuch von www.boccard.com (nachfolgend die Website) erkl\u00e4ren Sie sich vorbehaltlos mit den folgenden Bestimmungen und Nutzungsbedingungen einverstanden.Die derzeit online verf\u00fcgbare Version dieser Nutzungsbedingungen ist die einzige, die f\u00fcr die gesamte Dauer der Nutzung der Website und bis zu dem Zeitpunkt, an dem sie durch eine neue Version ersetzt wird, g\u00fcltig ist. [&hellip;]<\/p>\n","protected":false},"author":7,"featured_media":0,"parent":0,"menu_order":0,"comment_status":"closed","ping_status":"closed","template":"","meta":{"footnotes":""},"class_list":["post-63481","page","type-page","status-publish","hentry"],"yoast_head":"<!-- This site is optimized with the Yoast SEO plugin v27.3 - https:\/\/yoast.com\/product\/yoast-seo-wordpress\/ -->\n<title>Rechtlicher Hinweis - Boccard<\/title>\n<meta name=\"robots\" content=\"index, follow, max-snippet:-1, max-image-preview:large, max-video-preview:-1\" \/>\n<link rel=\"canonical\" href=\"https:\/\/www.boccard.com\/de\/rechtlicher-hinweis\/\" \/>\n<meta property=\"og:locale\" content=\"de_DE\" \/>\n<meta property=\"og:type\" content=\"article\" \/>\n<meta property=\"og:title\" content=\"Rechtlicher Hinweis - Boccard\" \/>\n<meta property=\"og:description\" content=\"Rechtlicher Hinweis Mit dem Besuch von www.boccard.com (nachfolgend die Website) erkl\u00e4ren Sie sich vorbehaltlos mit den folgenden Bestimmungen und Nutzungsbedingungen einverstanden.Die derzeit online verf\u00fcgbare Version dieser Nutzungsbedingungen ist die einzige, die f\u00fcr die gesamte Dauer der Nutzung der Website und bis zu dem Zeitpunkt, an dem sie durch eine neue Version ersetzt wird, g\u00fcltig ist. [&hellip;]\" \/>\n<meta property=\"og:url\" content=\"https:\/\/www.boccard.com\/de\/rechtlicher-hinweis\/\" \/>\n<meta property=\"og:site_name\" content=\"Boccard\" \/>\n<meta property=\"article:modified_time\" content=\"2023-11-14T10:10:37+00:00\" \/>\n<meta name=\"twitter:card\" content=\"summary_large_image\" \/>\n<meta name=\"twitter:label1\" content=\"Gesch\u00e4tzte Lesezeit\" \/>\n\t<meta name=\"twitter:data1\" content=\"3\u00a0Minuten\" \/>\n<script type=\"application\/ld+json\" class=\"yoast-schema-graph\">{\"@context\":\"https:\\\/\\\/schema.org\",\"@graph\":[{\"@type\":\"WebPage\",\"@id\":\"https:\\\/\\\/www.boccard.com\\\/de\\\/rechtlicher-hinweis\\\/\",\"url\":\"https:\\\/\\\/www.boccard.com\\\/de\\\/rechtlicher-hinweis\\\/\",\"name\":\"Rechtlicher Hinweis - Boccard\",\"isPartOf\":{\"@id\":\"https:\\\/\\\/www.boccard.com\\\/de\\\/#website\"},\"datePublished\":\"2023-09-29T13:59:46+00:00\",\"dateModified\":\"2023-11-14T10:10:37+00:00\",\"breadcrumb\":{\"@id\":\"https:\\\/\\\/www.boccard.com\\\/de\\\/rechtlicher-hinweis\\\/#breadcrumb\"},\"inLanguage\":\"de\",\"potentialAction\":[{\"@type\":\"ReadAction\",\"target\":[\"https:\\\/\\\/www.boccard.com\\\/de\\\/rechtlicher-hinweis\\\/\"]}]},{\"@type\":\"BreadcrumbList\",\"@id\":\"https:\\\/\\\/www.boccard.com\\\/de\\\/rechtlicher-hinweis\\\/#breadcrumb\",\"itemListElement\":[{\"@type\":\"ListItem\",\"position\":1,\"name\":\"Accueil\",\"item\":\"https:\\\/\\\/www.boccard.com\\\/de\\\/\"},{\"@type\":\"ListItem\",\"position\":2,\"name\":\"Rechtlicher Hinweis\"}]},{\"@type\":\"WebSite\",\"@id\":\"https:\\\/\\\/www.boccard.com\\\/de\\\/#website\",\"url\":\"https:\\\/\\\/www.boccard.com\\\/de\\\/\",\"name\":\"Boccard\",\"description\":\"\",\"publisher\":{\"@id\":\"https:\\\/\\\/www.boccard.com\\\/de\\\/#organization\"},\"potentialAction\":[{\"@type\":\"SearchAction\",\"target\":{\"@type\":\"EntryPoint\",\"urlTemplate\":\"https:\\\/\\\/www.boccard.com\\\/de\\\/?s={search_term_string}\"},\"query-input\":{\"@type\":\"PropertyValueSpecification\",\"valueRequired\":true,\"valueName\":\"search_term_string\"}}],\"inLanguage\":\"de\"},{\"@type\":\"Organization\",\"@id\":\"https:\\\/\\\/www.boccard.com\\\/de\\\/#organization\",\"name\":\"Boccard\",\"url\":\"https:\\\/\\\/www.boccard.com\\\/de\\\/\",\"logo\":{\"@type\":\"ImageObject\",\"inLanguage\":\"de\",\"@id\":\"https:\\\/\\\/www.boccard.com\\\/de\\\/#\\\/schema\\\/logo\\\/image\\\/\",\"url\":\"https:\\\/\\\/www.boccard.com\\\/wp-content\\\/uploads\\\/2023\\\/08\\\/LOGO-BOCCARD-BLEU-SUR-FOND-TRANSPARENT.png\",\"contentUrl\":\"https:\\\/\\\/www.boccard.com\\\/wp-content\\\/uploads\\\/2023\\\/08\\\/LOGO-BOCCARD-BLEU-SUR-FOND-TRANSPARENT.png\",\"width\":1423,\"height\":333,\"caption\":\"Boccard\"},\"image\":{\"@id\":\"https:\\\/\\\/www.boccard.com\\\/de\\\/#\\\/schema\\\/logo\\\/image\\\/\"},\"sameAs\":[\"https:\\\/\\\/www.linkedin.com\\\/company\\\/boccard\"]}]}<\/script>\n<!-- \/ Yoast SEO plugin. -->","yoast_head_json":{"title":"Rechtlicher Hinweis - Boccard","robots":{"index":"index","follow":"follow","max-snippet":"max-snippet:-1","max-image-preview":"max-image-preview:large","max-video-preview":"max-video-preview:-1"},"canonical":"https:\/\/www.boccard.com\/de\/rechtlicher-hinweis\/","og_locale":"de_DE","og_type":"article","og_title":"Rechtlicher Hinweis - Boccard","og_description":"Rechtlicher Hinweis Mit dem Besuch von www.boccard.com (nachfolgend die Website) erkl\u00e4ren Sie sich vorbehaltlos mit den folgenden Bestimmungen und Nutzungsbedingungen einverstanden.Die derzeit online verf\u00fcgbare Version dieser Nutzungsbedingungen ist die einzige, die f\u00fcr die gesamte Dauer der Nutzung der Website und bis zu dem Zeitpunkt, an dem sie durch eine neue Version ersetzt wird, g\u00fcltig ist. [&hellip;]","og_url":"https:\/\/www.boccard.com\/de\/rechtlicher-hinweis\/","og_site_name":"Boccard","article_modified_time":"2023-11-14T10:10:37+00:00","twitter_card":"summary_large_image","twitter_misc":{"Gesch\u00e4tzte Lesezeit":"3\u00a0Minuten"},"schema":{"@context":"https:\/\/schema.org","@graph":[{"@type":"WebPage","@id":"https:\/\/www.boccard.com\/de\/rechtlicher-hinweis\/","url":"https:\/\/www.boccard.com\/de\/rechtlicher-hinweis\/","name":"Rechtlicher Hinweis - Boccard","isPartOf":{"@id":"https:\/\/www.boccard.com\/de\/#website"},"datePublished":"2023-09-29T13:59:46+00:00","dateModified":"2023-11-14T10:10:37+00:00","breadcrumb":{"@id":"https:\/\/www.boccard.com\/de\/rechtlicher-hinweis\/#breadcrumb"},"inLanguage":"de","potentialAction":[{"@type":"ReadAction","target":["https:\/\/www.boccard.com\/de\/rechtlicher-hinweis\/"]}]},{"@type":"BreadcrumbList","@id":"https:\/\/www.boccard.com\/de\/rechtlicher-hinweis\/#breadcrumb","itemListElement":[{"@type":"ListItem","position":1,"name":"Accueil","item":"https:\/\/www.boccard.com\/de\/"},{"@type":"ListItem","position":2,"name":"Rechtlicher Hinweis"}]},{"@type":"WebSite","@id":"https:\/\/www.boccard.com\/de\/#website","url":"https:\/\/www.boccard.com\/de\/","name":"Boccard","description":"","publisher":{"@id":"https:\/\/www.boccard.com\/de\/#organization"},"potentialAction":[{"@type":"SearchAction","target":{"@type":"EntryPoint","urlTemplate":"https:\/\/www.boccard.com\/de\/?s={search_term_string}"},"query-input":{"@type":"PropertyValueSpecification","valueRequired":true,"valueName":"search_term_string"}}],"inLanguage":"de"},{"@type":"Organization","@id":"https:\/\/www.boccard.com\/de\/#organization","name":"Boccard","url":"https:\/\/www.boccard.com\/de\/","logo":{"@type":"ImageObject","inLanguage":"de","@id":"https:\/\/www.boccard.com\/de\/#\/schema\/logo\/image\/","url":"https:\/\/www.boccard.com\/wp-content\/uploads\/2023\/08\/LOGO-BOCCARD-BLEU-SUR-FOND-TRANSPARENT.png","contentUrl":"https:\/\/www.boccard.com\/wp-content\/uploads\/2023\/08\/LOGO-BOCCARD-BLEU-SUR-FOND-TRANSPARENT.png","width":1423,"height":333,"caption":"Boccard"},"image":{"@id":"https:\/\/www.boccard.com\/de\/#\/schema\/logo\/image\/"},"sameAs":["https:\/\/www.linkedin.com\/company\/boccard"]}]}},"_links":{"self":[{"href":"https:\/\/www.boccard.com\/de\/wp-json\/wp\/v2\/pages\/63481","targetHints":{"allow":["GET"]}}],"collection":[{"href":"https:\/\/www.boccard.com\/de\/wp-json\/wp\/v2\/pages"}],"about":[{"href":"https:\/\/www.boccard.com\/de\/wp-json\/wp\/v2\/types\/page"}],"author":[{"embeddable":true,"href":"https:\/\/www.boccard.com\/de\/wp-json\/wp\/v2\/users\/7"}],"replies":[{"embeddable":true,"href":"https:\/\/www.boccard.com\/de\/wp-json\/wp\/v2\/comments?post=63481"}],"version-history":[{"count":3,"href":"https:\/\/www.boccard.com\/de\/wp-json\/wp\/v2\/pages\/63481\/revisions"}],"predecessor-version":[{"id":63484,"href":"https:\/\/www.boccard.com\/de\/wp-json\/wp\/v2\/pages\/63481\/revisions\/63484"}],"wp:attachment":[{"href":"https:\/\/www.boccard.com\/de\/wp-json\/wp\/v2\/media?parent=63481"}],"curies":[{"name":"wp","href":"https:\/\/api.w.org\/{rel}","templated":true}]}}