{"id":63295,"date":"2023-08-22T13:33:11","date_gmt":"2023-08-22T13:33:11","guid":{"rendered":"https:\/\/www.boccard.com\/kontakt-formular\/"},"modified":"2024-11-22T13:19:07","modified_gmt":"2024-11-22T13:19:07","slug":"kontakt-formular","status":"publish","type":"page","link":"https:\/\/www.boccard.com\/de\/kontakt-formular\/","title":{"rendered":"Kontakt-Formular"},"content":{"rendered":"\t\t<div data-elementor-type=\"wp-page\" data-elementor-id=\"63295\" class=\"elementor elementor-63295 elementor-268\" data-elementor-post-type=\"page\">\n\t\t\t\t\t\t<section class=\"elementor-section elementor-top-section elementor-element elementor-element-59b88960 elementor-section-boxed elementor-section-height-default elementor-section-height-default\" data-id=\"59b88960\" data-element_type=\"section\" data-e-type=\"section\" id=\"top\" data-settings=\"{&quot;background_background&quot;:&quot;classic&quot;}\">\n\t\t\t\t\t\t\t<div class=\"elementor-background-overlay\"><\/div>\n\t\t\t\t\t\t\t<div class=\"elementor-container elementor-column-gap-default\">\n\t\t\t\t\t<div class=\"elementor-column elementor-col-100 elementor-top-column elementor-element elementor-element-1b36d296\" data-id=\"1b36d296\" data-element_type=\"column\" data-e-type=\"column\">\n\t\t\t<div class=\"elementor-widget-wrap elementor-element-populated\">\n\t\t\t\t\t\t<div class=\"elementor-element elementor-element-21959f95 elementor-align-left elementor-widget elementor-widget-breadcrumbs\" data-id=\"21959f95\" data-element_type=\"widget\" data-e-type=\"widget\" data-widget_type=\"breadcrumbs.default\">\n\t\t\t\t<div class=\"elementor-widget-container\">\n\t\t\t\t\t<p id=\"breadcrumbs\"><span><span><a href=\"https:\/\/www.boccard.com\/de\/\">Accueil<\/a><\/span><\/span><\/p>\t\t\t\t<\/div>\n\t\t\t\t<\/div>\n\t\t\t\t<div class=\"elementor-element elementor-element-349a59c5 elementor-widget elementor-widget-heading\" data-id=\"349a59c5\" data-element_type=\"widget\" data-e-type=\"widget\" data-widget_type=\"heading.default\">\n\t\t\t\t<div class=\"elementor-widget-container\">\n\t\t\t\t\t<h2 class=\"elementor-heading-title elementor-size-default\">Kontakt<\/h2>\t\t\t\t<\/div>\n\t\t\t\t<\/div>\n\t\t\t\t\t<\/div>\n\t\t<\/div>\n\t\t\t\t\t<\/div>\n\t\t<\/section>\n\t\t\t\t<section class=\"elementor-section elementor-top-section elementor-element elementor-element-09481d1 elementor-section-boxed elementor-section-height-default elementor-section-height-default\" data-id=\"09481d1\" data-element_type=\"section\" data-e-type=\"section\">\n\t\t\t\t\t\t<div class=\"elementor-container elementor-column-gap-default\">\n\t\t\t\t\t<div class=\"elementor-column elementor-col-100 elementor-top-column elementor-element elementor-element-272900d\" data-id=\"272900d\" data-element_type=\"column\" data-e-type=\"column\">\n\t\t\t<div class=\"elementor-widget-wrap elementor-element-populated\">\n\t\t\t\t\t\t<section class=\"elementor-section elementor-inner-section elementor-element elementor-element-1cf5366 elementor-section-content-middle elementor-section-boxed elementor-section-height-default elementor-section-height-default\" data-id=\"1cf5366\" data-element_type=\"section\" data-e-type=\"section\">\n\t\t\t\t\t\t<div class=\"elementor-container elementor-column-gap-no\">\n\t\t\t\t\t<div class=\"elementor-column elementor-col-100 elementor-inner-column elementor-element elementor-element-5fce4ec\" data-id=\"5fce4ec\" data-element_type=\"column\" data-e-type=\"column\" data-settings=\"{&quot;background_background&quot;:&quot;classic&quot;}\">\n\t\t\t<div class=\"elementor-widget-wrap elementor-element-populated\">\n\t\t\t\t\t\t<div class=\"elementor-element elementor-element-51eb002 elementor-widget__width-initial elementor-view-default elementor-position-block-start elementor-mobile-position-block-start elementor-widget elementor-widget-icon-box\" data-id=\"51eb002\" data-element_type=\"widget\" data-e-type=\"widget\" data-widget_type=\"icon-box.default\">\n\t\t\t\t<div class=\"elementor-widget-container\">\n\t\t\t\t\t\t\t<div class=\"elementor-icon-box-wrapper\">\n\n\t\t\t\t\t\t<div class=\"elementor-icon-box-icon\">\n\t\t\t\t<span  class=\"elementor-icon\">\n\t\t\t\t<svg xmlns=\"http:\/\/www.w3.org\/2000\/svg\" xmlns:xlink=\"http:\/\/www.w3.org\/1999\/xlink\" id=\"Calque_1\" x=\"0px\" y=\"0px\" viewBox=\"0 0 20 15\" style=\"enable-background:new 0 0 20 15;\" xml:space=\"preserve\"><style type=\"text\/css\">\t.st0{fill-rule:evenodd;clip-rule:evenodd;fill:#FFFFFF;}<\/style><g id=\"Page-1\">\t<g id=\"MegaMenu-V3\" transform=\"translate(-655.000000, -46.000000)\">\t\t<g id=\"Group-3\" transform=\"translate(655.000000, 46.000000)\">\t\t\t<path id=\"Fill-1\" class=\"st0\" d=\"M16.5,0c0.8,0,1.4,0.1,1.7,0.4l0,0l-7.6,7.4c-0.3,0.5-0.6,0.6-1,0.6C9.3,8.4,9,8.3,8.6,8    L8.5,7.9L0.9,0.4C1.2,0.2,1.7,0,2.4,0h0.1H16.5z M19,1.4c0.1,0.2,0.2,0.6,0.2,1.1v0.1v9.5c0,0.6-0.1,1-0.2,1.2l0,0l-6.1-6L19,1.4    z M0.2,1.4l6.2,6l-6.1,6C0.1,13.3,0,12.9,0,12.3v-0.1V2.7C0,2.1,0.1,1.7,0.2,1.4L0.2,1.4z M12,8.3l6.3,6.2    c-0.3,0.3-0.7,0.4-1.4,0.4h-0.1h-14c-0.8,0-1.4-0.1-1.7-0.4l0,0l6.3-6.2L8,8.9c0.4,0.5,1,0.8,1.6,0.8s1.1-0.2,1.7-0.8l0.1-0.1    L12,8.3z\"><\/path>\t\t<\/g>\t<\/g><\/g><\/svg>\t\t\t\t<\/span>\n\t\t\t<\/div>\n\t\t\t\n\t\t\t\t\t\t<div class=\"elementor-icon-box-content\">\n\n\t\t\t\t\t\t\t\t\t<h3 class=\"elementor-icon-box-title\">\n\t\t\t\t\t\t<span  >\n\t\t\t\t\t\t\tKontakt\t\t\t\t\t\t<\/span>\n\t\t\t\t\t<\/h3>\n\t\t\t\t\n\t\t\t\t\t\t\t\t\t<p class=\"elementor-icon-box-description\">\n\t\t\t\t\t\t<br>Wir stehen Ihnen gerne zur Verf\u00fcgung, um all Ihre Fragen zu unseren Angeboten, L\u00f6sungen und Dienstleistungen zu beantworten.\nUm Ihnen eine pr\u00e4zise und ma\u00dfgeschneiderte Antwort geben zu k\u00f6nnen, bitten wir Sie, Ihre spezifischen Anforderungen anzugeben:  \nAngebot, Projekt, Dienstleistungen, Kontaktanfrage oder Sonstiges..<br>\t\t\t\t\t<\/p>\n\t\t\t\t\n\t\t\t<\/div>\n\t\t\t\n\t\t<\/div>\n\t\t\t\t\t\t<\/div>\n\t\t\t\t<\/div>\n\t\t\t\t\t<\/div>\n\t\t<\/div>\n\t\t\t\t\t<\/div>\n\t\t<\/section>\n\t\t\t\t\t<\/div>\n\t\t<\/div>\n\t\t\t\t\t<\/div>\n\t\t<\/section>\n\t\t<div class=\"elementor-element elementor-element-0a1665b e-flex e-con-boxed e-con e-parent\" data-id=\"0a1665b\" data-element_type=\"container\" data-e-type=\"container\">\n\t\t\t\t\t<div class=\"e-con-inner\">\n\t\t\t\t<div class=\"elementor-element elementor-element-f06e1e1 elementor-widget__width-initial elementor-view-default elementor-widget elementor-widget-icon\" data-id=\"f06e1e1\" data-element_type=\"widget\" data-e-type=\"widget\" data-widget_type=\"icon.default\">\n\t\t\t\t<div class=\"elementor-widget-container\">\n\t\t\t\t\t\t\t<div class=\"elementor-icon-wrapper\">\n\t\t\t<div class=\"elementor-icon\">\n\t\t\t<svg xmlns=\"http:\/\/www.w3.org\/2000\/svg\" xmlns:xlink=\"http:\/\/www.w3.org\/1999\/xlink\" width=\"62px\" height=\"50px\" viewBox=\"0 0 62 50\"><title>Group 5<\/title><g id=\"Page-1\" stroke=\"none\" stroke-width=\"1\" fill=\"none\" fill-rule=\"evenodd\"><g id=\"Boccard-Local-v2\" transform=\"translate(-174.000000, -670.000000)\" fill=\"#34BEF1\"><g id=\"Group-5\" transform=\"translate(174.000000, 670.000000)\"><g id=\"Group-19\" opacity=\"0.101709275\"><g id=\"Group-17\"><path d=\"M48.5133243,46.7749657 C52.003859,46.5892318 55.4252366,45.9711513 58.8178056,45.1567799 C59.3494252,45.0291935 59.6280137,44.7474226 59.8182237,44.2310052 C61.0859768,40.7890367 61.8182537,37.2416748 61.9053115,33.5472705 C62.0563819,27.1446473 60.584843,21.1560204 57.2341622,15.7252094 C51.873777,7.03709795 44.1825219,1.86012561 34.2532226,0.581663203 C17.8824948,-1.52614395 3.51926973,9.49077703 0.0582830959,25.1444272 C-0.0599073464,25.6786981 -0.0160519094,26.0651621 0.360275308,26.493758 C8.55267821,35.8250086 18.546554,42.0893621 30.4065406,45.1649283 C34.8877535,46.3269954 39.4428847,46.8960927 44.0625398,46.9256592 C45.5512581,46.9351389 47.0310392,46.852581 48.5133243,46.7749657\" id=\"Fill-4-Copy-4\"><\/path><\/g><\/g><path d=\"M21.5,49.999722 C21.1844148,49.999722 20.8850387,49.8609561 20.6879496,49.6208201 C20.3336874,49.1900533 12,38.9960615 12,33.1898988 C12,28.1232528 16.2623866,24 21.5,24 C26.7376134,24 31,28.1232528 31,33.1898988 C31,38.9830875 22.6674622,49.1889721 22.3120504,49.6198934 C22.1149645,49.8612248 21.8155916,50 21.5,50 L21.5,49.999722 Z M21.5,26.0077535 C17.4062185,26.0077535 14.0756303,29.2296239 14.0756303,33.1897753 C14.0756303,36.9954746 18.860437,43.9495251 21.4987227,47.3511777 C24.1369126,43.9461271 28.9243697,36.9837362 28.9243697,33.1897753 C28.9243697,29.2308595 25.5925042,26.0077535 21.5,26.0077535 Z M21.5,37.3782068 C19.1125143,37.3782068 17.171512,35.4994517 17.171512,33.1910109 C17.170265,30.881458 19.1124185,29.0025793 21.5,29.0025793 C23.8875815,29.0025793 25.8284874,30.8813345 25.8284874,33.1897753 C25.8284874,35.4993281 23.8863361,37.3782068 21.5,37.3782068 L21.5,37.3782068 Z M21.5,31.0107653 C20.2576235,31.0107653 19.2472387,31.988169 19.2472387,33.1899915 C19.2472387,34.391814 20.2576235,35.3692177 21.5,35.3692177 C22.7423765,35.3692177 23.7527613,34.391814 23.7527613,33.1899915 C23.7527613,31.988169 22.7423765,31.0107653 21.5,31.0107653 L21.5,31.0107653 Z\" id=\"Shape\" fill-rule=\"nonzero\"><\/path><\/g><\/g><\/g><\/svg>\t\t\t<\/div>\n\t\t<\/div>\n\t\t\t\t\t\t<\/div>\n\t\t\t\t<\/div>\n\t\t\t\t<div class=\"elementor-element elementor-element-b19d48b elementor-widget elementor-widget-text-editor\" data-id=\"b19d48b\" data-element_type=\"widget\" data-e-type=\"widget\" data-widget_type=\"text-editor.default\">\n\t\t\t\t<div class=\"elementor-widget-container\">\n\t\t\t\t\t\t\t\t\t<h3><strong>Vertriebs- und Servicerepr\u00e4sentant von Boccard | B\u00fcro Deutschland<\/strong><br \/>Siegfried HAUSER Tel.: +49 151 54 79 04 05<br \/>E-Mail: <a href=\"mailto:shauser.ext@boccard.com\">shauser.ext@boccard.com<\/a><\/h3>\t\t\t\t\t\t\t\t<\/div>\n\t\t\t\t<\/div>\n\t\t\t\t\t<\/div>\n\t\t\t\t<\/div>\n\t\t\t\t<section class=\"elementor-section elementor-top-section elementor-element elementor-element-c2aaa77 elementor-section-boxed elementor-section-height-default elementor-section-height-default\" data-id=\"c2aaa77\" data-element_type=\"section\" data-e-type=\"section\" data-settings=\"{&quot;background_background&quot;:&quot;classic&quot;}\">\n\t\t\t\t\t\t<div class=\"elementor-container elementor-column-gap-default\">\n\t\t\t\t\t<div class=\"elementor-column elementor-col-50 elementor-top-column elementor-element elementor-element-cdf1d96\" data-id=\"cdf1d96\" data-element_type=\"column\" data-e-type=\"column\">\n\t\t\t<div class=\"elementor-widget-wrap elementor-element-populated\">\n\t\t\t\t\t\t<div class=\"elementor-element elementor-element-718c0cf clair elementor-widget elementor-widget-heading\" data-id=\"718c0cf\" data-element_type=\"widget\" data-e-type=\"widget\" data-widget_type=\"heading.default\">\n\t\t\t\t<div class=\"elementor-widget-container\">\n\t\t\t\t\t<h2 class=\"elementor-heading-title elementor-size-default\"><span class=\"lite\">UNSERE KUNDEN<\/span><br><span class=\"normal\">Sie vertrauen uns<\/span><\/h2>\t\t\t\t<\/div>\n\t\t\t\t<\/div>\n\t\t\t\t\t<\/div>\n\t\t<\/div>\n\t\t\t\t<div class=\"elementor-column elementor-col-50 elementor-top-column elementor-element elementor-element-43572ff elementor-hidden-tablet elementor-hidden-mobile\" data-id=\"43572ff\" data-element_type=\"column\" data-e-type=\"column\">\n\t\t\t<div class=\"elementor-widget-wrap\">\n\t\t\t\t\t\t\t<\/div>\n\t\t<\/div>\n\t\t\t\t\t<\/div>\n\t\t<\/section>\n\t\t\t\t<section class=\"elementor-section elementor-top-section elementor-element elementor-element-06c6c2d elementor-section-boxed elementor-section-height-default elementor-section-height-default\" data-id=\"06c6c2d\" data-element_type=\"section\" data-e-type=\"section\">\n\t\t\t\t\t\t<div class=\"elementor-container elementor-column-gap-default\">\n\t\t\t\t\t<div class=\"elementor-column elementor-col-100 elementor-top-column elementor-element elementor-element-f10fc68\" data-id=\"f10fc68\" data-element_type=\"column\" data-e-type=\"column\">\n\t\t\t<div class=\"elementor-widget-wrap elementor-element-populated\">\n\t\t\t\t\t\t<div class=\"elementor-element elementor-element-f835d81 clients elementor-widget elementor-widget-image-carousel\" data-id=\"f835d81\" data-element_type=\"widget\" data-e-type=\"widget\" data-settings=\"{&quot;slides_to_show&quot;:&quot;5&quot;,&quot;navigation&quot;:&quot;none&quot;,&quot;image_spacing_custom&quot;:{&quot;unit&quot;:&quot;px&quot;,&quot;size&quot;:100,&quot;sizes&quot;:[]},&quot;slides_to_show_tablet&quot;:&quot;4&quot;,&quot;slides_to_show_mobile&quot;:&quot;2&quot;,&quot;autoplay&quot;:&quot;yes&quot;,&quot;pause_on_hover&quot;:&quot;yes&quot;,&quot;pause_on_interaction&quot;:&quot;yes&quot;,&quot;autoplay_speed&quot;:5000,&quot;infinite&quot;:&quot;yes&quot;,&quot;speed&quot;:500,&quot;image_spacing_custom_tablet&quot;:{&quot;unit&quot;:&quot;px&quot;,&quot;size&quot;:&quot;&quot;,&quot;sizes&quot;:[]},&quot;image_spacing_custom_mobile&quot;:{&quot;unit&quot;:&quot;px&quot;,&quot;size&quot;:&quot;&quot;,&quot;sizes&quot;:[]}}\" data-widget_type=\"image-carousel.default\">\n\t\t\t\t<div class=\"elementor-widget-container\">\n\t\t\t\t\t\t\t<div class=\"elementor-image-carousel-wrapper swiper\" role=\"region\" aria-roledescription=\"carousel\" aria-label=\"Bild Karussell\" dir=\"ltr\">\n\t\t\t<div class=\"elementor-image-carousel swiper-wrapper\" aria-live=\"off\">\n\t\t\t\t\t\t\t\t<div class=\"swiper-slide\" role=\"group\" aria-roledescription=\"slide\" aria-label=\"1 von 10\"><figure class=\"swiper-slide-inner\"><img decoding=\"async\" class=\"swiper-slide-image\" src=\"https:\/\/www.boccard.com\/wp-content\/uploads\/2023\/08\/Logo_LOre\u2560ual.jpg\" alt=\"\" \/><\/figure><\/div><div class=\"swiper-slide\" role=\"group\" aria-roledescription=\"slide\" aria-label=\"2 von 10\"><figure class=\"swiper-slide-inner\"><img decoding=\"async\" class=\"swiper-slide-image\" src=\"https:\/\/www.boccard.com\/wp-content\/uploads\/2023\/08\/Logo_Alstom-1.jpg\" alt=\"\" \/><\/figure><\/div><div class=\"swiper-slide\" role=\"group\" aria-roledescription=\"slide\" aria-label=\"3 von 10\"><figure class=\"swiper-slide-inner\"><img decoding=\"async\" class=\"swiper-slide-image\" src=\"https:\/\/www.boccard.com\/wp-content\/uploads\/2023\/08\/Logo_bonduelle.jpg\" alt=\"\" \/><\/figure><\/div><div class=\"swiper-slide\" role=\"group\" aria-roledescription=\"slide\" aria-label=\"4 von 10\"><figure class=\"swiper-slide-inner\"><img decoding=\"async\" class=\"swiper-slide-image\" src=\"https:\/\/www.boccard.com\/wp-content\/uploads\/2023\/08\/Logo_EDF-1.jpg\" alt=\"\" \/><\/figure><\/div><div class=\"swiper-slide\" role=\"group\" aria-roledescription=\"slide\" aria-label=\"5 von 10\"><figure class=\"swiper-slide-inner\"><img decoding=\"async\" class=\"swiper-slide-image\" src=\"https:\/\/www.boccard.com\/wp-content\/uploads\/2023\/08\/Logo_Voltalia.jpg\" alt=\"\" \/><\/figure><\/div><div class=\"swiper-slide\" role=\"group\" aria-roledescription=\"slide\" aria-label=\"6 von 10\"><figure class=\"swiper-slide-inner\"><img decoding=\"async\" class=\"swiper-slide-image\" src=\"https:\/\/www.boccard.com\/wp-content\/uploads\/2023\/08\/Logo_ArcelorMittal.jpg\" alt=\"\" \/><\/figure><\/div><div class=\"swiper-slide\" role=\"group\" aria-roledescription=\"slide\" aria-label=\"7 von 10\"><figure class=\"swiper-slide-inner\"><img decoding=\"async\" class=\"swiper-slide-image\" src=\"https:\/\/www.boccard.com\/wp-content\/uploads\/2023\/08\/Logo_AB_InBev.jpg\" alt=\"\" \/><\/figure><\/div><div class=\"swiper-slide\" role=\"group\" aria-roledescription=\"slide\" aria-label=\"8 von 10\"><figure class=\"swiper-slide-inner\"><img decoding=\"async\" class=\"swiper-slide-image\" src=\"https:\/\/www.boccard.com\/wp-content\/uploads\/2023\/08\/Logo_Sanofi.jpg\" alt=\"\" \/><\/figure><\/div><div class=\"swiper-slide\" role=\"group\" aria-roledescription=\"slide\" aria-label=\"9 von 10\"><figure class=\"swiper-slide-inner\"><img decoding=\"async\" class=\"swiper-slide-image\" src=\"https:\/\/www.boccard.com\/wp-content\/uploads\/2023\/08\/Logo_Orano.jpg\" alt=\"\" \/><\/figure><\/div><div class=\"swiper-slide\" role=\"group\" aria-roledescription=\"slide\" aria-label=\"10 von 10\"><figure class=\"swiper-slide-inner\"><img decoding=\"async\" class=\"swiper-slide-image\" src=\"https:\/\/www.boccard.com\/wp-content\/uploads\/2023\/08\/Logo_Danone-1.jpg\" alt=\"\" \/><\/figure><\/div>\t\t\t<\/div>\n\t\t\t\t\t\t\t\n\t\t\t\t\t\t\t\t\t<\/div>\n\t\t\t\t\t\t<\/div>\n\t\t\t\t<\/div>\n\t\t\t\t\t<\/div>\n\t\t<\/div>\n\t\t\t\t\t<\/div>\n\t\t<\/section>\n\t\t\t\t<\/div>\n\t\t","protected":false},"excerpt":{"rendered":"<p>Kontakt Kontakt Wir stehen Ihnen gerne zur Verf\u00fcgung, um all Ihre Fragen zu unseren Angeboten, L\u00f6sungen und Dienstleistungen zu beantworten. Um Ihnen eine pr\u00e4zise und ma\u00dfgeschneiderte Antwort geben zu k\u00f6nnen, bitten wir Sie, Ihre spezifischen Anforderungen anzugeben: Angebot, Projekt, Dienstleistungen, Kontaktanfrage oder Sonstiges.. Group 5 Vertriebs- und Servicerepr\u00e4sentant von Boccard | B\u00fcro DeutschlandSiegfried HAUSER Tel.: [&hellip;]<\/p>\n","protected":false},"author":14,"featured_media":0,"parent":0,"menu_order":0,"comment_status":"closed","ping_status":"closed","template":"","meta":{"footnotes":""},"class_list":["post-63295","page","type-page","status-publish","hentry"],"yoast_head":"<!-- This site is optimized with the Yoast SEO plugin v27.3 - https:\/\/yoast.com\/product\/yoast-seo-wordpress\/ -->\n<title>Kontakt-Formular - Boccard<\/title>\n<meta name=\"robots\" content=\"index, follow, max-snippet:-1, max-image-preview:large, max-video-preview:-1\" \/>\n<link rel=\"canonical\" href=\"https:\/\/www.boccard.com\/de\/kontakt-formular\/\" \/>\n<meta property=\"og:locale\" content=\"de_DE\" \/>\n<meta property=\"og:type\" content=\"article\" \/>\n<meta property=\"og:title\" content=\"Kontakt-Formular - Boccard\" \/>\n<meta property=\"og:description\" content=\"Kontakt Kontakt Wir stehen Ihnen gerne zur Verf\u00fcgung, um all Ihre Fragen zu unseren Angeboten, L\u00f6sungen und Dienstleistungen zu beantworten. Um Ihnen eine pr\u00e4zise und ma\u00dfgeschneiderte Antwort geben zu k\u00f6nnen, bitten wir Sie, Ihre spezifischen Anforderungen anzugeben: Angebot, Projekt, Dienstleistungen, Kontaktanfrage oder Sonstiges.. Group 5 Vertriebs- und Servicerepr\u00e4sentant von Boccard | B\u00fcro DeutschlandSiegfried HAUSER Tel.: [&hellip;]\" \/>\n<meta property=\"og:url\" content=\"https:\/\/www.boccard.com\/de\/kontakt-formular\/\" \/>\n<meta property=\"og:site_name\" content=\"Boccard\" \/>\n<meta property=\"article:modified_time\" content=\"2024-11-22T13:19:07+00:00\" \/>\n<meta property=\"og:image\" content=\"https:\/\/www.boccard.com\/wp-content\/uploads\/2023\/08\/Logo_Alstom-1.jpg\" \/>\n<meta name=\"twitter:card\" content=\"summary_large_image\" \/>\n<meta name=\"twitter:label1\" content=\"Gesch\u00e4tzte Lesezeit\" \/>\n\t<meta name=\"twitter:data1\" content=\"5\u00a0Minuten\" \/>\n<script type=\"application\/ld+json\" class=\"yoast-schema-graph\">{\"@context\":\"https:\\\/\\\/schema.org\",\"@graph\":[{\"@type\":\"WebPage\",\"@id\":\"https:\\\/\\\/www.boccard.com\\\/de\\\/kontakt-formular\\\/\",\"url\":\"https:\\\/\\\/www.boccard.com\\\/de\\\/kontakt-formular\\\/\",\"name\":\"Kontakt-Formular - Boccard\",\"isPartOf\":{\"@id\":\"https:\\\/\\\/www.boccard.com\\\/de\\\/#website\"},\"primaryImageOfPage\":{\"@id\":\"https:\\\/\\\/www.boccard.com\\\/de\\\/kontakt-formular\\\/#primaryimage\"},\"image\":{\"@id\":\"https:\\\/\\\/www.boccard.com\\\/de\\\/kontakt-formular\\\/#primaryimage\"},\"thumbnailUrl\":\"https:\\\/\\\/www.boccard.com\\\/wp-content\\\/uploads\\\/2023\\\/08\\\/Logo_Alstom-1.jpg\",\"datePublished\":\"2023-08-22T13:33:11+00:00\",\"dateModified\":\"2024-11-22T13:19:07+00:00\",\"breadcrumb\":{\"@id\":\"https:\\\/\\\/www.boccard.com\\\/de\\\/kontakt-formular\\\/#breadcrumb\"},\"inLanguage\":\"de\",\"potentialAction\":[{\"@type\":\"ReadAction\",\"target\":[\"https:\\\/\\\/www.boccard.com\\\/de\\\/kontakt-formular\\\/\"]}]},{\"@type\":\"ImageObject\",\"inLanguage\":\"de\",\"@id\":\"https:\\\/\\\/www.boccard.com\\\/de\\\/kontakt-formular\\\/#primaryimage\",\"url\":\"https:\\\/\\\/www.boccard.com\\\/wp-content\\\/uploads\\\/2023\\\/08\\\/Logo_Alstom-1.jpg\",\"contentUrl\":\"https:\\\/\\\/www.boccard.com\\\/wp-content\\\/uploads\\\/2023\\\/08\\\/Logo_Alstom-1.jpg\"},{\"@type\":\"BreadcrumbList\",\"@id\":\"https:\\\/\\\/www.boccard.com\\\/de\\\/kontakt-formular\\\/#breadcrumb\",\"itemListElement\":[{\"@type\":\"ListItem\",\"position\":1,\"name\":\"Accueil\",\"item\":\"https:\\\/\\\/www.boccard.com\\\/de\\\/\"},{\"@type\":\"ListItem\",\"position\":2,\"name\":\"Kontakt-Formular\"}]},{\"@type\":\"WebSite\",\"@id\":\"https:\\\/\\\/www.boccard.com\\\/de\\\/#website\",\"url\":\"https:\\\/\\\/www.boccard.com\\\/de\\\/\",\"name\":\"Boccard\",\"description\":\"\",\"publisher\":{\"@id\":\"https:\\\/\\\/www.boccard.com\\\/de\\\/#organization\"},\"potentialAction\":[{\"@type\":\"SearchAction\",\"target\":{\"@type\":\"EntryPoint\",\"urlTemplate\":\"https:\\\/\\\/www.boccard.com\\\/de\\\/?s={search_term_string}\"},\"query-input\":{\"@type\":\"PropertyValueSpecification\",\"valueRequired\":true,\"valueName\":\"search_term_string\"}}],\"inLanguage\":\"de\"},{\"@type\":\"Organization\",\"@id\":\"https:\\\/\\\/www.boccard.com\\\/de\\\/#organization\",\"name\":\"Boccard\",\"url\":\"https:\\\/\\\/www.boccard.com\\\/de\\\/\",\"logo\":{\"@type\":\"ImageObject\",\"inLanguage\":\"de\",\"@id\":\"https:\\\/\\\/www.boccard.com\\\/de\\\/#\\\/schema\\\/logo\\\/image\\\/\",\"url\":\"https:\\\/\\\/www.boccard.com\\\/wp-content\\\/uploads\\\/2023\\\/08\\\/LOGO-BOCCARD-BLEU-SUR-FOND-TRANSPARENT.png\",\"contentUrl\":\"https:\\\/\\\/www.boccard.com\\\/wp-content\\\/uploads\\\/2023\\\/08\\\/LOGO-BOCCARD-BLEU-SUR-FOND-TRANSPARENT.png\",\"width\":1423,\"height\":333,\"caption\":\"Boccard\"},\"image\":{\"@id\":\"https:\\\/\\\/www.boccard.com\\\/de\\\/#\\\/schema\\\/logo\\\/image\\\/\"},\"sameAs\":[\"https:\\\/\\\/www.linkedin.com\\\/company\\\/boccard\"]}]}<\/script>\n<!-- \/ Yoast SEO plugin. -->","yoast_head_json":{"title":"Kontakt-Formular - Boccard","robots":{"index":"index","follow":"follow","max-snippet":"max-snippet:-1","max-image-preview":"max-image-preview:large","max-video-preview":"max-video-preview:-1"},"canonical":"https:\/\/www.boccard.com\/de\/kontakt-formular\/","og_locale":"de_DE","og_type":"article","og_title":"Kontakt-Formular - Boccard","og_description":"Kontakt Kontakt Wir stehen Ihnen gerne zur Verf\u00fcgung, um all Ihre Fragen zu unseren Angeboten, L\u00f6sungen und Dienstleistungen zu beantworten. Um Ihnen eine pr\u00e4zise und ma\u00dfgeschneiderte Antwort geben zu k\u00f6nnen, bitten wir Sie, Ihre spezifischen Anforderungen anzugeben: Angebot, Projekt, Dienstleistungen, Kontaktanfrage oder Sonstiges.. Group 5 Vertriebs- und Servicerepr\u00e4sentant von Boccard | B\u00fcro DeutschlandSiegfried HAUSER Tel.: [&hellip;]","og_url":"https:\/\/www.boccard.com\/de\/kontakt-formular\/","og_site_name":"Boccard","article_modified_time":"2024-11-22T13:19:07+00:00","og_image":[{"url":"https:\/\/www.boccard.com\/wp-content\/uploads\/2023\/08\/Logo_Alstom-1.jpg","type":"","width":"","height":""}],"twitter_card":"summary_large_image","twitter_misc":{"Gesch\u00e4tzte Lesezeit":"5\u00a0Minuten"},"schema":{"@context":"https:\/\/schema.org","@graph":[{"@type":"WebPage","@id":"https:\/\/www.boccard.com\/de\/kontakt-formular\/","url":"https:\/\/www.boccard.com\/de\/kontakt-formular\/","name":"Kontakt-Formular - Boccard","isPartOf":{"@id":"https:\/\/www.boccard.com\/de\/#website"},"primaryImageOfPage":{"@id":"https:\/\/www.boccard.com\/de\/kontakt-formular\/#primaryimage"},"image":{"@id":"https:\/\/www.boccard.com\/de\/kontakt-formular\/#primaryimage"},"thumbnailUrl":"https:\/\/www.boccard.com\/wp-content\/uploads\/2023\/08\/Logo_Alstom-1.jpg","datePublished":"2023-08-22T13:33:11+00:00","dateModified":"2024-11-22T13:19:07+00:00","breadcrumb":{"@id":"https:\/\/www.boccard.com\/de\/kontakt-formular\/#breadcrumb"},"inLanguage":"de","potentialAction":[{"@type":"ReadAction","target":["https:\/\/www.boccard.com\/de\/kontakt-formular\/"]}]},{"@type":"ImageObject","inLanguage":"de","@id":"https:\/\/www.boccard.com\/de\/kontakt-formular\/#primaryimage","url":"https:\/\/www.boccard.com\/wp-content\/uploads\/2023\/08\/Logo_Alstom-1.jpg","contentUrl":"https:\/\/www.boccard.com\/wp-content\/uploads\/2023\/08\/Logo_Alstom-1.jpg"},{"@type":"BreadcrumbList","@id":"https:\/\/www.boccard.com\/de\/kontakt-formular\/#breadcrumb","itemListElement":[{"@type":"ListItem","position":1,"name":"Accueil","item":"https:\/\/www.boccard.com\/de\/"},{"@type":"ListItem","position":2,"name":"Kontakt-Formular"}]},{"@type":"WebSite","@id":"https:\/\/www.boccard.com\/de\/#website","url":"https:\/\/www.boccard.com\/de\/","name":"Boccard","description":"","publisher":{"@id":"https:\/\/www.boccard.com\/de\/#organization"},"potentialAction":[{"@type":"SearchAction","target":{"@type":"EntryPoint","urlTemplate":"https:\/\/www.boccard.com\/de\/?s={search_term_string}"},"query-input":{"@type":"PropertyValueSpecification","valueRequired":true,"valueName":"search_term_string"}}],"inLanguage":"de"},{"@type":"Organization","@id":"https:\/\/www.boccard.com\/de\/#organization","name":"Boccard","url":"https:\/\/www.boccard.com\/de\/","logo":{"@type":"ImageObject","inLanguage":"de","@id":"https:\/\/www.boccard.com\/de\/#\/schema\/logo\/image\/","url":"https:\/\/www.boccard.com\/wp-content\/uploads\/2023\/08\/LOGO-BOCCARD-BLEU-SUR-FOND-TRANSPARENT.png","contentUrl":"https:\/\/www.boccard.com\/wp-content\/uploads\/2023\/08\/LOGO-BOCCARD-BLEU-SUR-FOND-TRANSPARENT.png","width":1423,"height":333,"caption":"Boccard"},"image":{"@id":"https:\/\/www.boccard.com\/de\/#\/schema\/logo\/image\/"},"sameAs":["https:\/\/www.linkedin.com\/company\/boccard"]}]}},"_links":{"self":[{"href":"https:\/\/www.boccard.com\/de\/wp-json\/wp\/v2\/pages\/63295","targetHints":{"allow":["GET"]}}],"collection":[{"href":"https:\/\/www.boccard.com\/de\/wp-json\/wp\/v2\/pages"}],"about":[{"href":"https:\/\/www.boccard.com\/de\/wp-json\/wp\/v2\/types\/page"}],"author":[{"embeddable":true,"href":"https:\/\/www.boccard.com\/de\/wp-json\/wp\/v2\/users\/14"}],"replies":[{"embeddable":true,"href":"https:\/\/www.boccard.com\/de\/wp-json\/wp\/v2\/comments?post=63295"}],"version-history":[{"count":36,"href":"https:\/\/www.boccard.com\/de\/wp-json\/wp\/v2\/pages\/63295\/revisions"}],"predecessor-version":[{"id":72590,"href":"https:\/\/www.boccard.com\/de\/wp-json\/wp\/v2\/pages\/63295\/revisions\/72590"}],"wp:attachment":[{"href":"https:\/\/www.boccard.com\/de\/wp-json\/wp\/v2\/media?parent=63295"}],"curies":[{"name":"wp","href":"https:\/\/api.w.org\/{rel}","templated":true}]}}